{"id":132353,"date":"2023-02-20T12:12:42","date_gmt":"2023-02-20T11:12:42","guid":{"rendered":"https:\/\/pradorey.es\/tienda-online\/vino-tinto\/"},"modified":"2023-02-20T12:13:44","modified_gmt":"2023-02-20T11:13:44","slug":"vino-tinto","status":"publish","type":"page","link":"https:\/\/pradorey.es\/de\/tienda-online\/vino-tinto\/","title":{"rendered":"vino-tinto"},"content":{"rendered":"\t\t<div data-elementor-type=\"wp-page\" data-elementor-id=\"132353\" class=\"elementor elementor-132353 elementor-58692\" data-elementor-post-type=\"page\">\n\t\t\t\t\t\t<section class=\"elementor-section elementor-top-section elementor-element elementor-element-bdfb5fe elementor-section-height-min-height elementor-section-boxed elementor-section-height-default elementor-section-items-middle\" data-id=\"bdfb5fe\" data-element_type=\"section\" data-e-type=\"section\" data-settings=\"{&quot;background_background&quot;:&quot;classic&quot;,&quot;background_motion_fx_motion_fx_scrolling&quot;:&quot;yes&quot;,&quot;background_motion_fx_devices&quot;:[&quot;desktop&quot;]}\">\n\t\t\t\t\t\t\t<div class=\"elementor-background-overlay\"><\/div>\n\t\t\t\t\t\t\t<div class=\"elementor-container elementor-column-gap-default\">\n\t\t\t\t\t<div class=\"elementor-column elementor-col-50 elementor-top-column elementor-element elementor-element-13e8b83 animated-slow elementor-invisible\" data-id=\"13e8b83\" data-element_type=\"column\" data-e-type=\"column\" data-settings=\"{&quot;animation&quot;:&quot;fadeIn&quot;}\">\n\t\t\t<div class=\"elementor-widget-wrap elementor-element-populated\">\n\t\t\t\t\t\t<div class=\"elementor-element elementor-element-f4172cb elementor-widget elementor-widget-heading\" data-id=\"f4172cb\" data-element_type=\"widget\" data-e-type=\"widget\" data-widget_type=\"heading.default\">\n\t\t\t\t<div class=\"elementor-widget-container\">\n\t\t\t\t\t<h1 class=\"elementor-heading-title elementor-size-large\">Vino Tinto Ribera del Duero<\/h1>\t\t\t\t<\/div>\n\t\t\t\t<\/div>\n\t\t\t\t<div class=\"elementor-element elementor-element-4357954 elementor-widget elementor-widget-spacer\" data-id=\"4357954\" data-element_type=\"widget\" data-e-type=\"widget\" data-widget_type=\"spacer.default\">\n\t\t\t\t<div class=\"elementor-widget-container\">\n\t\t\t\t\t\t\t<div class=\"elementor-spacer\">\n\t\t\t<div class=\"elementor-spacer-inner\"><\/div>\n\t\t<\/div>\n\t\t\t\t\t\t<\/div>\n\t\t\t\t<\/div>\n\t\t\t\t\t<\/div>\n\t\t<\/div>\n\t\t\t\t<div class=\"elementor-column elementor-col-50 elementor-top-column elementor-element elementor-element-16d0643\" data-id=\"16d0643\" data-element_type=\"column\" data-e-type=\"column\">\n\t\t\t<div class=\"elementor-widget-wrap\">\n\t\t\t\t\t\t\t<\/div>\n\t\t<\/div>\n\t\t\t\t\t<\/div>\n\t\t<\/section>\n\t\t\t\t<section class=\"elementor-section elementor-top-section elementor-element elementor-element-2b10e4a elementor-section-boxed elementor-section-height-default elementor-section-height-default\" data-id=\"2b10e4a\" data-element_type=\"section\" data-e-type=\"section\">\n\t\t\t\t\t\t<div class=\"elementor-container elementor-column-gap-default\">\n\t\t\t\t\t<div class=\"elementor-column elementor-col-100 elementor-top-column elementor-element elementor-element-4240a1f\" data-id=\"4240a1f\" data-element_type=\"column\" data-e-type=\"column\">\n\t\t\t<div class=\"elementor-widget-wrap elementor-element-populated\">\n\t\t\t\t\t\t<div class=\"elementor-element elementor-element-1008fef elementor-widget elementor-widget-text-editor\" data-id=\"1008fef\" data-element_type=\"widget\" data-e-type=\"widget\" data-widget_type=\"text-editor.default\">\n\t\t\t\t<div class=\"elementor-widget-container\">\n\t\t\t\t\t\t\t\t\t<p>Elaboramos todos los vinos tintos exclusivamente con nuestra uva de Ribera de Duero, creados desde lo natural, diferenciando y trabajando cada vi\u00f1edo por parcelas para lograr unos caldos llenos de personalidad. En Ribera del Duero elaboramos todos nuestros vinos tintos con la intenci\u00f3n de lograr la satisfacci\u00f3n de nuestros clientes.<\/p>\n\t\t\t\t\t\t\t\t<\/div>\n\t\t\t\t<\/div>\n\t\t\t\t\t<\/div>\n\t\t<\/div>\n\t\t\t\t\t<\/div>\n\t\t<\/section>\n\t\t<div class=\"elementor-element elementor-element-c7d1f8a e-flex e-con-boxed e-con e-parent\" data-id=\"c7d1f8a\" data-element_type=\"container\" data-e-type=\"container\">\n\t\t\t\t\t<div class=\"e-con-inner\">\n\t\t\t\t<div class=\"elementor-element elementor-element-784c4fc premium-woo-product-align-center premium-qv-hidden-yes elementor-widget elementor-widget-premium-woo-products\" data-id=\"784c4fc\" data-element_type=\"widget\" data-e-type=\"widget\" data-widget_type=\"premium-woo-products.grid-1\">\n\t\t\t\t<div class=\"elementor-widget-container\">\n\t\t\t\t\t<div class=\"premium-woocommerce premium-woo-products-grid premium-woo-skin-grid-1 premium-woo-query-custom\" data-page-id=\"132353\" data-skin=\"grid_1\" data-quick-view=\"\"><div class=\"premium-woo-products-inner premium-woo-product__hover-zoomin\"><ul class=\"products columns-4\">\n\r\n<li class=\" post-67253 product first instock taxable shipping-taxable purchasable product-type-simple\">\r\n\t<div class=\"premium-woo-product-wrapper premium-con-lq__none\">\r\n\t\t<div class=\"premium-woo-product-thumbnail\"><a href=\"https:\/\/pradorey.es\/de\/pradorey-wein\/el-buen-alfarero\/\" class=\"woocommerce-LoopProduct-link woocommerce-loop-product__link\"><img decoding=\"async\" src=\"https:\/\/pradorey.es\/wp-content\/uploads\/2019\/04\/Pradorey-El-Buen-Alfarero.png\" alt=\"\"><\/a><\/div><div class=\"premium-woo-products-details-wrap\"><a href=\"https:\/\/pradorey.es\/de\/pradorey-wein\/el-buen-alfarero\/\" class=\"premium-woo-product__link\"><h2 class=\"woocommerce-loop-product__title\">El Buen Alfarero<\/h2><\/a><div class=\"premium-woo-product-desc\">Traditionell in Tonkr\u00fcgen ausgebaut<\/div>\n\t<span class=\"price\"><span class=\"woocommerce-Price-amount amount\"><bdi>150,00&nbsp;<span class=\"woocommerce-Price-currencySymbol\">&euro;<\/span><\/bdi><\/span><\/span>\n<div class=\"premium-woo-atc-button\" data-variations=&quot;true&quot;><a href=\"\/de\/wp-json\/wp\/v2\/pages\/132353?add-to-cart=67253\" aria-describedby=\"woocommerce_loop_add_to_cart_link_describedby_67253\" data-quantity=\"1\" class=\"button product_type_simple add_to_cart_button ajax_add_to_cart\" data-product_id=\"67253\" data-product_sku=\"EBA\" aria-label=\"In den Warenkorb legen: \u201eEl Buen Alfarero\u201c\" rel=\"nofollow\" data-success_message=\"\u201eEl Buen Alfarero\u201c wurde deinem Warenkorb hinzugef\u00fcgt\">In den Warenkorb<\/a>\t<span id=\"woocommerce_loop_add_to_cart_link_describedby_67253\" class=\"screen-reader-text\">\n\t\t\t<\/span>\n<\/div><\/div>\t<\/div>\r\n<\/li>\r\n\r\n<li class=\" post-67324 product  instock taxable shipping-taxable purchasable product-type-simple\">\r\n\t<div class=\"premium-woo-product-wrapper premium-con-lq__none\">\r\n\t\t<div class=\"premium-woo-product-thumbnail\"><a href=\"https:\/\/pradorey.es\/de\/pradorey-wein\/pradorey-finca-real-sitio-de-ventosilla\/\" class=\"woocommerce-LoopProduct-link woocommerce-loop-product__link\"><img decoding=\"async\" src=\"https:\/\/pradorey.es\/wp-content\/uploads\/2016\/11\/Pradorey-Gran-Reserva-02-scaled.webp\" alt=\"\"><\/a><\/div><div class=\"premium-woo-products-details-wrap\"><a href=\"https:\/\/pradorey.es\/de\/pradorey-wein\/pradorey-finca-real-sitio-de-ventosilla\/\" class=\"premium-woo-product__link\"><h2 class=\"woocommerce-loop-product__title\">PRADOREY Finca Real Sitio de Ventosilla<\/h2><\/a><div class=\"premium-woo-product-desc\"><div class=\"flex max-w-full flex-col flex-grow\">\r\n<div class=\"min-h-8 text-message flex w-full flex-col items-end gap-2 whitespace-normal break-words text-start [.text-message+&amp;]:mt-5\" dir=\"auto\" data-message-author-role=\"assistant\" data-message-id=\"d5e422d3-dfb1-45a1-b088-e9849821a37e\" data-message-model-slug=\"gpt-4o-mini\">\r\n<div class=\"flex w-full flex-col gap-1 empty:hidden first:pt-[3px]\">\r\n<div class=\"markdown prose w-full break-words dark:prose-invert light\">\r\n<p data-start=\"0\" data-end=\"61\" data-is-last-node=\"\"><strong data-start=\"0\" data-end=\"16\">Gran Reserva<\/strong>\u00a0hergestellt in au\u00dfergew\u00f6hnlichen Jahrg\u00e4ngen<\/p>\r\n\r\n<\/div>\r\n<\/div>\r\n<\/div>\r\n<\/div><\/div>\n\t<span class=\"price\"><span class=\"woocommerce-Price-amount amount\"><bdi>65,00&nbsp;<span class=\"woocommerce-Price-currencySymbol\">&euro;<\/span><\/bdi><\/span><\/span>\n<div class=\"premium-woo-atc-button\" data-variations=&quot;true&quot;><a href=\"\/de\/wp-json\/wp\/v2\/pages\/132353?add-to-cart=67324\" aria-describedby=\"woocommerce_loop_add_to_cart_link_describedby_67324\" data-quantity=\"1\" class=\"button product_type_simple add_to_cart_button ajax_add_to_cart\" data-product_id=\"67324\" data-product_sku=\"PGR\" aria-label=\"In den Warenkorb legen: \u201ePRADOREY Finca Real Sitio de Ventosilla\u201c\" rel=\"nofollow\" data-success_message=\"\u201ePRADOREY Finca Real Sitio de Ventosilla\u201c wurde deinem Warenkorb hinzugef\u00fcgt\">In den Warenkorb<\/a>\t<span id=\"woocommerce_loop_add_to_cart_link_describedby_67324\" class=\"screen-reader-text\">\n\t\t\t<\/span>\n<\/div><\/div>\t<\/div>\r\n<\/li>\r\n\r\n<li class=\" post-67319 product  instock taxable shipping-taxable purchasable product-type-simple\">\r\n\t<div class=\"premium-woo-product-wrapper premium-con-lq__none\">\r\n\t\t<div class=\"premium-woo-product-thumbnail\"><a href=\"https:\/\/pradorey.es\/de\/pradorey-wein\/pradorey-elite\/\" class=\"woocommerce-LoopProduct-link woocommerce-loop-product__link\"><img decoding=\"async\" src=\"https:\/\/pradorey.es\/wp-content\/uploads\/2019\/04\/Pradorey-Elite.png\" alt=\"Pradorey-Elite\"><\/a><\/div><div class=\"premium-woo-products-details-wrap\"><a href=\"https:\/\/pradorey.es\/de\/pradorey-wein\/pradorey-elite\/\" class=\"premium-woo-product__link\"><h2 class=\"woocommerce-loop-product__title\">PRADOREY \u00c9lite<\/h2><\/a><div class=\"premium-woo-product-desc\"><div class=\"flex max-w-full flex-col flex-grow\"><div class=\"min-h-8 text-message flex w-full flex-col items-end gap-2 whitespace-normal break-words text-start [.text-message+&amp;]:mt-5\" dir=\"auto\" data-message-author-role=\"assistant\" data-message-id=\"a104bbc1-f3d4-45df-91d9-23dd24ded3e9\" data-message-model-slug=\"gpt-4o-mini\"><div class=\"flex w-full flex-col gap-1 empty:hidden first:pt-[3px]\"><div class=\"markdown prose w-full break-words dark:prose-invert light\"><p data-start=\"0\" data-end=\"29\" data-is-last-node=\"\">H\u00f6chste Ausdruck des Terroirs<\/p><\/div><\/div><\/div><\/div><\/div>\n\t<span class=\"price\"><span class=\"woocommerce-Price-amount amount\"><bdi>45,00&nbsp;<span class=\"woocommerce-Price-currencySymbol\">&euro;<\/span><\/bdi><\/span><\/span>\n<div class=\"premium-woo-atc-button\" data-variations=&quot;true&quot;><a href=\"\/de\/wp-json\/wp\/v2\/pages\/132353?add-to-cart=67319\" aria-describedby=\"woocommerce_loop_add_to_cart_link_describedby_67319\" data-quantity=\"1\" class=\"button product_type_simple add_to_cart_button ajax_add_to_cart\" data-product_id=\"67319\" data-product_sku=\"PEL\" aria-label=\"In den Warenkorb legen: \u201ePRADOREY \u00c9lite\u201c\" rel=\"nofollow\" data-success_message=\"\u201ePRADOREY \u00c9lite\u201c wurde deinem Warenkorb hinzugef\u00fcgt\">In den Warenkorb<\/a>\t<span id=\"woocommerce_loop_add_to_cart_link_describedby_67319\" class=\"screen-reader-text\">\n\t\t\t<\/span>\n<\/div><\/div>\t<\/div>\r\n<\/li>\r\n\r\n<li class=\" post-67326 product last instock taxable shipping-taxable purchasable product-type-simple\">\r\n\t<div class=\"premium-woo-product-wrapper premium-con-lq__none\">\r\n\t\t<div class=\"premium-woo-product-thumbnail\"><a href=\"https:\/\/pradorey.es\/de\/pradorey-wein\/pradorey-finca-la-mina\/\" class=\"woocommerce-LoopProduct-link woocommerce-loop-product__link\"><img decoding=\"async\" src=\"https:\/\/pradorey.es\/wp-content\/uploads\/2025\/11\/Finca-La-Recorba-1-scaled.webp\" alt=\"\"><\/a><\/div><div class=\"premium-woo-products-details-wrap\"><a href=\"https:\/\/pradorey.es\/de\/pradorey-wein\/pradorey-finca-la-mina\/\" class=\"premium-woo-product__link\"><h2 class=\"woocommerce-loop-product__title\">PRADOREY Finca la Mina<\/h2><\/a><div class=\"premium-woo-product-desc\">Einer der gro\u00dfen Reserva-Weine aus Ribera del Duero.<\/div>\n\t<span class=\"price\"><span class=\"woocommerce-Price-amount amount\"><bdi>25,00&nbsp;<span class=\"woocommerce-Price-currencySymbol\">&euro;<\/span><\/bdi><\/span><\/span>\n<div class=\"premium-woo-atc-button\" ><a href=\"\/de\/wp-json\/wp\/v2\/pages\/132353?add-to-cart=67326\" aria-describedby=\"woocommerce_loop_add_to_cart_link_describedby_67326\" data-quantity=\"1\" class=\"button product_type_simple add_to_cart_button ajax_add_to_cart\" data-product_id=\"67326\" data-product_sku=\"PRV\" aria-label=\"In den Warenkorb legen: \u201ePRADOREY Finca la Mina\u201c\" rel=\"nofollow\" data-success_message=\"\u201ePRADOREY Finca la Mina\u201c wurde deinem Warenkorb hinzugef\u00fcgt\">In den Warenkorb<\/a>\t<span id=\"woocommerce_loop_add_to_cart_link_describedby_67326\" class=\"screen-reader-text\">\n\t\t\t<\/span>\n<\/div><\/div>\t<\/div>\r\n<\/li>\r\n\r\n<li class=\" post-67292 product first instock taxable shipping-taxable purchasable product-type-simple\">\r\n\t<div class=\"premium-woo-product-wrapper premium-con-lq__none\">\r\n\t\t<div class=\"premium-woo-product-thumbnail\"><a href=\"https:\/\/pradorey.es\/de\/pradorey-wein\/adaro\/\" class=\"woocommerce-LoopProduct-link woocommerce-loop-product__link\"><img decoding=\"async\" src=\"https:\/\/pradorey.es\/wp-content\/uploads\/2019\/04\/Pradorey-Adaro.png\" alt=\"Pradorey-Adaro\"><\/a><\/div><div class=\"premium-woo-products-details-wrap\"><a href=\"https:\/\/pradorey.es\/de\/pradorey-wein\/adaro\/\" class=\"premium-woo-product__link\"><h2 class=\"woocommerce-loop-product__title\">Adaro<\/h2><\/a><div class=\"premium-woo-product-desc\"><div class=\"flex max-w-full flex-col flex-grow\">\r\n<div class=\"min-h-8 text-message flex w-full flex-col items-end gap-2 whitespace-normal break-words text-start [.text-message+&amp;]:mt-5\" dir=\"auto\" data-message-author-role=\"assistant\" data-message-id=\"934b1446-37de-44ce-b66f-801892f1c839\" data-message-model-slug=\"gpt-4o-mini\">\r\n<div class=\"flex w-full flex-col gap-1 empty:hidden first:pt-[3px]\">\r\n<div class=\"markdown prose w-full break-words dark:prose-invert light\">\r\n<p data-start=\"0\" data-end=\"30\" data-is-last-node=\"\">Wein zu Ehren des Gr\u00fcnders<\/p>\r\n\r\n<\/div>\r\n<\/div>\r\n<\/div>\r\n<\/div><\/div>\n\t<span class=\"price\"><span class=\"woocommerce-Price-amount amount\"><bdi>25,00&nbsp;<span class=\"woocommerce-Price-currencySymbol\">&euro;<\/span><\/bdi><\/span><\/span>\n<div class=\"premium-woo-atc-button\" ><a href=\"\/de\/wp-json\/wp\/v2\/pages\/132353?add-to-cart=67292\" aria-describedby=\"woocommerce_loop_add_to_cart_link_describedby_67292\" data-quantity=\"1\" class=\"button product_type_simple add_to_cart_button ajax_add_to_cart\" data-product_id=\"67292\" data-product_sku=\"PAD\" aria-label=\"In den Warenkorb legen: \u201eAdaro\u201c\" rel=\"nofollow\" data-success_message=\"\u201eAdaro\u201c wurde deinem Warenkorb hinzugef\u00fcgt\">In den Warenkorb<\/a>\t<span id=\"woocommerce_loop_add_to_cart_link_describedby_67292\" class=\"screen-reader-text\">\n\t\t\t<\/span>\n<\/div><\/div>\t<\/div>\r\n<\/li>\r\n\r\n<li class=\" post-67331 product  instock taxable shipping-taxable purchasable product-type-simple\">\r\n\t<div class=\"premium-woo-product-wrapper premium-con-lq__none\">\r\n\t\t<div class=\"premium-woo-product-thumbnail\"><a href=\"https:\/\/pradorey.es\/de\/pradorey-wein\/pradorey-finca-valdelayegua-crianza\/\" class=\"woocommerce-LoopProduct-link woocommerce-loop-product__link\"><img decoding=\"async\" src=\"https:\/\/pradorey.es\/wp-content\/uploads\/2016\/11\/botella_Valdelayegua.webp\" alt=\"\"><\/a><\/div><div class=\"premium-woo-products-details-wrap\"><a href=\"https:\/\/pradorey.es\/de\/pradorey-wein\/pradorey-finca-valdelayegua-crianza\/\" class=\"premium-woo-product__link\"><h2 class=\"woocommerce-loop-product__title\">PRADOREY Finca Valdelayegua<\/h2><\/a><div class=\"premium-woo-product-desc\">Traditioneller Rotwein der Kategorie Crianza der Region<\/div>\n\t<span class=\"price\"><span class=\"woocommerce-Price-amount amount\"><bdi>15,00&nbsp;<span class=\"woocommerce-Price-currencySymbol\">&euro;<\/span><\/bdi><\/span><\/span>\n<div class=\"premium-woo-atc-button\" ><a href=\"\/de\/wp-json\/wp\/v2\/pages\/132353?add-to-cart=67331\" aria-describedby=\"woocommerce_loop_add_to_cart_link_describedby_67331\" data-quantity=\"1\" class=\"button product_type_simple add_to_cart_button ajax_add_to_cart\" data-product_id=\"67331\" data-product_sku=\"PCZ\" aria-label=\"In den Warenkorb legen: \u201ePRADOREY Finca Valdelayegua\u201c\" rel=\"nofollow\" data-success_message=\"\u201ePRADOREY Finca Valdelayegua\u201c wurde deinem Warenkorb hinzugef\u00fcgt\">In den Warenkorb<\/a>\t<span id=\"woocommerce_loop_add_to_cart_link_describedby_67331\" class=\"screen-reader-text\">\n\t\t\t<\/span>\n<\/div><\/div>\t<\/div>\r\n<\/li>\r\n\r\n<li class=\" post-67245 product  outofstock taxable shipping-taxable purchasable product-type-simple\">\r\n\t<div class=\"premium-woo-product-wrapper premium-con-lq__none\">\r\n\t\t<div class=\"premium-woo-product-thumbnail\"><span class=\"pa-out-of-stock\"> <\/span><a href=\"https:\/\/pradorey.es\/de\/pradorey-wein\/sr-nino\/\" class=\"woocommerce-LoopProduct-link woocommerce-loop-product__link\"><img decoding=\"async\" src=\"https:\/\/pradorey.es\/wp-content\/uploads\/2019\/04\/Pradorey-Sr-Ni\u00f1o.png\" alt=\"Pradorey-Sr-Ni\u00f1o\"><\/a><\/div><div class=\"premium-woo-products-details-wrap\"><a href=\"https:\/\/pradorey.es\/de\/pradorey-wein\/sr-nino\/\" class=\"premium-woo-product__link\"><h2 class=\"woocommerce-loop-product__title\">Sr. Ni\u00f1o<\/h2><\/a><div class=\"premium-woo-product-desc\">Bio-Wein<\/div>\n\t<span class=\"price\"><span class=\"woocommerce-Price-amount amount\"><bdi>9,75&nbsp;<span class=\"woocommerce-Price-currencySymbol\">&euro;<\/span><\/bdi><\/span><\/span>\n<div class=\"premium-woo-atc-button\" ><a href=\"https:\/\/pradorey.es\/de\/pradorey-wein\/sr-nino\/\" aria-describedby=\"woocommerce_loop_add_to_cart_link_describedby_67245\" data-quantity=\"1\" class=\"button product_type_simple\" data-product_id=\"67245\" data-product_sku=\"SRN\" aria-label=\"Lese mehr \u00fcber &#8222;Sr. Ni\u00f1o&#8220;\" rel=\"nofollow\" data-success_message=\"\">Weiterlesen<\/a>\t<span id=\"woocommerce_loop_add_to_cart_link_describedby_67245\" class=\"screen-reader-text\">\n\t\t\t<\/span>\n<\/div><\/div>\t<\/div>\r\n<\/li>\r\n<\/ul>\n<\/div><\/div>\t\t\t\t<\/div>\n\t\t\t\t<\/div>\n\t\t\t\t\t<\/div>\n\t\t\t\t<\/div>\n\t\t\t\t<section class=\"elementor-section elementor-top-section elementor-element elementor-element-2c00bac elementor-section-boxed elementor-section-height-default elementor-section-height-default\" data-id=\"2c00bac\" data-element_type=\"section\" data-e-type=\"section\">\n\t\t\t\t\t\t<div class=\"elementor-container elementor-column-gap-default\">\n\t\t\t\t\t<div class=\"elementor-column elementor-col-100 elementor-top-column elementor-element elementor-element-6cfeab8\" data-id=\"6cfeab8\" data-element_type=\"column\" data-e-type=\"column\">\n\t\t\t<div class=\"elementor-widget-wrap elementor-element-populated\">\n\t\t\t\t\t\t<div class=\"elementor-element elementor-element-7e208e3 elementor-widget elementor-widget-text-editor\" data-id=\"7e208e3\" data-element_type=\"widget\" data-e-type=\"widget\" data-widget_type=\"text-editor.default\">\n\t\t\t\t<div class=\"elementor-widget-container\">\n\t\t\t\t\t\t\t\t\t<p>Si los tintos no est\u00e1n hechos para ti, no te pierdas nuestra selecci\u00f3n de <strong><a href=\"https:\/\/pradorey.es\/tienda-online\/vino-rosado\/\">vinos rosados<\/a><\/strong> ni la de <a href=\"https:\/\/pradorey.es\/tienda-online\/vino-blanco\/\"><strong>vinos blancos<\/strong><\/a>.<\/p>\n\t\t\t\t\t\t\t\t<\/div>\n\t\t\t\t<\/div>\n\t\t\t\t\t<\/div>\n\t\t<\/div>\n\t\t\t\t\t<\/div>\n\t\t<\/section>\n\t\t\t\t<\/div>\n\t\t","protected":false},"excerpt":{"rendered":"<p>Vino Tinto Ribera del Duero Elaboramos todos los vinos tintos exclusivamente con nuestra uva de Ribera de Duero, creados desde lo natural, diferenciando y trabajando cada vi\u00f1edo por parcelas para lograr unos caldos llenos de personalidad. En Ribera del Duero elaboramos todos nuestros vinos tintos con la intenci\u00f3n de lograr la satisfacci\u00f3n de nuestros clientes. [&hellip;]<\/p>\n","protected":false},"author":4801,"featured_media":0,"parent":67034,"menu_order":0,"comment_status":"closed","ping_status":"closed","template":"elementor_header_footer","meta":{"_acf_changed":false,"footnotes":""},"class_list":["post-132353","page","type-page","status-publish","hentry"],"acf":[],"_links":{"self":[{"href":"https:\/\/pradorey.es\/de\/wp-json\/wp\/v2\/pages\/132353","targetHints":{"allow":["GET"]}}],"collection":[{"href":"https:\/\/pradorey.es\/de\/wp-json\/wp\/v2\/pages"}],"about":[{"href":"https:\/\/pradorey.es\/de\/wp-json\/wp\/v2\/types\/page"}],"author":[{"embeddable":true,"href":"https:\/\/pradorey.es\/de\/wp-json\/wp\/v2\/users\/4801"}],"replies":[{"embeddable":true,"href":"https:\/\/pradorey.es\/de\/wp-json\/wp\/v2\/comments?post=132353"}],"version-history":[{"count":0,"href":"https:\/\/pradorey.es\/de\/wp-json\/wp\/v2\/pages\/132353\/revisions"}],"up":[{"embeddable":true,"href":"https:\/\/pradorey.es\/de\/wp-json\/wp\/v2\/pages\/67034"}],"wp:attachment":[{"href":"https:\/\/pradorey.es\/de\/wp-json\/wp\/v2\/media?parent=132353"}],"curies":[{"name":"wp","href":"https:\/\/api.w.org\/{rel}","templated":true}]}}