{"id":186097,"date":"2025-11-12T12:58:21","date_gmt":"2025-11-12T11:58:21","guid":{"rendered":"https:\/\/pradorey.es\/campaign-elite-mujer\/"},"modified":"2025-11-12T12:58:28","modified_gmt":"2025-11-12T11:58:28","slug":"campaign-elite-mujer","status":"publish","type":"page","link":"https:\/\/pradorey.es\/de\/campaign-elite-mujer\/","title":{"rendered":"Campaign-elite-mujer"},"content":{"rendered":"\t\t<div data-elementor-type=\"wp-page\" data-elementor-id=\"186097\" class=\"elementor elementor-186097 elementor-184056\" data-elementor-post-type=\"page\">\n\t\t\t\t<div class=\"elementor-element elementor-element-627212c e-con-full e-flex elementor-invisible e-con e-parent\" data-id=\"627212c\" data-element_type=\"container\" data-e-type=\"container\" data-settings=\"{&quot;background_background&quot;:&quot;video&quot;,&quot;animation&quot;:&quot;fadeIn&quot;,&quot;background_video_start&quot;:0,&quot;background_video_end&quot;:0,&quot;background_video_link&quot;:&quot;https:\\\/\\\/pradorey.es\\\/wp-content\\\/uploads\\\/Video\\\/video_landing_elitecm_01.mov&quot;,&quot;background_play_on_mobile&quot;:&quot;yes&quot;}\">\n\t\t<div class=\"elementor-background-video-container\">\n\t\t\t\t\t\t\t<video class=\"elementor-background-video-hosted\" role=\"presentation\" autoplay muted playsinline loop><\/video>\n\t\t\t\t\t<\/div><div class=\"elementor-element elementor-element-d2a8cd9 e-con-full e-flex e-con e-child\" data-id=\"d2a8cd9\" data-element_type=\"container\" data-e-type=\"container\" data-settings=\"{&quot;background_background&quot;:&quot;classic&quot;}\">\n\t\t\t\t<div class=\"elementor-element elementor-element-6925e4d elementor-widget elementor-widget-heading\" data-id=\"6925e4d\" data-element_type=\"widget\" data-e-type=\"widget\" data-widget_type=\"heading.default\">\n\t\t\t\t<div class=\"elementor-widget-container\">\n\t\t\t\t\t<h1 class=\"elementor-heading-title elementor-size-default\">PRADOREY \u00c9LITE<\/h1>\t\t\t\t<\/div>\n\t\t\t\t<\/div>\n\t\t\t\t<div class=\"elementor-element elementor-element-a054c6e elementor-widget elementor-widget-heading\" data-id=\"a054c6e\" data-element_type=\"widget\" data-e-type=\"widget\" data-widget_type=\"heading.default\">\n\t\t\t\t<div class=\"elementor-widget-container\">\n\t\t\t\t\t<h1 class=\"elementor-heading-title elementor-size-default\">EIN WEIN MIT DEM CHARAKTER EINER FRAU<\/h1>\t\t\t\t<\/div>\n\t\t\t\t<\/div>\n\t\t\t\t<div class=\"elementor-element elementor-element-ec02788 elementor-widget elementor-widget-text-editor\" data-id=\"ec02788\" data-element_type=\"widget\" data-e-type=\"widget\" data-widget_type=\"text-editor.default\">\n\t\t\t\t<div class=\"elementor-widget-container\">\n\t\t\t\t\t\t\t\t\t<p data-start=\"470\" data-end=\"672\">Eine Hommage an den Mut, an die stille St\u00e4rke<br data-start=\"618\" data-end=\"621\" \/>und an den Charakter, der die Welt am Laufen h\u00e4lt<\/p>\n<p><\/p>\n<p data-start=\"674\" data-end=\"705\">\n\t\t\t\t\t\t\t\t<\/div>\n\t\t\t\t<\/div>\n\t\t\t\t<div class=\"elementor-element elementor-element-49b734e elementor-button-info elementor-align-center elementor-widget elementor-widget-button\" data-id=\"49b734e\" data-element_type=\"widget\" data-e-type=\"widget\" data-widget_type=\"button.default\">\n\t\t\t\t<div class=\"elementor-widget-container\">\n\t\t\t\t\t\t\t\t\t<div class=\"elementor-button-wrapper\">\n\t\t\t\t\t<a class=\"elementor-button elementor-button-link elementor-size-sm\" href=\"#elementor-action%3Aaction%3Dlightbox%26settings%3DeyJ0eXBlIjoidmlkZW8iLCJ2aWRlb1R5cGUiOiJob3N0ZWQiLCJ1cmwiOiJodHRwczpcL1wvcHJhZG9yZXkuZXNcL3dwLWNvbnRlbnRcL3VwbG9hZHNcL1ZpZGVvXC9QUl9FTElURV9NQVNURVJfMTYuOV9IUS5tcDQifQ%3D%3D\">\n\t\t\t\t\t\t<span class=\"elementor-button-content-wrapper\">\n\t\t\t\t\t\t\t\t\t<span class=\"elementor-button-text\">ANZEIGE ANSEHEN<\/span>\n\t\t\t\t\t<\/span>\n\t\t\t\t\t<\/a>\n\t\t\t\t<\/div>\n\t\t\t\t\t\t\t\t<\/div>\n\t\t\t\t<\/div>\n\t\t\t\t<\/div>\n\t\t\t\t<\/div>\n\t\t<div class=\"elementor-element elementor-element-53a835d elementor-hidden-tablet elementor-hidden-mobile e-flex e-con-boxed e-con e-parent\" data-id=\"53a835d\" data-element_type=\"container\" data-e-type=\"container\" data-settings=\"{&quot;motion_fx_motion_fx_scrolling&quot;:&quot;yes&quot;,&quot;background_background&quot;:&quot;video&quot;,&quot;background_video_link&quot;:&quot;https:\\\/\\\/pradorey.es\\\/wp-content\\\/uploads\\\/Video\\\/video_landing_elitecm_06.mov&quot;,&quot;motion_fx_devices&quot;:[&quot;desktop&quot;,&quot;tablet&quot;,&quot;mobile&quot;]}\">\n\t\t\t\t\t<div class=\"e-con-inner\">\n\t\t<div class=\"elementor-background-video-container elementor-hidden-mobile\">\n\t\t\t\t\t\t\t<video class=\"elementor-background-video-hosted\" role=\"presentation\" autoplay muted playsinline loop><\/video>\n\t\t\t\t\t<\/div><div class=\"elementor-element elementor-element-00a91cf e-con-full e-flex e-con e-child\" data-id=\"00a91cf\" data-element_type=\"container\" data-e-type=\"container\">\n\t\t<div class=\"elementor-element elementor-element-fb773f3 e-con-full e-flex e-con e-child\" data-id=\"fb773f3\" data-element_type=\"container\" data-e-type=\"container\">\n\t\t\t\t<div class=\"elementor-element elementor-element-5cb35ef triangulo-texto-izda elementor-widget elementor-widget-text-editor\" data-id=\"5cb35ef\" data-element_type=\"widget\" data-e-type=\"widget\" data-widget_type=\"text-editor.default\">\n\t\t\t\t<div class=\"elementor-widget-container\">\n\t\t\t\t\t\t\t\t\t<p>Wir kennen niemanden, der mutiger ist als eine Mutter. In ihr zeigt sich die Gr\u00f6\u00dfe der Frauen, die trotz aller Schwierigkeiten einen Weg finden, weiterzumachen. Sie tragen Familien, passen sich an und sorgen daf\u00fcr, dass die Welt funktioniert \u2013 auch wenn fast niemand ihre Geschichte erz\u00e4hlt.<\/p>\n\t\t\t\t\t\t\t\t<\/div>\n\t\t\t\t<\/div>\n\t\t\t\t<\/div>\n\t\t<div class=\"elementor-element elementor-element-b698616 e-con-full e-flex e-con e-child\" data-id=\"b698616\" data-element_type=\"container\" data-e-type=\"container\">\n\t\t\t\t<\/div>\n\t\t\t\t<\/div>\n\t\t\t\t\t<\/div>\n\t\t\t\t<\/div>\n\t\t<div class=\"elementor-element elementor-element-2692d72 elementor-hidden-desktop e-flex e-con-boxed e-con e-parent\" data-id=\"2692d72\" data-element_type=\"container\" data-e-type=\"container\" data-settings=\"{&quot;motion_fx_motion_fx_scrolling&quot;:&quot;yes&quot;,&quot;background_background&quot;:&quot;video&quot;,&quot;background_video_link&quot;:&quot;https:\\\/\\\/pradorey.es\\\/wp-content\\\/uploads\\\/Video\\\/video_landing_elitecm_movil_06.mov&quot;,&quot;background_play_on_mobile&quot;:&quot;yes&quot;,&quot;motion_fx_devices&quot;:[&quot;desktop&quot;,&quot;tablet&quot;,&quot;mobile&quot;]}\">\n\t\t\t\t\t<div class=\"e-con-inner\">\n\t\t<div class=\"elementor-background-video-container\">\n\t\t\t\t\t\t\t<video class=\"elementor-background-video-hosted\" role=\"presentation\" autoplay muted playsinline loop><\/video>\n\t\t\t\t\t<\/div><div class=\"elementor-element elementor-element-2824ea3 e-con-full e-flex e-con e-child\" data-id=\"2824ea3\" data-element_type=\"container\" data-e-type=\"container\">\n\t\t<div class=\"elementor-element elementor-element-37ba9ce e-con-full e-flex e-con e-child\" data-id=\"37ba9ce\" data-element_type=\"container\" data-e-type=\"container\">\n\t\t\t\t<\/div>\n\t\t<div class=\"elementor-element elementor-element-e4aa17d e-con-full e-flex e-con e-child\" data-id=\"e4aa17d\" data-element_type=\"container\" data-e-type=\"container\">\n\t\t\t\t<div class=\"elementor-element elementor-element-a4849cd triangulo-texto-izda elementor-widget elementor-widget-text-editor\" data-id=\"a4849cd\" data-element_type=\"widget\" data-e-type=\"widget\" data-widget_type=\"text-editor.default\">\n\t\t\t\t<div class=\"elementor-widget-container\">\n\t\t\t\t\t\t\t\t\t<p>Wir kennen niemanden, der mutiger ist als eine Mutter. In ihr zeigt sich die Gr\u00f6\u00dfe der Frauen, die trotz aller Schwierigkeiten einen Weg finden, weiterzumachen. Sie tragen Familien, passen sich an und sorgen daf\u00fcr, dass die Welt funktioniert \u2013 auch wenn fast niemand ihre Geschichte erz\u00e4hlt.<\/p>\n\t\t\t\t\t\t\t\t<\/div>\n\t\t\t\t<\/div>\n\t\t\t\t<\/div>\n\t\t\t\t<\/div>\n\t\t\t\t\t<\/div>\n\t\t\t\t<\/div>\n\t\t<div class=\"elementor-element elementor-element-99186a4 elementor-hidden-tablet elementor-hidden-mobile e-flex e-con-boxed e-con e-parent\" data-id=\"99186a4\" data-element_type=\"container\" data-e-type=\"container\" data-settings=\"{&quot;motion_fx_motion_fx_scrolling&quot;:&quot;yes&quot;,&quot;background_background&quot;:&quot;video&quot;,&quot;background_video_link&quot;:&quot;https:\\\/\\\/pradorey.es\\\/wp-content\\\/uploads\\\/Video\\\/video_landing_elitecm_02.mov&quot;,&quot;motion_fx_devices&quot;:[&quot;desktop&quot;,&quot;tablet&quot;,&quot;mobile&quot;]}\">\n\t\t\t\t\t<div class=\"e-con-inner\">\n\t\t<div class=\"elementor-background-video-container elementor-hidden-mobile\">\n\t\t\t\t\t\t\t<video class=\"elementor-background-video-hosted\" role=\"presentation\" autoplay muted playsinline loop><\/video>\n\t\t\t\t\t<\/div><div class=\"elementor-element elementor-element-5170b1a e-con-full e-flex e-con e-child\" data-id=\"5170b1a\" data-element_type=\"container\" data-e-type=\"container\" data-settings=\"{&quot;background_background&quot;:&quot;gradient&quot;}\">\n\t\t<div class=\"elementor-element elementor-element-38cde3b e-con-full e-flex e-con e-child\" data-id=\"38cde3b\" data-element_type=\"container\" data-e-type=\"container\">\n\t\t\t\t<\/div>\n\t\t<div class=\"elementor-element elementor-element-aff3d42 e-con-full e-flex e-con e-child\" data-id=\"aff3d42\" data-element_type=\"container\" data-e-type=\"container\">\n\t\t\t\t<div class=\"elementor-element elementor-element-77658cc triangulo-texto-dcha elementor-widget elementor-widget-text-editor\" data-id=\"77658cc\" data-element_type=\"widget\" data-e-type=\"widget\" data-widget_type=\"text-editor.default\">\n\t\t\t\t<div class=\"elementor-widget-container\">\n\t\t\t\t\t\t\t\t\t<p>Pradorey \u00c9lite ist unsere Hommage an diese Kraft. Ein tiefgr\u00fcndiger, nuancenreicher Wein, der darum bittet, geh\u00f6rt und respektiert zu werden. Wie sie offenbart er sich nach und nach und weckt mit jedem Schluck Emotionen.<\/p>\n\t\t\t\t\t\t\t\t<\/div>\n\t\t\t\t<\/div>\n\t\t\t\t<\/div>\n\t\t\t\t<\/div>\n\t\t\t\t\t<\/div>\n\t\t\t\t<\/div>\n\t\t<div class=\"elementor-element elementor-element-3d66917 elementor-hidden-desktop e-flex e-con-boxed e-con e-parent\" data-id=\"3d66917\" data-element_type=\"container\" data-e-type=\"container\" data-settings=\"{&quot;motion_fx_motion_fx_scrolling&quot;:&quot;yes&quot;,&quot;background_background&quot;:&quot;video&quot;,&quot;background_video_link&quot;:&quot;https:\\\/\\\/pradorey.es\\\/wp-content\\\/uploads\\\/Video\\\/video_landing_elitecm_movil_02.mov&quot;,&quot;background_play_on_mobile&quot;:&quot;yes&quot;,&quot;motion_fx_devices&quot;:[&quot;desktop&quot;,&quot;tablet&quot;,&quot;mobile&quot;]}\">\n\t\t\t\t\t<div class=\"e-con-inner\">\n\t\t<div class=\"elementor-background-video-container\">\n\t\t\t\t\t\t\t<video class=\"elementor-background-video-hosted\" role=\"presentation\" autoplay muted playsinline loop><\/video>\n\t\t\t\t\t<\/div><div class=\"elementor-element elementor-element-e93aad2 e-con-full e-flex e-con e-child\" data-id=\"e93aad2\" data-element_type=\"container\" data-e-type=\"container\" data-settings=\"{&quot;background_background&quot;:&quot;gradient&quot;}\">\n\t\t<div class=\"elementor-element elementor-element-f1e80a4 e-con-full e-flex e-con e-child\" data-id=\"f1e80a4\" data-element_type=\"container\" data-e-type=\"container\">\n\t\t\t\t<\/div>\n\t\t<div class=\"elementor-element elementor-element-82167d3 e-con-full e-flex e-con e-child\" data-id=\"82167d3\" data-element_type=\"container\" data-e-type=\"container\">\n\t\t\t\t<div class=\"elementor-element elementor-element-da10e35 triangulo-texto-dcha elementor-widget elementor-widget-text-editor\" data-id=\"da10e35\" data-element_type=\"widget\" data-e-type=\"widget\" data-widget_type=\"text-editor.default\">\n\t\t\t\t<div class=\"elementor-widget-container\">\n\t\t\t\t\t\t\t\t\t<p>Pradorey \u00c9lite ist unsere Hommage an diese Kraft. Ein tiefgr\u00fcndiger, nuancenreicher Wein, der darum bittet, geh\u00f6rt und respektiert zu werden. Wie sie offenbart er sich nach und nach und weckt mit jedem Schluck Emotionen.<\/p>\n\t\t\t\t\t\t\t\t<\/div>\n\t\t\t\t<\/div>\n\t\t\t\t<\/div>\n\t\t\t\t<\/div>\n\t\t\t\t\t<\/div>\n\t\t\t\t<\/div>\n\t\t<div class=\"elementor-element elementor-element-4a8a7f2 e-flex e-con-boxed e-con e-parent\" data-id=\"4a8a7f2\" data-element_type=\"container\" data-e-type=\"container\" data-settings=\"{&quot;background_background&quot;:&quot;classic&quot;}\">\n\t\t\t\t\t<div class=\"e-con-inner\">\n\t\t<div class=\"elementor-element elementor-element-2e98667 e-con-full e-flex e-con e-child\" data-id=\"2e98667\" data-element_type=\"container\" data-e-type=\"container\" data-settings=\"{&quot;background_background&quot;:&quot;gradient&quot;}\">\n\t\t\t\t<div class=\"elementor-element elementor-element-be56e7b elementor-widget elementor-widget-text-editor\" data-id=\"be56e7b\" data-element_type=\"widget\" data-e-type=\"widget\" data-widget_type=\"text-editor.default\">\n\t\t\t\t<div class=\"elementor-widget-container\">\n\t\t\t\t\t\t\t\t\t<p data-start=\"1687\" data-end=\"1779\">Schenke diesen Wein einer Frau mit Charakter<\/p>\n<p><\/p>\n<p data-start=\"1781\" data-end=\"1825\">\n\t\t\t\t\t\t\t\t<\/div>\n\t\t\t\t<\/div>\n\t\t\t\t<div class=\"elementor-element elementor-element-dbb30c1 elementor-align-center elementor-widget elementor-widget-button\" data-id=\"dbb30c1\" data-element_type=\"widget\" data-e-type=\"widget\" data-widget_type=\"button.default\">\n\t\t\t\t<div class=\"elementor-widget-container\">\n\t\t\t\t\t\t\t\t\t<div class=\"elementor-button-wrapper\">\n\t\t\t\t\t<a class=\"elementor-button elementor-button-link elementor-size-sm\" href=\"https:\/\/pradorey.es\/?add-to-cart=845\">\n\t\t\t\t\t\t<span class=\"elementor-button-content-wrapper\">\n\t\t\t\t\t\t\t\t\t<span class=\"elementor-button-text\">IN DEN WARENKORB LEGEN<\/span>\n\t\t\t\t\t<\/span>\n\t\t\t\t\t<\/a>\n\t\t\t\t<\/div>\n\t\t\t\t\t\t\t\t<\/div>\n\t\t\t\t<\/div>\n\t\t\t\t<div class=\"elementor-element elementor-element-88c5a7b elementor-align-center elementor-button-info elementor-widget elementor-widget-button\" data-id=\"88c5a7b\" data-element_type=\"widget\" data-e-type=\"widget\" data-widget_type=\"button.default\">\n\t\t\t\t<div class=\"elementor-widget-container\">\n\t\t\t\t\t\t\t\t\t<div class=\"elementor-button-wrapper\">\n\t\t\t\t\t<a class=\"elementor-button elementor-button-link elementor-size-sm\" href=\"https:\/\/pradorey.es\/de\/pradorey-wein\/pradorey-elite\/\">\n\t\t\t\t\t\t<span class=\"elementor-button-content-wrapper\">\n\t\t\t\t\t\t\t\t\t<span class=\"elementor-button-text\">weitere Informationen<\/span>\n\t\t\t\t\t<\/span>\n\t\t\t\t\t<\/a>\n\t\t\t\t<\/div>\n\t\t\t\t\t\t\t\t<\/div>\n\t\t\t\t<\/div>\n\t\t\t\t<\/div>\n\t\t\t\t\t<\/div>\n\t\t\t\t<\/div>\n\t\t\t\t<\/div>\n\t\t","protected":false},"excerpt":{"rendered":"<p>PRADOREY \u00c9LITE EIN WEIN MIT DEM CHARAKTER EINER FRAU Eine Hommage an den Mut, an die stille St\u00e4rkeund an den Charakter, der die Welt am Laufen h\u00e4lt ANZEIGE ANSEHEN Wir kennen niemanden, der mutiger ist als eine Mutter. In ihr zeigt sich die Gr\u00f6\u00dfe der Frauen, die trotz aller Schwierigkeiten einen Weg finden, weiterzumachen. Sie [&hellip;]<\/p>\n","protected":false},"author":4801,"featured_media":185280,"parent":0,"menu_order":0,"comment_status":"closed","ping_status":"closed","template":"","meta":{"_acf_changed":false,"footnotes":""},"class_list":["post-186097","page","type-page","status-publish","has-post-thumbnail","hentry"],"acf":[],"_links":{"self":[{"href":"https:\/\/pradorey.es\/de\/wp-json\/wp\/v2\/pages\/186097","targetHints":{"allow":["GET"]}}],"collection":[{"href":"https:\/\/pradorey.es\/de\/wp-json\/wp\/v2\/pages"}],"about":[{"href":"https:\/\/pradorey.es\/de\/wp-json\/wp\/v2\/types\/page"}],"author":[{"embeddable":true,"href":"https:\/\/pradorey.es\/de\/wp-json\/wp\/v2\/users\/4801"}],"replies":[{"embeddable":true,"href":"https:\/\/pradorey.es\/de\/wp-json\/wp\/v2\/comments?post=186097"}],"version-history":[{"count":1,"href":"https:\/\/pradorey.es\/de\/wp-json\/wp\/v2\/pages\/186097\/revisions"}],"predecessor-version":[{"id":186098,"href":"https:\/\/pradorey.es\/de\/wp-json\/wp\/v2\/pages\/186097\/revisions\/186098"}],"wp:featuredmedia":[{"embeddable":true,"href":"https:\/\/pradorey.es\/de\/wp-json\/wp\/v2\/media\/185280"}],"wp:attachment":[{"href":"https:\/\/pradorey.es\/de\/wp-json\/wp\/v2\/media?parent=186097"}],"curies":[{"name":"wp","href":"https:\/\/api.w.org\/{rel}","templated":true}]}}