{"id":135421,"date":"2023-05-09T16:31:46","date_gmt":"2023-05-09T14:31:46","guid":{"rendered":"https:\/\/pradorey.es\/?post_type=product&#038;p=135421"},"modified":"2025-02-17T15:47:05","modified_gmt":"2025-02-17T14:47:05","slug":"pack-pradorey-finca-la-mina-x2-pradorey-finca-valdelayegua-x2-pradorey-blanco-x2-copia","status":"publish","type":"product","link":"https:\/\/pradorey.es\/de\/exclusivo-web-de\/pack-salgueros\/","title":{"rendered":"Pack Salg\u00fceros"},"content":{"rendered":"","protected":false},"excerpt":{"rendered":"<div class=\"flex max-w-full flex-col flex-grow\">\n<div class=\"min-h-8 text-message flex w-full flex-col items-end gap-2 whitespace-normal break-words text-start [.text-message+&amp;]:mt-5\" dir=\"auto\" data-message-author-role=\"assistant\" data-message-id=\"d34a0fec-a5a8-4a2a-a929-275c706a9049\" data-message-model-slug=\"gpt-4o-mini\">\n<div class=\"flex w-full flex-col gap-1 empty:hidden first:pt-[3px]\">\n<div class=\"markdown prose w-full break-words dark:prose-invert light\">\n<p data-start=\"0\" data-end=\"92\" data-is-last-node=\"\">Hol dir 3 Flaschen in diesem Weinpaket f\u00fcr die Lagerung: Salg\u00fcero Rot, Ros\u00e9 und Wei\u00df<\/p>\n<\/div>\n<\/div>\n<\/div>\n<\/div>\n","protected":false},"featured_media":136736,"template":"","meta":{"_acf_changed":false},"product_brand":[],"product_cat":[731],"product_tag":[618],"class_list":{"0":"post-135421","1":"product","2":"type-product","3":"status-publish","4":"has-post-thumbnail","6":"product_cat-otros-formatos-de","7":"product_tag-salguero-de","9":"first","10":"instock","11":"taxable","12":"shipping-taxable","13":"purchasable","14":"product-type-simple"},"acf":[],"_links":{"self":[{"href":"https:\/\/pradorey.es\/de\/wp-json\/wp\/v2\/product\/135421","targetHints":{"allow":["GET"]}}],"collection":[{"href":"https:\/\/pradorey.es\/de\/wp-json\/wp\/v2\/product"}],"about":[{"href":"https:\/\/pradorey.es\/de\/wp-json\/wp\/v2\/types\/product"}],"version-history":[{"count":1,"href":"https:\/\/pradorey.es\/de\/wp-json\/wp\/v2\/product\/135421\/revisions"}],"predecessor-version":[{"id":167780,"href":"https:\/\/pradorey.es\/de\/wp-json\/wp\/v2\/product\/135421\/revisions\/167780"}],"wp:featuredmedia":[{"embeddable":true,"href":"https:\/\/pradorey.es\/de\/wp-json\/wp\/v2\/media\/136736"}],"wp:attachment":[{"href":"https:\/\/pradorey.es\/de\/wp-json\/wp\/v2\/media?parent=135421"}],"wp:term":[{"taxonomy":"product_brand","embeddable":true,"href":"https:\/\/pradorey.es\/de\/wp-json\/wp\/v2\/product_brand?post=135421"},{"taxonomy":"product_cat","embeddable":true,"href":"https:\/\/pradorey.es\/de\/wp-json\/wp\/v2\/product_cat?post=135421"},{"taxonomy":"product_tag","embeddable":true,"href":"https:\/\/pradorey.es\/de\/wp-json\/wp\/v2\/product_tag?post=135421"}],"curies":[{"name":"wp","href":"https:\/\/api.w.org\/{rel}","templated":true}]}}