{"id":188642,"date":"2025-12-30T17:08:17","date_gmt":"2025-12-30T16:08:17","guid":{"rendered":"https:\/\/pradorey.es\/?post_type=product&#038;p=188642"},"modified":"2026-02-03T14:22:33","modified_gmt":"2026-02-03T13:22:33","slug":"pradorey-finca-la-recorba-copia","status":"publish","type":"product","link":"https:\/\/pradorey.es\/de\/vinos-pradorey-ale\/pradorey-finca-la-recorba-copia\/","title":{"rendered":"El Mir\u00f3n"},"content":{"rendered":"<h3>&#8211; Weingut<\/h3>\n<ul>\n<li>Pago Valdelayegua<\/li>\n<li>H\u00f6henlage: zwischen 790 m und 820 m<\/li>\n<li>Sanfte, nach S\u00fcden ausgerichtete H\u00e4nge, nahe den Fl\u00fcssen Duero und<\/li>\n<li>Gromej\u00f3n<\/li>\n<li>Sandig-lehmige und lehmig-tonige B\u00f6den mit kalkhaltigen Aufschl\u00fcssen<\/li>\n<li>95 % Tempranillo, 3 % Cabernet Sauvignon und 2 % MerlotManuelle Lese<\/li>\n<\/ul>\n<h3>&#8211; Ausbau<\/h3>\n<ul>\n<li>12 Monate in franz\u00f6sischen Eichenf\u00e4ssern<\/li>\n<li>3 Monate in Holzkegeln aus Nevers<\/li>\n<\/ul>\n<h3>&#8211; Verkostung<\/h3>\n<ul>\n<li>AUGE: Kirschrote Farbe mit intensiven<br data-start=\"429\" data-end=\"432\" \/>bl\u00e4ulichen Nuancen, dichte und brillante Struktur<\/li>\n<li>NASE: Hohe Intensit\u00e4t. Reife rote Fr\u00fcchte dominieren, mit s\u00fc\u00dflichen Ankl\u00e4ngen durch den Ausbau im Barrique. Mineralischer, balsamischer und komplexer Hintergrund<\/li>\n<li>GAUMEN: Schmackhaft am Gaumen, mit runden Tanninen und angenehmer Frische. W\u00fcrziger, samtiger Abgang mit hoher Fruchtkonzentration<\/li>\n<\/ul>\n<h3>&#8211; Speisenempfehlung<\/h3>\n<ul>\n<li>Braten und Wild<\/li>\n<li>Gegrillte oder gebratene rote Fleischsorten<\/li>\n<li>Gereifte und w\u00fcrzige K\u00e4sesorten<\/li>\n<\/ul>\n<h3>&#8211; Auszeichnungen<\/h3>\n<ul>\n<li>90 Punkte, Gu\u00eda Pe\u00f1\u00edn 2017<\/li>\n<li>Bronzemedaille, International Wine &amp; Spirits Competition 2016<\/li>\n<li>Bronzemedaille, Decanter 2016<\/li>\n<\/ul>\n","protected":false},"excerpt":{"rendered":"<p>Ein frischer und zeitgem\u00e4\u00dfer Wein, der die neue Ribera del Duero widerspiegelt<\/p>\n","protected":false},"featured_media":188763,"template":"","meta":{"_acf_changed":false},"product_brand":[],"product_cat":[415],"product_tag":[518],"class_list":{"0":"post-188642","1":"product","2":"type-product","3":"status-publish","4":"has-post-thumbnail","6":"product_cat-vinos-pradorey-ale","7":"product_tag-urbanita-de","9":"first","10":"instock","11":"taxable","12":"shipping-taxable","13":"purchasable","14":"product-type-simple"},"acf":[],"_links":{"self":[{"href":"https:\/\/pradorey.es\/de\/wp-json\/wp\/v2\/product\/188642","targetHints":{"allow":["GET"]}}],"collection":[{"href":"https:\/\/pradorey.es\/de\/wp-json\/wp\/v2\/product"}],"about":[{"href":"https:\/\/pradorey.es\/de\/wp-json\/wp\/v2\/types\/product"}],"version-history":[{"count":1,"href":"https:\/\/pradorey.es\/de\/wp-json\/wp\/v2\/product\/188642\/revisions"}],"predecessor-version":[{"id":189909,"href":"https:\/\/pradorey.es\/de\/wp-json\/wp\/v2\/product\/188642\/revisions\/189909"}],"wp:featuredmedia":[{"embeddable":true,"href":"https:\/\/pradorey.es\/de\/wp-json\/wp\/v2\/media\/188763"}],"wp:attachment":[{"href":"https:\/\/pradorey.es\/de\/wp-json\/wp\/v2\/media?parent=188642"}],"wp:term":[{"taxonomy":"product_brand","embeddable":true,"href":"https:\/\/pradorey.es\/de\/wp-json\/wp\/v2\/product_brand?post=188642"},{"taxonomy":"product_cat","embeddable":true,"href":"https:\/\/pradorey.es\/de\/wp-json\/wp\/v2\/product_cat?post=188642"},{"taxonomy":"product_tag","embeddable":true,"href":"https:\/\/pradorey.es\/de\/wp-json\/wp\/v2\/product_tag?post=188642"}],"curies":[{"name":"wp","href":"https:\/\/api.w.org\/{rel}","templated":true}]}}