{"id":67292,"date":"2016-11-14T06:10:01","date_gmt":"2016-11-14T05:10:01","guid":{"rendered":"https:\/\/www.pradorey.es\/p\/adaro\/"},"modified":"2025-10-01T13:58:51","modified_gmt":"2025-10-01T11:58:51","slug":"adaro","status":"publish","type":"product","link":"https:\/\/pradorey.es\/de\/pradorey-wein\/adaro\/","title":{"rendered":"Adaro"},"content":{"rendered":"<p data-start=\"0\" data-end=\"209\"><strong data-start=\"0\" data-end=\"9\">Finca<\/strong><br data-start=\"9\" data-end=\"12\" \/><strong data-start=\"12\" data-end=\"33\">Pago Hoyo Dornajo<\/strong><br data-start=\"33\" data-end=\"36\" \/><strong data-start=\"36\" data-end=\"44\">H\u00f6he<\/strong>: zwischen 815 m und 830 m<br data-start=\"70\" data-end=\"73\" \/>B\u00f6den mit einer hohen Konzentration an kalkhaltigen Tonen<br data-start=\"130\" data-end=\"133\" \/>100 % Tempranillo<br data-start=\"150\" data-end=\"153\" \/>Manuelle Ernte<br data-start=\"167\" data-end=\"170\" \/>Begrenzte Produktion: 28.028 Flaschen<\/p>\n<p data-start=\"211\" data-end=\"298\"><strong data-start=\"211\" data-end=\"222\">Reifung<\/strong><br data-start=\"222\" data-end=\"225\" \/>12 Monate in franz\u00f6sischen Eichenf\u00e4ssern<br data-start=\"265\" data-end=\"268\" \/>3 Monate in Nevers-Holzkonen<\/p>\n<p data-start=\"300\" data-end=\"790\"><strong data-start=\"300\" data-end=\"314\">Verkostung<\/strong><br data-start=\"314\" data-end=\"317\" \/><strong data-start=\"317\" data-end=\"325\">AUGE<\/strong>: Kirschrotes Farbspektrum mit intensiven blauen T\u00f6nen, kr\u00e4ftige und gl\u00e4nzende Schicht<br data-start=\"411\" data-end=\"414\" \/><strong data-start=\"414\" data-end=\"422\">NASE<\/strong>: Hohe Intensit\u00e4t. Eine Mischung aus fruchtigen Aromen (mit hervortretenden roten Fr\u00fcchten), kombiniert mit terti\u00e4ren Aromen wie Vanille und Lakritz, die durch die Fassreifung beigesteuert werden.<br data-start=\"618\" data-end=\"621\" \/><strong data-start=\"621\" data-end=\"631\">GAUMEN<\/strong>: Elegant, geschmackvoll und frisch. Er vereint reife Fr\u00fcchte mit samtigen Tanninen, was zu einem sehr angenehmen Geschmack und einem eleganten Abgang f\u00fchrt.<\/p>\n<p data-start=\"792\" data-end=\"880\"><strong data-start=\"792\" data-end=\"801\">Essen<\/strong><br data-start=\"801\" data-end=\"804\" \/>Exquisite typische Gerichte aus der Region: Braten, Wild und Rotes Fleisch<\/p>\n<p data-start=\"882\" data-end=\"924\" data-is-last-node=\"\"><strong data-start=\"882\" data-end=\"900\">Auszeichnungen<\/strong><br data-start=\"900\" data-end=\"903\" \/>93 Punkte, Gu\u00eda Pe\u00f1\u00edn<\/p>\n","protected":false},"excerpt":{"rendered":"<div class=\"flex max-w-full flex-col flex-grow\">\n<div class=\"min-h-8 text-message flex w-full flex-col items-end gap-2 whitespace-normal break-words text-start [.text-message+&amp;]:mt-5\" dir=\"auto\" data-message-author-role=\"assistant\" data-message-id=\"934b1446-37de-44ce-b66f-801892f1c839\" data-message-model-slug=\"gpt-4o-mini\">\n<div class=\"flex w-full flex-col gap-1 empty:hidden first:pt-[3px]\">\n<div class=\"markdown prose w-full break-words dark:prose-invert light\">\n<p data-start=\"0\" data-end=\"30\" data-is-last-node=\"\">Wein zu Ehren des Gr\u00fcnders<\/p>\n<\/div>\n<\/div>\n<\/div>\n<\/div>\n","protected":false},"featured_media":67075,"template":"","meta":{"_acf_changed":false},"product_brand":[],"product_cat":[415],"product_tag":[518,502],"class_list":{"0":"post-67292","1":"product","2":"type-product","3":"status-publish","4":"has-post-thumbnail","6":"product_cat-vinos-pradorey-ale","7":"product_tag-urbanita-de","8":"product_tag-vino-tinto-de","10":"first","11":"instock","12":"taxable","13":"shipping-taxable","14":"purchasable","15":"product-type-simple"},"acf":[],"_links":{"self":[{"href":"https:\/\/pradorey.es\/de\/wp-json\/wp\/v2\/product\/67292","targetHints":{"allow":["GET"]}}],"collection":[{"href":"https:\/\/pradorey.es\/de\/wp-json\/wp\/v2\/product"}],"about":[{"href":"https:\/\/pradorey.es\/de\/wp-json\/wp\/v2\/types\/product"}],"version-history":[{"count":1,"href":"https:\/\/pradorey.es\/de\/wp-json\/wp\/v2\/product\/67292\/revisions"}],"predecessor-version":[{"id":167500,"href":"https:\/\/pradorey.es\/de\/wp-json\/wp\/v2\/product\/67292\/revisions\/167500"}],"wp:featuredmedia":[{"embeddable":true,"href":"https:\/\/pradorey.es\/de\/wp-json\/wp\/v2\/media\/67075"}],"wp:attachment":[{"href":"https:\/\/pradorey.es\/de\/wp-json\/wp\/v2\/media?parent=67292"}],"wp:term":[{"taxonomy":"product_brand","embeddable":true,"href":"https:\/\/pradorey.es\/de\/wp-json\/wp\/v2\/product_brand?post=67292"},{"taxonomy":"product_cat","embeddable":true,"href":"https:\/\/pradorey.es\/de\/wp-json\/wp\/v2\/product_cat?post=67292"},{"taxonomy":"product_tag","embeddable":true,"href":"https:\/\/pradorey.es\/de\/wp-json\/wp\/v2\/product_tag?post=67292"}],"curies":[{"name":"wp","href":"https:\/\/api.w.org\/{rel}","templated":true}]}}