{"id":67324,"date":"2016-11-14T05:44:29","date_gmt":"2016-11-14T04:44:29","guid":{"rendered":"https:\/\/www.pradorey.es\/p\/pradorey-finca-real-sitio-de-ventosilla\/"},"modified":"2025-10-02T12:10:05","modified_gmt":"2025-10-02T10:10:05","slug":"pradorey-finca-real-sitio-de-ventosilla","status":"publish","type":"product","link":"https:\/\/pradorey.es\/de\/pradorey-wein\/pradorey-finca-real-sitio-de-ventosilla\/","title":{"rendered":"PRADOREY Finca Real Sitio de Ventosilla"},"content":{"rendered":"<p><br data-mce-bogus=\"1\"><\/p>\n","protected":false},"excerpt":{"rendered":"<div class=\"flex max-w-full flex-col flex-grow\">\n<div class=\"min-h-8 text-message flex w-full flex-col items-end gap-2 whitespace-normal break-words text-start [.text-message+&amp;]:mt-5\" dir=\"auto\" data-message-author-role=\"assistant\" data-message-id=\"d5e422d3-dfb1-45a1-b088-e9849821a37e\" data-message-model-slug=\"gpt-4o-mini\">\n<div class=\"flex w-full flex-col gap-1 empty:hidden first:pt-[3px]\">\n<div class=\"markdown prose w-full break-words dark:prose-invert light\">\n<p data-start=\"0\" data-end=\"61\" data-is-last-node=\"\"><strong data-start=\"0\" data-end=\"16\">Gran Reserva<\/strong>\u00a0hergestellt in au\u00dfergew\u00f6hnlichen Jahrg\u00e4ngen<\/p>\n<\/div>\n<\/div>\n<\/div>\n<\/div>\n","protected":false},"featured_media":152476,"template":"","meta":{"_acf_changed":false},"product_brand":[],"product_cat":[415],"product_tag":[531,502],"class_list":{"0":"post-67324","1":"product","2":"type-product","3":"status-publish","4":"has-post-thumbnail","6":"product_cat-vinos-pradorey-ale","7":"product_tag-tradicional-de","8":"product_tag-vino-tinto-de","10":"first","11":"instock","12":"taxable","13":"shipping-taxable","14":"purchasable","15":"product-type-simple"},"acf":[],"_links":{"self":[{"href":"https:\/\/pradorey.es\/de\/wp-json\/wp\/v2\/product\/67324","targetHints":{"allow":["GET"]}}],"collection":[{"href":"https:\/\/pradorey.es\/de\/wp-json\/wp\/v2\/product"}],"about":[{"href":"https:\/\/pradorey.es\/de\/wp-json\/wp\/v2\/types\/product"}],"version-history":[{"count":2,"href":"https:\/\/pradorey.es\/de\/wp-json\/wp\/v2\/product\/67324\/revisions"}],"predecessor-version":[{"id":182614,"href":"https:\/\/pradorey.es\/de\/wp-json\/wp\/v2\/product\/67324\/revisions\/182614"}],"wp:featuredmedia":[{"embeddable":true,"href":"https:\/\/pradorey.es\/de\/wp-json\/wp\/v2\/media\/152476"}],"wp:attachment":[{"href":"https:\/\/pradorey.es\/de\/wp-json\/wp\/v2\/media?parent=67324"}],"wp:term":[{"taxonomy":"product_brand","embeddable":true,"href":"https:\/\/pradorey.es\/de\/wp-json\/wp\/v2\/product_brand?post=67324"},{"taxonomy":"product_cat","embeddable":true,"href":"https:\/\/pradorey.es\/de\/wp-json\/wp\/v2\/product_cat?post=67324"},{"taxonomy":"product_tag","embeddable":true,"href":"https:\/\/pradorey.es\/de\/wp-json\/wp\/v2\/product_tag?post=67324"}],"curies":[{"name":"wp","href":"https:\/\/api.w.org\/{rel}","templated":true}]}}