{"id":67331,"date":"2016-11-14T05:33:30","date_gmt":"2016-11-14T04:33:30","guid":{"rendered":"https:\/\/www.pradorey.es\/p\/pradorey-finca-valdelayegua-crianza\/"},"modified":"2026-03-26T12:55:48","modified_gmt":"2026-03-26T11:55:48","slug":"pradorey-finca-valdelayegua-crianza","status":"publish","type":"product","link":"https:\/\/pradorey.es\/de\/pradorey-wein\/pradorey-finca-valdelayegua-crianza\/","title":{"rendered":"PRADOREY Finca Valdelayegua"},"content":{"rendered":"<ul>\n<li data-start=\"0\" data-end=\"282\"><strong>Weingut<\/strong><br data-start=\"7\" data-end=\"10\" \/>\n<ul>\n<li data-start=\"0\" data-end=\"282\">Pago Valdelayegua<\/li>\n<li data-start=\"0\" data-end=\"282\">H\u00f6he: zwischen 790 m und 820 m<br data-start=\"60\" data-end=\"63\" \/>Sanfte, nach S\u00fcden ausgerichtete H\u00e4nge, in der N\u00e4he der Fl\u00fcsse Duero und Gromej\u00f3n<\/li>\n<li data-start=\"0\" data-end=\"282\">Sandig-lehmige und tonig-lehmige B\u00f6den mit Kalksteinaufschl\u00fcssen<\/li>\n<li data-start=\"0\" data-end=\"282\">95 % Tempranillo, 3 % Cabernet Sauvignon und 2 % Merlot<br data-start=\"269\" data-end=\"272\" \/>Handlese<\/li>\n<\/ul>\n<\/li>\n<\/ul>\n<p>&nbsp;<\/p>\n<ul>\n<li data-start=\"284\" data-end=\"371\"><strong>Ausbau<\/strong><br data-start=\"290\" data-end=\"293\" \/>\n<ul>\n<li data-start=\"284\" data-end=\"371\">12 Monate in franz\u00f6sischen Eichenf\u00e4ssern<\/li>\n<li data-start=\"284\" data-end=\"371\">3 Monate in Holzkegeln aus Nevers<\/li>\n<\/ul>\n<\/li>\n<\/ul>\n<p>&nbsp;<\/p>\n<ul>\n<li data-start=\"373\" data-end=\"762\"><strong>Verkostung<\/strong><br data-start=\"383\" data-end=\"386\" \/>\n<ul>\n<li data-start=\"373\" data-end=\"762\">AUSSEHEN: Kirschrote Farbe mit intensiven bl\u00e4ulichen Nuancen, tief und brillant<\/li>\n<li data-start=\"373\" data-end=\"762\">NASE: Hohe Intensit\u00e4t. Reife rote Fr\u00fcchte dominieren mit leicht s\u00fc\u00dflichen Noten durch den Ausbau im Fass. Mineralischer, balsamischer und komplexer Hintergrund<\/li>\n<li data-start=\"373\" data-end=\"762\">GAUMEN: Geschmackvoll am Gaumen, mit runden Tanninen und angenehmer Frische. Langer, samtiger Abgang mit hoher Fruchtkonzentration<\/li>\n<\/ul>\n<\/li>\n<\/ul>\n<p>&nbsp;<\/p>\n<ul>\n<li data-start=\"764\" data-end=\"877\"><strong>Speiseempfehlung<\/strong><br data-start=\"780\" data-end=\"783\" \/>\n<ul>\n<li data-start=\"764\" data-end=\"877\">Braten und Wild<\/li>\n<li data-start=\"764\" data-end=\"877\">Gegrilltes oder gebratenes rotes Fleisch<\/li>\n<li data-start=\"764\" data-end=\"877\">Gereifte und w\u00fcrzige K\u00e4sesorten<\/li>\n<\/ul>\n<\/li>\n<\/ul>\n<p>&nbsp;<\/p>\n<ul>\n<li><strong>Auszeichnungen<\/strong><br data-start=\"893\" data-end=\"896\" \/>\n<ul>\n<li>90 Punkte, Gu\u00eda Pe\u00f1\u00edn 2017<\/li>\n<li>Bronzemedaille, International Wine &amp; Spirits Competition 2016<\/li>\n<li>Bronzemedaille, Decanter 2016<\/li>\n<\/ul>\n<\/li>\n<\/ul>\n","protected":false},"excerpt":{"rendered":"<p>Traditioneller Rotwein der Kategorie Crianza der Region<\/p>\n","protected":false},"featured_media":191005,"template":"","meta":{"_acf_changed":false},"product_brand":[],"product_cat":[415],"product_tag":[531,502],"class_list":{"0":"post-67331","1":"product","2":"type-product","3":"status-publish","4":"has-post-thumbnail","6":"product_cat-vinos-pradorey-ale","7":"product_tag-tradicional-de","8":"product_tag-vino-tinto-de","10":"first","11":"instock","12":"taxable","13":"shipping-taxable","14":"purchasable","15":"product-type-simple"},"acf":[],"_links":{"self":[{"href":"https:\/\/pradorey.es\/de\/wp-json\/wp\/v2\/product\/67331","targetHints":{"allow":["GET"]}}],"collection":[{"href":"https:\/\/pradorey.es\/de\/wp-json\/wp\/v2\/product"}],"about":[{"href":"https:\/\/pradorey.es\/de\/wp-json\/wp\/v2\/types\/product"}],"version-history":[{"count":1,"href":"https:\/\/pradorey.es\/de\/wp-json\/wp\/v2\/product\/67331\/revisions"}],"predecessor-version":[{"id":192317,"href":"https:\/\/pradorey.es\/de\/wp-json\/wp\/v2\/product\/67331\/revisions\/192317"}],"wp:featuredmedia":[{"embeddable":true,"href":"https:\/\/pradorey.es\/de\/wp-json\/wp\/v2\/media\/191005"}],"wp:attachment":[{"href":"https:\/\/pradorey.es\/de\/wp-json\/wp\/v2\/media?parent=67331"}],"wp:term":[{"taxonomy":"product_brand","embeddable":true,"href":"https:\/\/pradorey.es\/de\/wp-json\/wp\/v2\/product_brand?post=67331"},{"taxonomy":"product_cat","embeddable":true,"href":"https:\/\/pradorey.es\/de\/wp-json\/wp\/v2\/product_cat?post=67331"},{"taxonomy":"product_tag","embeddable":true,"href":"https:\/\/pradorey.es\/de\/wp-json\/wp\/v2\/product_tag?post=67331"}],"curies":[{"name":"wp","href":"https:\/\/api.w.org\/{rel}","templated":true}]}}