{"id":2880,"date":"2016-12-27T00:17:54","date_gmt":"2016-12-26T23:17:54","guid":{"rendered":"http:\/\/www.pradorey.es\/?page_id=2880"},"modified":"2024-02-22T19:16:02","modified_gmt":"2024-02-22T18:16:02","slug":"use-of-cookies","status":"publish","type":"page","link":"https:\/\/pradorey.es\/en\/use-of-cookies\/","title":{"rendered":"Use of Cookies"},"content":{"rendered":"\t\t<div data-elementor-type=\"wp-page\" data-elementor-id=\"2880\" class=\"elementor elementor-2880 elementor-2334\" data-elementor-post-type=\"page\">\n\t\t\t\t\t\t<section class=\"elementor-section elementor-top-section elementor-element elementor-element-4773676 elementor-section-height-min-height elementor-section-boxed elementor-section-height-default elementor-section-items-middle elementor-invisible\" data-id=\"4773676\" data-element_type=\"section\" data-e-type=\"section\" data-settings=\"{&quot;background_background&quot;:&quot;classic&quot;,&quot;animation&quot;:&quot;fadeIn&quot;}\">\n\t\t\t\t\t\t\t<div class=\"elementor-background-overlay\"><\/div>\n\t\t\t\t\t\t\t<div class=\"elementor-container elementor-column-gap-default\">\n\t\t\t\t\t<div class=\"elementor-column elementor-col-100 elementor-top-column elementor-element elementor-element-f153974\" data-id=\"f153974\" data-element_type=\"column\" data-e-type=\"column\">\n\t\t\t<div class=\"elementor-widget-wrap elementor-element-populated\">\n\t\t\t\t\t\t<div class=\"elementor-element elementor-element-729cde0 animated-slow elementor-invisible elementor-widget elementor-widget-image\" data-id=\"729cde0\" data-element_type=\"widget\" data-e-type=\"widget\" data-settings=\"{&quot;_animation&quot;:&quot;slideInDown&quot;}\" data-widget_type=\"image.default\">\n\t\t\t\t<div class=\"elementor-widget-container\">\n\t\t\t\t\t\t\t\t\t\t\t\t\t\t\t<img fetchpriority=\"high\" decoding=\"async\" width=\"792\" height=\"250\" src=\"https:\/\/pradorey.es\/wp-content\/uploads\/2018\/03\/Capa-1.png\" class=\"attachment-large size-large wp-image-36970\" alt=\"\" srcset=\"https:\/\/pradorey.es\/wp-content\/uploads\/2018\/03\/Capa-1.png 792w, https:\/\/pradorey.es\/wp-content\/uploads\/2018\/03\/Capa-1-300x95.png 300w, https:\/\/pradorey.es\/wp-content\/uploads\/2018\/03\/Capa-1-768x242.png 768w, https:\/\/pradorey.es\/wp-content\/uploads\/2018\/03\/Capa-1-20x6.png 20w, https:\/\/pradorey.es\/wp-content\/uploads\/2018\/03\/Capa-1-600x189.png 600w\" sizes=\"(max-width: 792px) 100vw, 792px\" \/>\t\t\t\t\t\t\t\t\t\t\t\t\t\t\t<\/div>\n\t\t\t\t<\/div>\n\t\t\t\t<div class=\"elementor-element elementor-element-192dbd6 animated-slow elementor-invisible elementor-widget elementor-widget-heading\" data-id=\"192dbd6\" data-element_type=\"widget\" data-e-type=\"widget\" data-settings=\"{&quot;_animation&quot;:&quot;fadeIn&quot;}\" data-widget_type=\"heading.default\">\n\t\t\t\t<div class=\"elementor-widget-container\">\n\t\t\t\t\t<p class=\"elementor-heading-title elementor-size-default\">PRIVACY POLICY<\/p>\t\t\t\t<\/div>\n\t\t\t\t<\/div>\n\t\t\t\t\t<\/div>\n\t\t<\/div>\n\t\t\t\t\t<\/div>\n\t\t<\/section>\n\t\t\t\t<section class=\"elementor-section elementor-top-section elementor-element elementor-element-c0ed7ec elementor-section-boxed elementor-section-height-default elementor-section-height-default\" data-id=\"c0ed7ec\" data-element_type=\"section\" data-e-type=\"section\">\n\t\t\t\t\t\t<div class=\"elementor-container elementor-column-gap-default\">\n\t\t\t\t\t<div class=\"elementor-column elementor-col-100 elementor-top-column elementor-element elementor-element-5dee33f\" data-id=\"5dee33f\" data-element_type=\"column\" data-e-type=\"column\">\n\t\t\t<div class=\"elementor-widget-wrap elementor-element-populated\">\n\t\t\t\t\t\t<div class=\"elementor-element elementor-element-14580d1 elementor-widget elementor-widget-spacer\" data-id=\"14580d1\" data-element_type=\"widget\" data-e-type=\"widget\" data-widget_type=\"spacer.default\">\n\t\t\t\t<div class=\"elementor-widget-container\">\n\t\t\t\t\t\t\t<div class=\"elementor-spacer\">\n\t\t\t<div class=\"elementor-spacer-inner\"><\/div>\n\t\t<\/div>\n\t\t\t\t\t\t<\/div>\n\t\t\t\t<\/div>\n\t\t\t\t<div class=\"elementor-element elementor-element-1244c96 elementor-widget elementor-widget-html\" data-id=\"1244c96\" data-element_type=\"widget\" data-e-type=\"widget\" data-widget_type=\"html.default\">\n\t\t\t\t<div class=\"elementor-widget-container\">\n\t\t\t\t\t<script id=\"CookieDeclaration\" src=\"https:\/\/consent.cookiebot.com\/e936aee0-484f-4274-8065-febd54e47663\/cd.js\" type=\"text\/javascript\" async><\/script>\t\t\t\t<\/div>\n\t\t\t\t<\/div>\n\t\t\t\t<div class=\"elementor-element elementor-element-1586fdf elementor-widget elementor-widget-text-editor\" data-id=\"1586fdf\" data-element_type=\"widget\" data-e-type=\"widget\" data-widget_type=\"text-editor.default\">\n\t\t\t\t<div class=\"elementor-widget-container\">\n\t\t\t\t\t\t\t\t\t<h2 class=\"vc_custom_heading\"><\/h2>\n<div class=\"wpb_text_column wpb_content_element \">\n<div class=\"wpb_wrapper\">\n<p>Este sitio web, al igual que la mayor\u00eda de los sitios en Internet, utiliza Cookies para mejorar y optimizar la experiencia del usuario. A continuaci\u00f3n encontrar\u00e1 informaci\u00f3n detallada sobre qu\u00e9 son las \u201cCookies\u201d, qu\u00e9 tipolog\u00eda utiliza este sitio web, y c\u00f3mo bloquear espec\u00edficamente la instalaci\u00f3n de Cookies de terceros.<\/p>\n<h3>\u00bfQu\u00e9 son las Cookies y c\u00f3mo se utilizan en el sitio web de PRADOREY?<\/h3>\n<p>Las Cookies son archivos que el sitio web o la aplicaci\u00f3n que utiliza instala en su navegador o en su dispositivo (Smartphone, tableta o televisi\u00f3n conectada) durante su recorrido por las p\u00e1ginas o por la aplicaci\u00f3n, y sirven para almacenar informaci\u00f3n sobre su visita. Como la mayor\u00eda de los sitios en Internet, el sitio web de PRADOREY utiliza Cookies para:<\/p>\n<ul>\n<li>Asegurar que las p\u00e1ginas web pueden funcionar correctamente<\/li>\n<li>Almacenar sus preferencias, como el idioma que ha seleccionado o el tama\u00f1o de letra.<\/li>\n<li>Conocer su experiencia de navegaci\u00f3n.<\/li>\n<li>Recopilar informaci\u00f3n estad\u00edstica an\u00f3nima, como qu\u00e9 p\u00e1ginas has visto o cu\u00e1nto tiempo has estado en nuestros medios.<\/li>\n<\/ul>\n<p>El uso de Cookies nos permite optimizar su navegaci\u00f3n, adaptando la informaci\u00f3n y los servicios ofrecidos a sus intereses, para proporcionarle una mejor experiencia siempre que nos visite. El sitio web de PRADOREY utiliza Cookies para funcionar, adaptar y facilitar al m\u00e1ximo la navegaci\u00f3n del usuario. En ning\u00fan momento utilizamos Cookies con prop\u00f3sitos publicitarios.<\/p>\n<p>Las Cookies se asocian \u00fanicamente a un usuario an\u00f3nimo y su ordenador\/dispositivo y no proporcionan referencias que permitan conocer datos personales. En todo momento podr\u00e1 acceder a la configuraci\u00f3n de su navegador para modificar y\/o bloquear la instalaci\u00f3n de las Cookies enviadas por el sitio web de PRADOREY, sin que ello impida al acceso a los contenidos. Sin embargo, si no acepta la utilizaci\u00f3n de Cookies, la calidad del funcionamiento de los servicios puede verse afectada.<\/p>\n<p>Los usuarios que completen el proceso de registro o hayan iniciado sesi\u00f3n con sus datos de acceso podr\u00e1n acceder a servicios personalizados y adaptados a sus preferencias seg\u00fan la informaci\u00f3n personal suministrada en el momento del registro y la almacenada en la Cookie de su navegador.<\/p>\n<h3>\u00bfPor qu\u00e9 son importantes?<\/h3>\n<ul>\n<li>Desde un punto de vista t\u00e9cnico, permiten que los sitios web funcionen de forma m\u00e1s \u00e1gil y adaptada a las preferencias de los usuarios, como por ejemplo almacenar el idioma, la moneda del pa\u00eds o detectar el dispositivo de acceso.<\/li>\n<li>Establecen niveles de protecci\u00f3n y seguridad que impiden o dificultan ciber-ataques contra el sitio web o sus usuarios.<\/li>\n<li>Permiten que los gestores de los medios puedan conocer datos estad\u00edsticos recopilados en las Cookies para mejorar la calidad y experiencia de sus servicios.<\/li>\n<\/ul>\n<h3>\u00bfCu\u00e1les son los diferentes tipos de Cookies que utilizamos en PRADOREY?<\/h3>\n<ul>\n<li>Las <em>Cookies de Sesi\u00f3n<\/em> expiran cuando el usuario abandona la p\u00e1gina o cierra el navegador, es decir, est\u00e1n activas mientras dura la visita al sitio web y por tanto son borradas de su ordenador al abandonarlo.<\/li>\n<li>Las <em>Cookies Permanentes<\/em> expiran cuando se cumple el objetivo para el que sirven o bien cuando se borran manualmente, tienen fecha de borrado y se utilizan normalmente en proceso de compra online, personalizaciones o en el registro, para no tener que introducir nuestra contrase\u00f1a constantemente.<\/li>\n<\/ul>\n<p>Por otro lado, seg\u00fan quien sea la entidad que gestione el equipo o dominio desde donde se env\u00edan las Cookies y trate los datos que se obtengan, podemos distinguir entre Cookies propias y de terceros.<\/p>\n<ul>\n<li>Las <em>Cookies Propias<\/em> son aquellas Cookies que son enviadas a su ordenador y gestionadas exclusivamente por nosotros para el mejor funcionamiento del sitio web. La informaci\u00f3n que recabamos se emplea para mejorar la calidad de nuestro servicio y tu experiencia como usuario.<\/li>\n<\/ul>\n<ul>\n<li>Si interact\u00faa con el contenido de nuestro Sitio Web tambi\u00e9n pueden establecerse <em>Cookies de Terceros<\/em> (por ejemplo, al pulsar botones de redes sociales o visionar v\u00eddeos alojados en otro sitio web), que son aquellas establecidas por un dominio diferente de nuestro sitio web. No podemos acceder a los datos almacenados en las cookies de otros sitios web cuando navegues en los citados sitios web.<\/li>\n<\/ul>\n<p>Navegar por este portal web supone que se puedan instalar los siguientes tipos de Cookies, las cuales denominamos en su conjunto como \u201c<em>Cookies T\u00e9cnicas<\/em>\u201d:<\/p>\n<ul>\n<li><em>Cookies de Rendimiento<\/em> \u2013 son Cookies que se utilizan para mejorar su experiencia de navegaci\u00f3n y la optimizaci\u00f3n de funcionamiento del sitio web.<\/li>\n<li><em>Cookies de Registro<\/em> \u2013 son Cookies que se utilizan cuando un sitio web requiere de inicio de sesi\u00f3n.<\/li>\n<li><em>Cookies Anal\u00edticas<\/em> \u2013 son Cookies que se utilizan para recopilar informaci\u00f3n sobre la utilizaci\u00f3n de nuestros sitios web de forma an\u00f3nima, con prop\u00f3sitos anal\u00edticos.<\/li>\n<\/ul>\n<p>Algunos servicios de PRADOREY pueden utilizar conectores con diversas redes sociales: <em>Facebook, Twitter, Google+, Youtube<\/em>, etc. Al utilizar el registro social, autoriza a la red social a almacenar una Cookie persistente. Esta Cookie recuerda su identificaci\u00f3n en el servicio, haciendo mucho m\u00e1s r\u00e1pido el acceso en siguientes visitas. Esta Cookie puede ser eliminada, y adem\u00e1s, puede anular los permisos de acceso de los servicios de PRADOREY desde la configuraci\u00f3n de privacidad de la red social concreta.<\/p>\n<h3>\u00bfC\u00f3mo puedo configurar mis Cookies?<\/h3>\n<p>Al navegar y continuar en nuestro sitio web estar\u00e1 consintiendo el uso de las Cookies en las condiciones contenidas en la presente Pol\u00edtica de Cookies. PRADOREY proporciona acceso a esta Pol\u00edtica de Cookies con el objetivo de que el usuario est\u00e9 informado, y sin perjuicio de que \u00e9ste pueda ejercer su derecho a bloquear, eliminar y rechazar el uso de Cookies en todo momento.<\/p>\n<p>En cualquier caso le informamos de que, dado que las Cookies no son necesarias para el uso de nuestro sitio web, puede bloquearlas o deshabilitarlas activando la configuraci\u00f3n de su navegador, que le permite rechazar la instalaci\u00f3n de todas las Cookies o de algunas de ellas. La mayor\u00eda de los navegadores permiten advertir de la presencia de Cookies o rechazarlas autom\u00e1ticamente. Si las rechaza podr\u00e1 seguir usando nuestro sitio web, aunque el uso de algunos de sus servicios podr\u00e1 ser limitado y por tanto su experiencia en nuestro sitio web ser\u00e1 menos satisfactoria. En cualquier momento podr\u00eda bloquear la utilizaci\u00f3n de Cookies ajustando la configuraci\u00f3n de su navegador.<\/p>\n<h3>\u00bfActualizamos nuestra Pol\u00edtica de Cookies?<\/h3>\n<p>Es posible que actualicemos la Pol\u00edtica de Cookies de nuestro sitio web, por ello le recomendamos revisar esta pol\u00edtica cada vez que acceda a nuestro sitio web con el objetivo de estar adecuadamente informado sobre c\u00f3mo y para qu\u00e9 usamos las Cookies. La Pol\u00edtica de Cookies se actualiz\u00f3 por \u00faltima vez a fecha: 01<em>\u00a0de Diciembre\u00a0de 2016<\/em>.<\/p>\n<\/div>\n<\/div>\n<div class=\"vc_separator wpb_content_element vc_separator_align_center vc_sep_width_100 vc_sep_border_width_2 vc_sep_pos_align_center vc_separator_no_text vc_sep_color_grey\"><\/div>\n\t\t\t\t\t\t\t\t<\/div>\n\t\t\t\t<\/div>\n\t\t\t\t\t<\/div>\n\t\t<\/div>\n\t\t\t\t\t<\/div>\n\t\t<\/section>\n\t\t\t\t<\/div>\n\t\t","protected":false},"excerpt":{"rendered":"<p>PRIVACY POLICY Este sitio web, al igual que la mayor\u00eda de los sitios en Internet, utiliza Cookies para mejorar y optimizar la experiencia del usuario. A continuaci\u00f3n encontrar\u00e1 informaci\u00f3n detallada sobre qu\u00e9 son las \u201cCookies\u201d, qu\u00e9 tipolog\u00eda utiliza este sitio web, y c\u00f3mo bloquear espec\u00edficamente la instalaci\u00f3n de Cookies de terceros. \u00bfQu\u00e9 son las Cookies [&hellip;]<\/p>\n","protected":false},"author":10,"featured_media":0,"parent":0,"menu_order":0,"comment_status":"closed","ping_status":"closed","template":"","meta":{"_acf_changed":false,"footnotes":""},"class_list":["post-2880","page","type-page","status-publish","hentry"],"acf":[],"_links":{"self":[{"href":"https:\/\/pradorey.es\/en\/wp-json\/wp\/v2\/pages\/2880","targetHints":{"allow":["GET"]}}],"collection":[{"href":"https:\/\/pradorey.es\/en\/wp-json\/wp\/v2\/pages"}],"about":[{"href":"https:\/\/pradorey.es\/en\/wp-json\/wp\/v2\/types\/page"}],"author":[{"embeddable":true,"href":"https:\/\/pradorey.es\/en\/wp-json\/wp\/v2\/users\/10"}],"replies":[{"embeddable":true,"href":"https:\/\/pradorey.es\/en\/wp-json\/wp\/v2\/comments?post=2880"}],"version-history":[{"count":0,"href":"https:\/\/pradorey.es\/en\/wp-json\/wp\/v2\/pages\/2880\/revisions"}],"wp:attachment":[{"href":"https:\/\/pradorey.es\/en\/wp-json\/wp\/v2\/media?parent=2880"}],"curies":[{"name":"wp","href":"https:\/\/api.w.org\/{rel}","templated":true}]}}