{"id":135422,"date":"2023-05-09T16:31:46","date_gmt":"2023-05-09T14:31:46","guid":{"rendered":"https:\/\/pradorey.es\/?post_type=product&#038;p=135422"},"modified":"2025-02-17T15:38:32","modified_gmt":"2025-02-17T14:38:32","slug":"pack-pradorey-finca-la-mina-x2-pradorey-finca-valdelayegua-x2-pradorey-blanco-x2-copia","status":"publish","type":"product","link":"https:\/\/pradorey.es\/en\/the-wines\/pack-salgueros\/","title":{"rendered":"Pack Salg\u00fceros"},"content":{"rendered":"","protected":false},"excerpt":{"rendered":"<p>GET 3 BOTTLES IN THIS AGED WINE PACK: SALG\u00dcERO RED, ROS\u00c9, AND WHITE<\/p>\n","protected":false},"featured_media":136734,"template":"","meta":{"_acf_changed":false},"product_brand":[],"product_cat":[729],"product_tag":[615],"class_list":{"0":"post-135422","1":"product","2":"type-product","3":"status-publish","4":"has-post-thumbnail","6":"product_cat-otros-formatos-en","7":"product_tag-salguero-en","9":"first","10":"instock","11":"taxable","12":"shipping-taxable","13":"purchasable","14":"product-type-simple"},"acf":[],"_links":{"self":[{"href":"https:\/\/pradorey.es\/en\/wp-json\/wp\/v2\/product\/135422","targetHints":{"allow":["GET"]}}],"collection":[{"href":"https:\/\/pradorey.es\/en\/wp-json\/wp\/v2\/product"}],"about":[{"href":"https:\/\/pradorey.es\/en\/wp-json\/wp\/v2\/types\/product"}],"version-history":[{"count":1,"href":"https:\/\/pradorey.es\/en\/wp-json\/wp\/v2\/product\/135422\/revisions"}],"predecessor-version":[{"id":167777,"href":"https:\/\/pradorey.es\/en\/wp-json\/wp\/v2\/product\/135422\/revisions\/167777"}],"wp:featuredmedia":[{"embeddable":true,"href":"https:\/\/pradorey.es\/en\/wp-json\/wp\/v2\/media\/136734"}],"wp:attachment":[{"href":"https:\/\/pradorey.es\/en\/wp-json\/wp\/v2\/media?parent=135422"}],"wp:term":[{"taxonomy":"product_brand","embeddable":true,"href":"https:\/\/pradorey.es\/en\/wp-json\/wp\/v2\/product_brand?post=135422"},{"taxonomy":"product_cat","embeddable":true,"href":"https:\/\/pradorey.es\/en\/wp-json\/wp\/v2\/product_cat?post=135422"},{"taxonomy":"product_tag","embeddable":true,"href":"https:\/\/pradorey.es\/en\/wp-json\/wp\/v2\/product_tag?post=135422"}],"curies":[{"name":"wp","href":"https:\/\/api.w.org\/{rel}","templated":true}]}}