{"id":188643,"date":"2025-12-30T17:08:17","date_gmt":"2025-12-30T16:08:17","guid":{"rendered":"https:\/\/pradorey.es\/?post_type=product&#038;p=188643"},"modified":"2026-02-03T13:51:58","modified_gmt":"2026-02-03T12:51:58","slug":"pradorey-finca-la-recorba-copia","status":"publish","type":"product","link":"https:\/\/pradorey.es\/en\/the-wines\/pradorey-finca-la-recorba-copia\/","title":{"rendered":"El Mir\u00f3n"},"content":{"rendered":"<div class=\"text-base my-auto mx-auto pb-10 [--thread-content-margin:--spacing(4)] @w-sm\/main:[--thread-content-margin:--spacing(6)] @w-lg\/main:[--thread-content-margin:--spacing(16)] px-(--thread-content-margin)\">\n<div class=\"[--thread-content-max-width:40rem] @w-lg\/main:[--thread-content-max-width:48rem] mx-auto max-w-(--thread-content-max-width) flex-1 group\/turn-messages focus-visible:outline-hidden relative flex w-full min-w-0 flex-col agent-turn\" tabindex=\"-1\">\n<div class=\"flex max-w-full flex-col grow\">\n<div class=\"min-h-8 text-message relative flex w-full flex-col items-end gap-2 text-start break-words whitespace-normal [.text-message+&amp;]:mt-1\" dir=\"auto\" data-message-author-role=\"assistant\" data-message-id=\"35d36185-dc64-4161-aa52-e4f19d990232\" data-message-model-slug=\"gpt-5-2\">\n<div class=\"flex w-full flex-col gap-1 empty:hidden first:pt-[1px]\">\n<div class=\"markdown prose dark:prose-invert w-full wrap-break-word light markdown-new-styling\">\n<h3 data-start=\"0\" data-end=\"926\">&#8211; Estate<\/h3>\n<ul>\n<li data-start=\"0\" data-end=\"926\">Pago Valdelayegua<\/li>\n<li data-start=\"0\" data-end=\"926\">Altitude: between 790 m and 820 m<\/li>\n<li data-start=\"0\" data-end=\"926\">Gentle south-facing slopes, near the Duero and Gromej\u00f3n rivers<\/li>\n<li data-start=\"0\" data-end=\"926\">Sandy-loam and clay-loam soils with limestone outcrops<\/li>\n<li data-start=\"0\" data-end=\"926\">95 % Tempranillo, 3 % Cabernet Sauvignon and 2 % Merlot<\/li>\n<li data-start=\"0\" data-end=\"926\">Hand-harvested<\/li>\n<\/ul>\n<h3 data-start=\"0\" data-end=\"926\">&#8211; Ageing<\/h3>\n<ul>\n<li data-start=\"0\" data-end=\"926\">12 months in French oak barrels<\/li>\n<li data-start=\"0\" data-end=\"926\">3 months in Nevers wooden cones<\/li>\n<\/ul>\n<h3 data-start=\"0\" data-end=\"926\">&#8211; Tasting<\/h3>\n<ul>\n<li data-start=\"0\" data-end=\"926\">APPEARANCE: Deep cherry-red colour, with intense<br data-start=\"397\" data-end=\"400\" \/>bluish hues, deep and bright<\/li>\n<li data-start=\"0\" data-end=\"926\">NOSE: High intensity. Ripe red fruit predominates, with sweet nuances provided by barrel ageing. Mineral, balsamic and complex background<\/li>\n<li data-start=\"0\" data-end=\"926\">PALATE: Flavourful on the palate, with rounded tannins and pleasant freshness. Tasty, velvety finish with great concentration of fruit<\/li>\n<\/ul>\n<h3 data-start=\"0\" data-end=\"926\">&#8211; Food pairing<\/h3>\n<ul>\n<li data-start=\"0\" data-end=\"926\">Roasts and game<\/li>\n<li data-start=\"0\" data-end=\"926\">Grilled or barbecued red meats<\/li>\n<li data-start=\"0\" data-end=\"926\">Aged and spicy cheeses<\/li>\n<\/ul>\n<h3 data-start=\"0\" data-end=\"926\">&#8211; Awards<\/h3>\n<ul>\n<li data-start=\"0\" data-end=\"926\">90 points, Gu\u00eda Pe\u00f1\u00edn 2017<\/li>\n<li data-start=\"0\" data-end=\"926\">Bronze Medal, International Wine &amp; Spirits Competition 2016<\/li>\n<li data-start=\"0\" data-end=\"926\">Bronze Medal, Decanter 2016<\/li>\n<\/ul>\n<\/div>\n<\/div>\n<\/div>\n<\/div>\n<\/div>\n<\/div>\n","protected":false},"excerpt":{"rendered":"<p data-start=\"146\" data-end=\"212\">A fresh and contemporary wine that reflects the new Ribera del Duero<\/p>\n","protected":false},"featured_media":188764,"template":"","meta":{"_acf_changed":false},"product_brand":[],"product_cat":[342],"product_tag":[508],"class_list":{"0":"post-188643","1":"product","2":"type-product","3":"status-publish","4":"has-post-thumbnail","6":"product_cat-vinos-pradorey-en","7":"product_tag-urbanita-en","9":"first","10":"instock","11":"taxable","12":"shipping-taxable","13":"purchasable","14":"product-type-simple"},"acf":[],"_links":{"self":[{"href":"https:\/\/pradorey.es\/en\/wp-json\/wp\/v2\/product\/188643","targetHints":{"allow":["GET"]}}],"collection":[{"href":"https:\/\/pradorey.es\/en\/wp-json\/wp\/v2\/product"}],"about":[{"href":"https:\/\/pradorey.es\/en\/wp-json\/wp\/v2\/types\/product"}],"version-history":[{"count":1,"href":"https:\/\/pradorey.es\/en\/wp-json\/wp\/v2\/product\/188643\/revisions"}],"predecessor-version":[{"id":189905,"href":"https:\/\/pradorey.es\/en\/wp-json\/wp\/v2\/product\/188643\/revisions\/189905"}],"wp:featuredmedia":[{"embeddable":true,"href":"https:\/\/pradorey.es\/en\/wp-json\/wp\/v2\/media\/188764"}],"wp:attachment":[{"href":"https:\/\/pradorey.es\/en\/wp-json\/wp\/v2\/media?parent=188643"}],"wp:term":[{"taxonomy":"product_brand","embeddable":true,"href":"https:\/\/pradorey.es\/en\/wp-json\/wp\/v2\/product_brand?post=188643"},{"taxonomy":"product_cat","embeddable":true,"href":"https:\/\/pradorey.es\/en\/wp-json\/wp\/v2\/product_cat?post=188643"},{"taxonomy":"product_tag","embeddable":true,"href":"https:\/\/pradorey.es\/en\/wp-json\/wp\/v2\/product_tag?post=188643"}],"curies":[{"name":"wp","href":"https:\/\/api.w.org\/{rel}","templated":true}]}}