{"id":189091,"date":"2026-01-19T16:27:07","date_gmt":"2026-01-19T15:27:07","guid":{"rendered":"https:\/\/pradorey.es\/?post_type=product&#038;p=189091"},"modified":"2026-02-03T10:52:59","modified_gmt":"2026-02-03T09:52:59","slug":"pradorey-finca-la-recorba-copia-copia-2","status":"publish","type":"product","link":"https:\/\/pradorey.es\/en\/the-wines\/pradorey-finca-la-recorba-copia-copia-2\/","title":{"rendered":"La Trucha Arcoiris"},"content":{"rendered":"<h3 data-start=\"1297\" data-end=\"2224\">&#8211; Estate<\/h3>\n<ul>\n<li data-start=\"1297\" data-end=\"2224\">Pago Valdelayegua<\/li>\n<li data-start=\"1297\" data-end=\"2224\">Altitude: between 790 m and 820 m<\/li>\n<li data-start=\"1297\" data-end=\"2224\">Gentle south-facing slopes, near the Duero and Gromej\u00f3n rivers<\/li>\n<li data-start=\"1297\" data-end=\"2224\">Sandy loam and clay loam soils with limestone outcrops<\/li>\n<li data-start=\"1297\" data-end=\"2224\">95% Tempranillo, 3% Cabernet Sauvignon and 2% Merlot<\/li>\n<li data-start=\"1297\" data-end=\"2224\">Hand-harvested<\/li>\n<\/ul>\n<h3 data-start=\"1297\" data-end=\"2224\">&#8211; Ageing<\/h3>\n<ul>\n<li data-start=\"1297\" data-end=\"2224\">12 months in French oak barrels<\/li>\n<li data-start=\"1297\" data-end=\"2224\">3 months in Nevers wooden cones<\/li>\n<\/ul>\n<h3 data-start=\"1297\" data-end=\"2224\">&#8211; Tasting<\/h3>\n<ul>\n<li data-start=\"1297\" data-end=\"2224\">APPEARANCE: Deep cherry-red color, with intense<br data-start=\"1700\" data-end=\"1703\" \/>bluish hues, deep and bright<\/li>\n<li data-start=\"1297\" data-end=\"2224\">NOSE: High intensity. Ripe red fruit dominates, with sweet hints from barrel ageing. A mineral, balsamic and complex background<\/li>\n<li data-start=\"1297\" data-end=\"2224\">PALATE: Tasty on the palate, with rounded tannins and a pleasant freshness. A flavorful, velvety finish with great concentration of fruit<\/li>\n<\/ul>\n<h3 data-start=\"1297\" data-end=\"2224\">&#8211; Food pairing<\/h3>\n<ul>\n<li data-start=\"1297\" data-end=\"2224\">Roasts and game<\/li>\n<li data-start=\"1297\" data-end=\"2224\">Grilled or barbecued red meats<\/li>\n<li data-start=\"1297\" data-end=\"2224\">Aged and spicy cheeses<\/li>\n<\/ul>\n<h3 data-start=\"1297\" data-end=\"2224\">&#8211; Awards<\/h3>\n<ul>\n<li data-start=\"1297\" data-end=\"2224\">90 points, Gu\u00eda Pe\u00f1\u00edn 2017<\/li>\n<li data-start=\"1297\" data-end=\"2224\">Bronze Medal, International Wine &amp; Spirits Competition 2016<\/li>\n<li data-start=\"1297\" data-end=\"2224\">Bronze Medal, Decanter 2016<\/li>\n<\/ul>\n","protected":false},"excerpt":{"rendered":"<p data-start=\"146\" data-end=\"212\">A single-parcel Viognier to discover how animals live in freedom<\/p>\n","protected":false},"featured_media":189283,"template":"","meta":{"_acf_changed":false},"product_brand":[],"product_cat":[342],"product_tag":[510],"class_list":{"0":"post-189091","1":"product","2":"type-product","3":"status-publish","4":"has-post-thumbnail","6":"product_cat-vinos-pradorey-en","7":"product_tag-trendy-en","9":"first","10":"instock","11":"taxable","12":"shipping-taxable","13":"purchasable","14":"product-type-simple"},"acf":[],"_links":{"self":[{"href":"https:\/\/pradorey.es\/en\/wp-json\/wp\/v2\/product\/189091","targetHints":{"allow":["GET"]}}],"collection":[{"href":"https:\/\/pradorey.es\/en\/wp-json\/wp\/v2\/product"}],"about":[{"href":"https:\/\/pradorey.es\/en\/wp-json\/wp\/v2\/types\/product"}],"version-history":[{"count":1,"href":"https:\/\/pradorey.es\/en\/wp-json\/wp\/v2\/product\/189091\/revisions"}],"predecessor-version":[{"id":189877,"href":"https:\/\/pradorey.es\/en\/wp-json\/wp\/v2\/product\/189091\/revisions\/189877"}],"wp:featuredmedia":[{"embeddable":true,"href":"https:\/\/pradorey.es\/en\/wp-json\/wp\/v2\/media\/189283"}],"wp:attachment":[{"href":"https:\/\/pradorey.es\/en\/wp-json\/wp\/v2\/media?parent=189091"}],"wp:term":[{"taxonomy":"product_brand","embeddable":true,"href":"https:\/\/pradorey.es\/en\/wp-json\/wp\/v2\/product_brand?post=189091"},{"taxonomy":"product_cat","embeddable":true,"href":"https:\/\/pradorey.es\/en\/wp-json\/wp\/v2\/product_cat?post=189091"},{"taxonomy":"product_tag","embeddable":true,"href":"https:\/\/pradorey.es\/en\/wp-json\/wp\/v2\/product_tag?post=189091"}],"curies":[{"name":"wp","href":"https:\/\/api.w.org\/{rel}","templated":true}]}}