{"id":132351,"date":"2023-02-20T12:12:01","date_gmt":"2023-02-20T11:12:01","guid":{"rendered":"https:\/\/pradorey.es\/tienda-online\/vino-tinto\/"},"modified":"2023-02-20T12:13:40","modified_gmt":"2023-02-20T11:13:40","slug":"vino-tinto","status":"publish","type":"page","link":"https:\/\/pradorey.es\/fr\/tienda-online\/vino-tinto\/","title":{"rendered":"vino-tinto"},"content":{"rendered":"\t\t<div data-elementor-type=\"wp-page\" data-elementor-id=\"132351\" class=\"elementor elementor-132351 elementor-58692\" data-elementor-post-type=\"page\">\n\t\t\t\t\t\t<section class=\"elementor-section elementor-top-section elementor-element elementor-element-bdfb5fe elementor-section-height-min-height elementor-section-boxed elementor-section-height-default elementor-section-items-middle\" data-id=\"bdfb5fe\" data-element_type=\"section\" data-e-type=\"section\" data-settings=\"{&quot;background_background&quot;:&quot;classic&quot;,&quot;background_motion_fx_motion_fx_scrolling&quot;:&quot;yes&quot;,&quot;background_motion_fx_devices&quot;:[&quot;desktop&quot;]}\">\n\t\t\t\t\t\t\t<div class=\"elementor-background-overlay\"><\/div>\n\t\t\t\t\t\t\t<div class=\"elementor-container elementor-column-gap-default\">\n\t\t\t\t\t<div class=\"elementor-column elementor-col-50 elementor-top-column elementor-element elementor-element-13e8b83 animated-slow elementor-invisible\" data-id=\"13e8b83\" data-element_type=\"column\" data-e-type=\"column\" data-settings=\"{&quot;animation&quot;:&quot;fadeIn&quot;}\">\n\t\t\t<div class=\"elementor-widget-wrap elementor-element-populated\">\n\t\t\t\t\t\t<div class=\"elementor-element elementor-element-f4172cb elementor-widget elementor-widget-heading\" data-id=\"f4172cb\" data-element_type=\"widget\" data-e-type=\"widget\" data-widget_type=\"heading.default\">\n\t\t\t\t<div class=\"elementor-widget-container\">\n\t\t\t\t\t<h1 class=\"elementor-heading-title elementor-size-large\">Vino Tinto Ribera del Duero<\/h1>\t\t\t\t<\/div>\n\t\t\t\t<\/div>\n\t\t\t\t<div class=\"elementor-element elementor-element-4357954 elementor-widget elementor-widget-spacer\" data-id=\"4357954\" data-element_type=\"widget\" data-e-type=\"widget\" data-widget_type=\"spacer.default\">\n\t\t\t\t<div class=\"elementor-widget-container\">\n\t\t\t\t\t\t\t<div class=\"elementor-spacer\">\n\t\t\t<div class=\"elementor-spacer-inner\"><\/div>\n\t\t<\/div>\n\t\t\t\t\t\t<\/div>\n\t\t\t\t<\/div>\n\t\t\t\t\t<\/div>\n\t\t<\/div>\n\t\t\t\t<div class=\"elementor-column elementor-col-50 elementor-top-column elementor-element elementor-element-16d0643\" data-id=\"16d0643\" data-element_type=\"column\" data-e-type=\"column\">\n\t\t\t<div class=\"elementor-widget-wrap\">\n\t\t\t\t\t\t\t<\/div>\n\t\t<\/div>\n\t\t\t\t\t<\/div>\n\t\t<\/section>\n\t\t\t\t<section class=\"elementor-section elementor-top-section elementor-element elementor-element-2b10e4a elementor-section-boxed elementor-section-height-default elementor-section-height-default\" data-id=\"2b10e4a\" data-element_type=\"section\" data-e-type=\"section\">\n\t\t\t\t\t\t<div class=\"elementor-container elementor-column-gap-default\">\n\t\t\t\t\t<div class=\"elementor-column elementor-col-100 elementor-top-column elementor-element elementor-element-4240a1f\" data-id=\"4240a1f\" data-element_type=\"column\" data-e-type=\"column\">\n\t\t\t<div class=\"elementor-widget-wrap elementor-element-populated\">\n\t\t\t\t\t\t<div class=\"elementor-element elementor-element-1008fef elementor-widget elementor-widget-text-editor\" data-id=\"1008fef\" data-element_type=\"widget\" data-e-type=\"widget\" data-widget_type=\"text-editor.default\">\n\t\t\t\t<div class=\"elementor-widget-container\">\n\t\t\t\t\t\t\t\t\t<p>Elaboramos todos los vinos tintos exclusivamente con nuestra uva de Ribera de Duero, creados desde lo natural, diferenciando y trabajando cada vi\u00f1edo por parcelas para lograr unos caldos llenos de personalidad. En Ribera del Duero elaboramos todos nuestros vinos tintos con la intenci\u00f3n de lograr la satisfacci\u00f3n de nuestros clientes.<\/p>\n\t\t\t\t\t\t\t\t<\/div>\n\t\t\t\t<\/div>\n\t\t\t\t\t<\/div>\n\t\t<\/div>\n\t\t\t\t\t<\/div>\n\t\t<\/section>\n\t\t<div class=\"elementor-element elementor-element-c7d1f8a e-flex e-con-boxed e-con e-parent\" data-id=\"c7d1f8a\" data-element_type=\"container\" data-e-type=\"container\">\n\t\t\t\t\t<div class=\"e-con-inner\">\n\t\t\t\t<div class=\"elementor-element elementor-element-784c4fc premium-woo-product-align-center premium-qv-hidden-yes elementor-widget elementor-widget-premium-woo-products\" data-id=\"784c4fc\" data-element_type=\"widget\" data-e-type=\"widget\" data-widget_type=\"premium-woo-products.grid-1\">\n\t\t\t\t<div class=\"elementor-widget-container\">\n\t\t\t\t\t<div class=\"premium-woocommerce premium-woo-products-grid premium-woo-skin-grid-1 premium-woo-query-custom\" data-page-id=\"132351\" data-skin=\"grid_1\" data-quick-view=\"\"><div class=\"premium-woo-products-inner premium-woo-product__hover-zoomin\"><ul class=\"products columns-4\">\n\n<li class=\" post-67797 product first instock taxable shipping-taxable purchasable product-type-simple\">\n\t<div class=\"premium-woo-product-wrapper premium-con-lq__none\">\n\t\t<div class=\"premium-woo-product-thumbnail\"><a href=\"https:\/\/pradorey.es\/fr\/vinos-pradorey-fr\/el-buen-alfarero\/\" class=\"woocommerce-LoopProduct-link woocommerce-loop-product__link\"><img decoding=\"async\" src=\"https:\/\/pradorey.es\/wp-content\/uploads\/2019\/04\/Pradorey-El-Buen-Alfarero.png\" alt=\"\"><\/a><\/div><div class=\"premium-woo-products-details-wrap\"><a href=\"https:\/\/pradorey.es\/fr\/vinos-pradorey-fr\/el-buen-alfarero\/\" class=\"premium-woo-product__link\"><h2 class=\"woocommerce-loop-product__title\">El Buen Alfarero<\/h2><\/a><div class=\"premium-woo-product-desc\">Artisanal en jarre<\/div>\n\t<span class=\"price\"><span class=\"woocommerce-Price-amount amount\"><bdi>150,00&nbsp;<span class=\"woocommerce-Price-currencySymbol\">&euro;<\/span><\/bdi><\/span><\/span>\n<div class=\"premium-woo-atc-button\" data-variations=&quot;true&quot;><a href=\"\/fr\/wp-json\/wp\/v2\/pages\/132351?add-to-cart=67797\" aria-describedby=\"woocommerce_loop_add_to_cart_link_describedby_67797\" data-quantity=\"1\" class=\"button product_type_simple add_to_cart_button ajax_add_to_cart\" data-product_id=\"67797\" data-product_sku=\"EBA\" aria-label=\"Ajouter au panier\u00a0: &ldquo;El Buen Alfarero&rdquo;\" rel=\"nofollow\" data-success_message=\"\u00ab\u00a0El Buen Alfarero\u00a0\u00bb a \u00e9t\u00e9 ajout\u00e9 \u00e0 votre panier\">Ajouter au panier<\/a>\t<span id=\"woocommerce_loop_add_to_cart_link_describedby_67797\" class=\"screen-reader-text\">\n\t\t\t<\/span>\n<\/div><\/div>\t<\/div>\n<\/li>\n\n<li class=\" post-67833 product  instock taxable shipping-taxable purchasable product-type-simple\">\n\t<div class=\"premium-woo-product-wrapper premium-con-lq__none\">\n\t\t<div class=\"premium-woo-product-thumbnail\"><a href=\"https:\/\/pradorey.es\/fr\/vinos-pradorey-fr\/pradorey-finca-real-sitio-de-ventosilla\/\" class=\"woocommerce-LoopProduct-link woocommerce-loop-product__link\"><img decoding=\"async\" src=\"https:\/\/pradorey.es\/wp-content\/uploads\/2016\/11\/Pradorey-Gran-Reserva-02-scaled.webp\" alt=\"\"><\/a><\/div><div class=\"premium-woo-products-details-wrap\"><a href=\"https:\/\/pradorey.es\/fr\/vinos-pradorey-fr\/pradorey-finca-real-sitio-de-ventosilla\/\" class=\"premium-woo-product__link\"><h2 class=\"woocommerce-loop-product__title\">Finca Real Sitio de Ventosilla<\/h2><\/a><div class=\"premium-woo-product-desc\">Gran Reserva \u00e9labor\u00e9 lors de mill\u00e9simes exceptionnels<\/div>\n\t<span class=\"price\"><span class=\"woocommerce-Price-amount amount\"><bdi>65,00&nbsp;<span class=\"woocommerce-Price-currencySymbol\">&euro;<\/span><\/bdi><\/span><\/span>\n<div class=\"premium-woo-atc-button\" data-variations=&quot;true&quot;><a href=\"\/fr\/wp-json\/wp\/v2\/pages\/132351?add-to-cart=67833\" aria-describedby=\"woocommerce_loop_add_to_cart_link_describedby_67833\" data-quantity=\"1\" class=\"button product_type_simple add_to_cart_button ajax_add_to_cart\" data-product_id=\"67833\" data-product_sku=\"PGR\" aria-label=\"Ajouter au panier\u00a0: &ldquo;Finca Real Sitio de Ventosilla&rdquo;\" rel=\"nofollow\" data-success_message=\"\u00ab\u00a0Finca Real Sitio de Ventosilla\u00a0\u00bb a \u00e9t\u00e9 ajout\u00e9 \u00e0 votre panier\">Ajouter au panier<\/a>\t<span id=\"woocommerce_loop_add_to_cart_link_describedby_67833\" class=\"screen-reader-text\">\n\t\t\t<\/span>\n<\/div><\/div>\t<\/div>\n<\/li>\n\n<li class=\" post-67830 product  instock taxable shipping-taxable purchasable product-type-simple\">\n\t<div class=\"premium-woo-product-wrapper premium-con-lq__none\">\n\t\t<div class=\"premium-woo-product-thumbnail\"><a href=\"https:\/\/pradorey.es\/fr\/vinos-pradorey-fr\/pradorey-elite\/\" class=\"woocommerce-LoopProduct-link woocommerce-loop-product__link\"><img decoding=\"async\" src=\"https:\/\/pradorey.es\/wp-content\/uploads\/2019\/04\/Pradorey-Elite.png\" alt=\"Pradorey-Elite\"><\/a><\/div><div class=\"premium-woo-products-details-wrap\"><a href=\"https:\/\/pradorey.es\/fr\/vinos-pradorey-fr\/pradorey-elite\/\" class=\"premium-woo-product__link\"><h2 class=\"woocommerce-loop-product__title\">PRADOREY \u00c9lite<\/h2><\/a><div class=\"premium-woo-product-desc\">L'expression supr\u00eame du terroir<\/div>\n\t<span class=\"price\"><span class=\"woocommerce-Price-amount amount\"><bdi>45,00&nbsp;<span class=\"woocommerce-Price-currencySymbol\">&euro;<\/span><\/bdi><\/span><\/span>\n<div class=\"premium-woo-atc-button\" data-variations=&quot;true&quot;><a href=\"\/fr\/wp-json\/wp\/v2\/pages\/132351?add-to-cart=67830\" aria-describedby=\"woocommerce_loop_add_to_cart_link_describedby_67830\" data-quantity=\"1\" class=\"button product_type_simple add_to_cart_button ajax_add_to_cart\" data-product_id=\"67830\" data-product_sku=\"PEL\" aria-label=\"Ajouter au panier\u00a0: &ldquo;PRADOREY \u00c9lite&rdquo;\" rel=\"nofollow\" data-success_message=\"\u00ab\u00a0PRADOREY \u00c9lite\u00a0\u00bb a \u00e9t\u00e9 ajout\u00e9 \u00e0 votre panier\">Ajouter au panier<\/a>\t<span id=\"woocommerce_loop_add_to_cart_link_describedby_67830\" class=\"screen-reader-text\">\n\t\t\t<\/span>\n<\/div><\/div>\t<\/div>\n<\/li>\n\n<li class=\" post-67835 product last instock taxable shipping-taxable purchasable product-type-simple\">\n\t<div class=\"premium-woo-product-wrapper premium-con-lq__none\">\n\t\t<div class=\"premium-woo-product-thumbnail\"><a href=\"https:\/\/pradorey.es\/fr\/vinos-pradorey-fr\/pradorey-finca-la-mina\/\" class=\"woocommerce-LoopProduct-link woocommerce-loop-product__link\"><img decoding=\"async\" src=\"https:\/\/pradorey.es\/wp-content\/uploads\/2025\/11\/Finca-La-Recorba-1-scaled.webp\" alt=\"\"><\/a><\/div><div class=\"premium-woo-products-details-wrap\"><a href=\"https:\/\/pradorey.es\/fr\/vinos-pradorey-fr\/pradorey-finca-la-mina\/\" class=\"premium-woo-product__link\"><h2 class=\"woocommerce-loop-product__title\">PRADOREY Finca la Mina<\/h2><\/a>\n\t<span class=\"price\"><span class=\"woocommerce-Price-amount amount\"><bdi>25,00&nbsp;<span class=\"woocommerce-Price-currencySymbol\">&euro;<\/span><\/bdi><\/span><\/span>\n<div class=\"premium-woo-atc-button\" ><a href=\"\/fr\/wp-json\/wp\/v2\/pages\/132351?add-to-cart=67835\" aria-describedby=\"woocommerce_loop_add_to_cart_link_describedby_67835\" data-quantity=\"1\" class=\"button product_type_simple add_to_cart_button ajax_add_to_cart\" data-product_id=\"67835\" data-product_sku=\"PRV\" aria-label=\"Ajouter au panier\u00a0: &ldquo;PRADOREY Finca la Mina&rdquo;\" rel=\"nofollow\" data-success_message=\"\u00ab\u00a0PRADOREY Finca la Mina\u00a0\u00bb a \u00e9t\u00e9 ajout\u00e9 \u00e0 votre panier\">Ajouter au panier<\/a>\t<span id=\"woocommerce_loop_add_to_cart_link_describedby_67835\" class=\"screen-reader-text\">\n\t\t\t<\/span>\n<\/div><\/div>\t<\/div>\n<\/li>\n\n<li class=\" post-67803 product first instock taxable shipping-taxable purchasable product-type-simple\">\n\t<div class=\"premium-woo-product-wrapper premium-con-lq__none\">\n\t\t<div class=\"premium-woo-product-thumbnail\"><a href=\"https:\/\/pradorey.es\/fr\/vinos-pradorey-fr\/adaro\/\" class=\"woocommerce-LoopProduct-link woocommerce-loop-product__link\"><img decoding=\"async\" src=\"https:\/\/pradorey.es\/wp-content\/uploads\/2019\/04\/Pradorey-Adaro.png\" alt=\"Pradorey-Adaro\"><\/a><\/div><div class=\"premium-woo-products-details-wrap\"><a href=\"https:\/\/pradorey.es\/fr\/vinos-pradorey-fr\/adaro\/\" class=\"premium-woo-product__link\"><h2 class=\"woocommerce-loop-product__title\">Adaro<\/h2><\/a><div class=\"premium-woo-product-desc\">Le vin qui rend hommage au fondateur de la marque<\/div>\n\t<span class=\"price\"><span class=\"woocommerce-Price-amount amount\"><bdi>25,00&nbsp;<span class=\"woocommerce-Price-currencySymbol\">&euro;<\/span><\/bdi><\/span><\/span>\n<div class=\"premium-woo-atc-button\" ><a href=\"\/fr\/wp-json\/wp\/v2\/pages\/132351?add-to-cart=67803\" aria-describedby=\"woocommerce_loop_add_to_cart_link_describedby_67803\" data-quantity=\"1\" class=\"button product_type_simple add_to_cart_button ajax_add_to_cart\" data-product_id=\"67803\" data-product_sku=\"PAD\" aria-label=\"Ajouter au panier\u00a0: &ldquo;Adaro&rdquo;\" rel=\"nofollow\" data-success_message=\"\u00ab\u00a0Adaro\u00a0\u00bb a \u00e9t\u00e9 ajout\u00e9 \u00e0 votre panier\">Ajouter au panier<\/a>\t<span id=\"woocommerce_loop_add_to_cart_link_describedby_67803\" class=\"screen-reader-text\">\n\t\t\t<\/span>\n<\/div><\/div>\t<\/div>\n<\/li>\n\n<li class=\" post-67839 product  instock taxable shipping-taxable purchasable product-type-simple\">\n\t<div class=\"premium-woo-product-wrapper premium-con-lq__none\">\n\t\t<div class=\"premium-woo-product-thumbnail\"><a href=\"https:\/\/pradorey.es\/fr\/vinos-pradorey-fr\/pradorey-finca-valdelayegua-crianza\/\" class=\"woocommerce-LoopProduct-link woocommerce-loop-product__link\"><img decoding=\"async\" src=\"https:\/\/pradorey.es\/wp-content\/uploads\/2016\/11\/botella_Valdelayegua.webp\" alt=\"\"><\/a><\/div><div class=\"premium-woo-products-details-wrap\"><a href=\"https:\/\/pradorey.es\/fr\/vinos-pradorey-fr\/pradorey-finca-valdelayegua-crianza\/\" class=\"premium-woo-product__link\"><h2 class=\"woocommerce-loop-product__title\">PRADOREY Finca Valdelayegua<\/h2><\/a><div class=\"premium-woo-product-desc\">\u00c9levage traditionnel de la Ribera del Duero\r\n\r\n&nbsp;<\/div>\n\t<span class=\"price\"><span class=\"woocommerce-Price-amount amount\"><bdi>15,00&nbsp;<span class=\"woocommerce-Price-currencySymbol\">&euro;<\/span><\/bdi><\/span><\/span>\n<div class=\"premium-woo-atc-button\" ><a href=\"\/fr\/wp-json\/wp\/v2\/pages\/132351?add-to-cart=67839\" aria-describedby=\"woocommerce_loop_add_to_cart_link_describedby_67839\" data-quantity=\"1\" class=\"button product_type_simple add_to_cart_button ajax_add_to_cart\" data-product_id=\"67839\" data-product_sku=\"PCZ\" aria-label=\"Ajouter au panier\u00a0: &ldquo;PRADOREY Finca Valdelayegua&rdquo;\" rel=\"nofollow\" data-success_message=\"\u00ab\u00a0PRADOREY Finca Valdelayegua\u00a0\u00bb a \u00e9t\u00e9 ajout\u00e9 \u00e0 votre panier\">Ajouter au panier<\/a>\t<span id=\"woocommerce_loop_add_to_cart_link_describedby_67839\" class=\"screen-reader-text\">\n\t\t\t<\/span>\n<\/div><\/div>\t<\/div>\n<\/li>\n\n<li class=\" post-67793 product  outofstock taxable shipping-taxable purchasable product-type-simple\">\n\t<div class=\"premium-woo-product-wrapper premium-con-lq__none\">\n\t\t<div class=\"premium-woo-product-thumbnail\"><span class=\"pa-out-of-stock\"> <\/span><a href=\"https:\/\/pradorey.es\/fr\/vinos-pradorey-fr\/sr-nino\/\" class=\"woocommerce-LoopProduct-link woocommerce-loop-product__link\"><img decoding=\"async\" src=\"https:\/\/pradorey.es\/wp-content\/uploads\/2019\/04\/Pradorey-Sr-Ni\u00f1o.png\" alt=\"Pradorey-Sr-Ni\u00f1o\"><\/a><\/div><div class=\"premium-woo-products-details-wrap\"><a href=\"https:\/\/pradorey.es\/fr\/vinos-pradorey-fr\/sr-nino\/\" class=\"premium-woo-product__link\"><h2 class=\"woocommerce-loop-product__title\">Sr. Ni\u00f1o<\/h2><\/a><div class=\"premium-woo-product-desc\"><div class=\"flex max-w-full flex-col flex-grow\">\r\n<div class=\"min-h-8 text-message flex w-full flex-col items-end gap-2 whitespace-normal break-words text-start [.text-message+&amp;]:mt-5\" dir=\"auto\" data-message-author-role=\"assistant\" data-message-id=\"52d4ae6c-e1a4-420b-bce4-31728f583852\" data-message-model-slug=\"gpt-4o-mini\">\r\n<div class=\"flex w-full flex-col gap-1 empty:hidden first:pt-[3px]\">\r\n<div class=\"markdown prose w-full break-words dark:prose-invert light\">\r\n<p data-start=\"0\" data-end=\"18\" data-is-last-node=\"\">Vin biologique<\/p>\r\n\r\n<\/div>\r\n<\/div>\r\n<\/div>\r\n<\/div><\/div>\n\t<span class=\"price\"><span class=\"woocommerce-Price-amount amount\"><bdi>9,75&nbsp;<span class=\"woocommerce-Price-currencySymbol\">&euro;<\/span><\/bdi><\/span><\/span>\n<div class=\"premium-woo-atc-button\" ><a href=\"https:\/\/pradorey.es\/fr\/vinos-pradorey-fr\/sr-nino\/\" aria-describedby=\"woocommerce_loop_add_to_cart_link_describedby_67793\" data-quantity=\"1\" class=\"button product_type_simple\" data-product_id=\"67793\" data-product_sku=\"SRN\" aria-label=\"En savoir plus sur &ldquo;Sr. Ni\u00f1o&rdquo;\" rel=\"nofollow\" data-success_message=\"\">Lire la suite<\/a>\t<span id=\"woocommerce_loop_add_to_cart_link_describedby_67793\" class=\"screen-reader-text\">\n\t\t\t<\/span>\n<\/div><\/div>\t<\/div>\n<\/li>\n<\/ul>\n<\/div><\/div>\t\t\t\t<\/div>\n\t\t\t\t<\/div>\n\t\t\t\t\t<\/div>\n\t\t\t\t<\/div>\n\t\t\t\t<section class=\"elementor-section elementor-top-section elementor-element elementor-element-2c00bac elementor-section-boxed elementor-section-height-default elementor-section-height-default\" data-id=\"2c00bac\" data-element_type=\"section\" data-e-type=\"section\">\n\t\t\t\t\t\t<div class=\"elementor-container elementor-column-gap-default\">\n\t\t\t\t\t<div class=\"elementor-column elementor-col-100 elementor-top-column elementor-element elementor-element-6cfeab8\" data-id=\"6cfeab8\" data-element_type=\"column\" data-e-type=\"column\">\n\t\t\t<div class=\"elementor-widget-wrap elementor-element-populated\">\n\t\t\t\t\t\t<div class=\"elementor-element elementor-element-7e208e3 elementor-widget elementor-widget-text-editor\" data-id=\"7e208e3\" data-element_type=\"widget\" data-e-type=\"widget\" data-widget_type=\"text-editor.default\">\n\t\t\t\t<div class=\"elementor-widget-container\">\n\t\t\t\t\t\t\t\t\t<p>Si los tintos no est\u00e1n hechos para ti, no te pierdas nuestra selecci\u00f3n de <strong><a href=\"https:\/\/pradorey.es\/tienda-online\/vino-rosado\/\">vinos rosados<\/a><\/strong> ni la de <a href=\"https:\/\/pradorey.es\/tienda-online\/vino-blanco\/\"><strong>vinos blancos<\/strong><\/a>.<\/p>\n\t\t\t\t\t\t\t\t<\/div>\n\t\t\t\t<\/div>\n\t\t\t\t\t<\/div>\n\t\t<\/div>\n\t\t\t\t\t<\/div>\n\t\t<\/section>\n\t\t\t\t<\/div>\n\t\t","protected":false},"excerpt":{"rendered":"<p>Vino Tinto Ribera del Duero Elaboramos todos los vinos tintos exclusivamente con nuestra uva de Ribera de Duero, creados desde lo natural, diferenciando y trabajando cada vi\u00f1edo por parcelas para lograr unos caldos llenos de personalidad. En Ribera del Duero elaboramos todos nuestros vinos tintos con la intenci\u00f3n de lograr la satisfacci\u00f3n de nuestros clientes. [&hellip;]<\/p>\n","protected":false},"author":4801,"featured_media":0,"parent":67501,"menu_order":0,"comment_status":"closed","ping_status":"closed","template":"elementor_header_footer","meta":{"_acf_changed":false,"footnotes":""},"class_list":["post-132351","page","type-page","status-publish","hentry"],"acf":[],"_links":{"self":[{"href":"https:\/\/pradorey.es\/fr\/wp-json\/wp\/v2\/pages\/132351","targetHints":{"allow":["GET"]}}],"collection":[{"href":"https:\/\/pradorey.es\/fr\/wp-json\/wp\/v2\/pages"}],"about":[{"href":"https:\/\/pradorey.es\/fr\/wp-json\/wp\/v2\/types\/page"}],"author":[{"embeddable":true,"href":"https:\/\/pradorey.es\/fr\/wp-json\/wp\/v2\/users\/4801"}],"replies":[{"embeddable":true,"href":"https:\/\/pradorey.es\/fr\/wp-json\/wp\/v2\/comments?post=132351"}],"version-history":[{"count":0,"href":"https:\/\/pradorey.es\/fr\/wp-json\/wp\/v2\/pages\/132351\/revisions"}],"up":[{"embeddable":true,"href":"https:\/\/pradorey.es\/fr\/wp-json\/wp\/v2\/pages\/67501"}],"wp:attachment":[{"href":"https:\/\/pradorey.es\/fr\/wp-json\/wp\/v2\/media?parent=132351"}],"curies":[{"name":"wp","href":"https:\/\/api.w.org\/{rel}","templated":true}]}}