{"id":186094,"date":"2025-11-12T12:56:26","date_gmt":"2025-11-12T11:56:26","guid":{"rendered":"https:\/\/pradorey.es\/campaign-elite-mujer\/"},"modified":"2025-11-12T12:56:32","modified_gmt":"2025-11-12T11:56:32","slug":"campaign-elite-mujer","status":"publish","type":"page","link":"https:\/\/pradorey.es\/fr\/campaign-elite-mujer\/","title":{"rendered":"Campaign-elite-mujer"},"content":{"rendered":"\t\t<div data-elementor-type=\"wp-page\" data-elementor-id=\"186094\" class=\"elementor elementor-186094 elementor-184056\" data-elementor-post-type=\"page\">\n\t\t\t\t<div class=\"elementor-element elementor-element-627212c e-con-full e-flex elementor-invisible e-con e-parent\" data-id=\"627212c\" data-element_type=\"container\" data-e-type=\"container\" data-settings=\"{&quot;background_background&quot;:&quot;video&quot;,&quot;animation&quot;:&quot;fadeIn&quot;,&quot;background_video_start&quot;:0,&quot;background_video_end&quot;:0,&quot;background_video_link&quot;:&quot;https:\\\/\\\/pradorey.es\\\/wp-content\\\/uploads\\\/Video\\\/video_landing_elitecm_01.mov&quot;,&quot;background_play_on_mobile&quot;:&quot;yes&quot;}\">\n\t\t<div class=\"elementor-background-video-container\">\n\t\t\t\t\t\t\t<video class=\"elementor-background-video-hosted\" role=\"presentation\" autoplay muted playsinline loop><\/video>\n\t\t\t\t\t<\/div><div class=\"elementor-element elementor-element-d2a8cd9 e-con-full e-flex e-con e-child\" data-id=\"d2a8cd9\" data-element_type=\"container\" data-e-type=\"container\" data-settings=\"{&quot;background_background&quot;:&quot;classic&quot;}\">\n\t\t\t\t<div class=\"elementor-element elementor-element-6925e4d elementor-widget elementor-widget-heading\" data-id=\"6925e4d\" data-element_type=\"widget\" data-e-type=\"widget\" data-widget_type=\"heading.default\">\n\t\t\t\t<div class=\"elementor-widget-container\">\n\t\t\t\t\t<h1 class=\"elementor-heading-title elementor-size-default\">PRADOREY \u00c9LITE<\/h1>\t\t\t\t<\/div>\n\t\t\t\t<\/div>\n\t\t\t\t<div class=\"elementor-element elementor-element-a054c6e elementor-widget elementor-widget-heading\" data-id=\"a054c6e\" data-element_type=\"widget\" data-e-type=\"widget\" data-widget_type=\"heading.default\">\n\t\t\t\t<div class=\"elementor-widget-container\">\n\t\t\t\t\t<h1 class=\"elementor-heading-title elementor-size-default\">UN VIN AU CARACT\u00c8RE DE FEMME<\/h1>\t\t\t\t<\/div>\n\t\t\t\t<\/div>\n\t\t\t\t<div class=\"elementor-element elementor-element-ec02788 elementor-widget elementor-widget-text-editor\" data-id=\"ec02788\" data-element_type=\"widget\" data-e-type=\"widget\" data-widget_type=\"text-editor.default\">\n\t\t\t\t<div class=\"elementor-widget-container\">\n\t\t\t\t\t\t\t\t\t<p>Un hommage au courage, \u00e0 la force silencieuse<br data-start=\"590\" data-end=\"593\" \/>et au caract\u00e8re qui fait avancer le monde<\/p>\n\t\t\t\t\t\t\t\t<\/div>\n\t\t\t\t<\/div>\n\t\t\t\t<div class=\"elementor-element elementor-element-49b734e elementor-button-info elementor-align-center elementor-widget elementor-widget-button\" data-id=\"49b734e\" data-element_type=\"widget\" data-e-type=\"widget\" data-widget_type=\"button.default\">\n\t\t\t\t<div class=\"elementor-widget-container\">\n\t\t\t\t\t\t\t\t\t<div class=\"elementor-button-wrapper\">\n\t\t\t\t\t<a class=\"elementor-button elementor-button-link elementor-size-sm\" href=\"#elementor-action%3Aaction%3Dlightbox%26settings%3DeyJ0eXBlIjoidmlkZW8iLCJ2aWRlb1R5cGUiOiJob3N0ZWQiLCJ1cmwiOiJodHRwczpcL1wvcHJhZG9yZXkuZXNcL3dwLWNvbnRlbnRcL3VwbG9hZHNcL1ZpZGVvXC9QUl9FTElURV9NQVNURVJfMTYuOV9IUS5tcDQifQ%3D%3D\">\n\t\t\t\t\t\t<span class=\"elementor-button-content-wrapper\">\n\t\t\t\t\t\t\t\t\t<span class=\"elementor-button-text\">VOIR L\u2019ANNONCE<\/span>\n\t\t\t\t\t<\/span>\n\t\t\t\t\t<\/a>\n\t\t\t\t<\/div>\n\t\t\t\t\t\t\t\t<\/div>\n\t\t\t\t<\/div>\n\t\t\t\t<\/div>\n\t\t\t\t<\/div>\n\t\t<div class=\"elementor-element elementor-element-53a835d elementor-hidden-tablet elementor-hidden-mobile e-flex e-con-boxed e-con e-parent\" data-id=\"53a835d\" data-element_type=\"container\" data-e-type=\"container\" data-settings=\"{&quot;motion_fx_motion_fx_scrolling&quot;:&quot;yes&quot;,&quot;background_background&quot;:&quot;video&quot;,&quot;background_video_link&quot;:&quot;https:\\\/\\\/pradorey.es\\\/wp-content\\\/uploads\\\/Video\\\/video_landing_elitecm_06.mov&quot;,&quot;motion_fx_devices&quot;:[&quot;desktop&quot;,&quot;tablet&quot;,&quot;mobile&quot;]}\">\n\t\t\t\t\t<div class=\"e-con-inner\">\n\t\t<div class=\"elementor-background-video-container elementor-hidden-mobile\">\n\t\t\t\t\t\t\t<video class=\"elementor-background-video-hosted\" role=\"presentation\" autoplay muted playsinline loop><\/video>\n\t\t\t\t\t<\/div><div class=\"elementor-element elementor-element-00a91cf e-con-full e-flex e-con e-child\" data-id=\"00a91cf\" data-element_type=\"container\" data-e-type=\"container\">\n\t\t<div class=\"elementor-element elementor-element-fb773f3 e-con-full e-flex e-con e-child\" data-id=\"fb773f3\" data-element_type=\"container\" data-e-type=\"container\">\n\t\t\t\t<div class=\"elementor-element elementor-element-5cb35ef triangulo-texto-izda elementor-widget elementor-widget-text-editor\" data-id=\"5cb35ef\" data-element_type=\"widget\" data-e-type=\"widget\" data-widget_type=\"text-editor.default\">\n\t\t\t\t<div class=\"elementor-widget-container\">\n\t\t\t\t\t\t\t\t\t<p data-start=\"670\" data-end=\"1233\">Nous ne connaissons personne de plus courageuse qu\u2019une m\u00e8re. En elle se r\u00e9v\u00e8le la grandeur des femmes qui, malgr\u00e9 les difficult\u00e9s, trouvent le moyen d\u2019aller de l\u2019avant. Elles soutiennent les familles, s\u2019adaptent et font fonctionner le monde, m\u00eame si presque personne ne raconte leur histoire.<\/p>\n<p><\/p>\n<p data-start=\"1235\" data-end=\"1626\">\n\t\t\t\t\t\t\t\t<\/div>\n\t\t\t\t<\/div>\n\t\t\t\t<\/div>\n\t\t<div class=\"elementor-element elementor-element-b698616 e-con-full e-flex e-con e-child\" data-id=\"b698616\" data-element_type=\"container\" data-e-type=\"container\">\n\t\t\t\t<\/div>\n\t\t\t\t<\/div>\n\t\t\t\t\t<\/div>\n\t\t\t\t<\/div>\n\t\t<div class=\"elementor-element elementor-element-2692d72 elementor-hidden-desktop e-flex e-con-boxed e-con e-parent\" data-id=\"2692d72\" data-element_type=\"container\" data-e-type=\"container\" data-settings=\"{&quot;motion_fx_motion_fx_scrolling&quot;:&quot;yes&quot;,&quot;background_background&quot;:&quot;video&quot;,&quot;background_video_link&quot;:&quot;https:\\\/\\\/pradorey.es\\\/wp-content\\\/uploads\\\/Video\\\/video_landing_elitecm_movil_06.mov&quot;,&quot;background_play_on_mobile&quot;:&quot;yes&quot;,&quot;motion_fx_devices&quot;:[&quot;desktop&quot;,&quot;tablet&quot;,&quot;mobile&quot;]}\">\n\t\t\t\t\t<div class=\"e-con-inner\">\n\t\t<div class=\"elementor-background-video-container\">\n\t\t\t\t\t\t\t<video class=\"elementor-background-video-hosted\" role=\"presentation\" autoplay muted playsinline loop><\/video>\n\t\t\t\t\t<\/div><div class=\"elementor-element elementor-element-2824ea3 e-con-full e-flex e-con e-child\" data-id=\"2824ea3\" data-element_type=\"container\" data-e-type=\"container\">\n\t\t<div class=\"elementor-element elementor-element-37ba9ce e-con-full e-flex e-con e-child\" data-id=\"37ba9ce\" data-element_type=\"container\" data-e-type=\"container\">\n\t\t\t\t<\/div>\n\t\t<div class=\"elementor-element elementor-element-e4aa17d e-con-full e-flex e-con e-child\" data-id=\"e4aa17d\" data-element_type=\"container\" data-e-type=\"container\">\n\t\t\t\t<div class=\"elementor-element elementor-element-a4849cd triangulo-texto-izda elementor-widget elementor-widget-text-editor\" data-id=\"a4849cd\" data-element_type=\"widget\" data-e-type=\"widget\" data-widget_type=\"text-editor.default\">\n\t\t\t\t<div class=\"elementor-widget-container\">\n\t\t\t\t\t\t\t\t\t<p data-start=\"670\" data-end=\"1233\">Nous ne connaissons personne de plus courageuse qu\u2019une m\u00e8re. En elle se r\u00e9v\u00e8le la grandeur des femmes qui, malgr\u00e9 les difficult\u00e9s, trouvent le moyen d\u2019aller de l\u2019avant. Elles soutiennent les familles, s\u2019adaptent et font fonctionner le monde, m\u00eame si presque personne ne raconte leur histoire.<\/p>\n<p><\/p>\n<p data-start=\"1235\" data-end=\"1626\">\n\t\t\t\t\t\t\t\t<\/div>\n\t\t\t\t<\/div>\n\t\t\t\t<\/div>\n\t\t\t\t<\/div>\n\t\t\t\t\t<\/div>\n\t\t\t\t<\/div>\n\t\t<div class=\"elementor-element elementor-element-99186a4 elementor-hidden-tablet elementor-hidden-mobile e-flex e-con-boxed e-con e-parent\" data-id=\"99186a4\" data-element_type=\"container\" data-e-type=\"container\" data-settings=\"{&quot;motion_fx_motion_fx_scrolling&quot;:&quot;yes&quot;,&quot;background_background&quot;:&quot;video&quot;,&quot;background_video_link&quot;:&quot;https:\\\/\\\/pradorey.es\\\/wp-content\\\/uploads\\\/Video\\\/video_landing_elitecm_02.mov&quot;,&quot;motion_fx_devices&quot;:[&quot;desktop&quot;,&quot;tablet&quot;,&quot;mobile&quot;]}\">\n\t\t\t\t\t<div class=\"e-con-inner\">\n\t\t<div class=\"elementor-background-video-container elementor-hidden-mobile\">\n\t\t\t\t\t\t\t<video class=\"elementor-background-video-hosted\" role=\"presentation\" autoplay muted playsinline loop><\/video>\n\t\t\t\t\t<\/div><div class=\"elementor-element elementor-element-5170b1a e-con-full e-flex e-con e-child\" data-id=\"5170b1a\" data-element_type=\"container\" data-e-type=\"container\" data-settings=\"{&quot;background_background&quot;:&quot;gradient&quot;}\">\n\t\t<div class=\"elementor-element elementor-element-38cde3b e-con-full e-flex e-con e-child\" data-id=\"38cde3b\" data-element_type=\"container\" data-e-type=\"container\">\n\t\t\t\t<\/div>\n\t\t<div class=\"elementor-element elementor-element-aff3d42 e-con-full e-flex e-con e-child\" data-id=\"aff3d42\" data-element_type=\"container\" data-e-type=\"container\">\n\t\t\t\t<div class=\"elementor-element elementor-element-77658cc triangulo-texto-dcha elementor-widget elementor-widget-text-editor\" data-id=\"77658cc\" data-element_type=\"widget\" data-e-type=\"widget\" data-widget_type=\"text-editor.default\">\n\t\t\t\t<div class=\"elementor-widget-container\">\n\t\t\t\t\t\t\t\t\t<p data-start=\"1235\" data-end=\"1626\">Pradorey \u00c9lite est notre hommage \u00e0 cette force. Un vin profond, plein de nuances, qui demande \u00e0 \u00eatre \u00e9cout\u00e9 et respect\u00e9. Comme elles, il se r\u00e9v\u00e8le peu \u00e0 peu, d\u00e9voilant des \u00e9motions \u00e0 chaque gorg\u00e9e.<\/p>\n<p><\/p>\n<p data-start=\"1628\" data-end=\"1714\">\n\t\t\t\t\t\t\t\t<\/div>\n\t\t\t\t<\/div>\n\t\t\t\t<\/div>\n\t\t\t\t<\/div>\n\t\t\t\t\t<\/div>\n\t\t\t\t<\/div>\n\t\t<div class=\"elementor-element elementor-element-3d66917 elementor-hidden-desktop e-flex e-con-boxed e-con e-parent\" data-id=\"3d66917\" data-element_type=\"container\" data-e-type=\"container\" data-settings=\"{&quot;motion_fx_motion_fx_scrolling&quot;:&quot;yes&quot;,&quot;background_background&quot;:&quot;video&quot;,&quot;background_video_link&quot;:&quot;https:\\\/\\\/pradorey.es\\\/wp-content\\\/uploads\\\/Video\\\/video_landing_elitecm_movil_02.mov&quot;,&quot;background_play_on_mobile&quot;:&quot;yes&quot;,&quot;motion_fx_devices&quot;:[&quot;desktop&quot;,&quot;tablet&quot;,&quot;mobile&quot;]}\">\n\t\t\t\t\t<div class=\"e-con-inner\">\n\t\t<div class=\"elementor-background-video-container\">\n\t\t\t\t\t\t\t<video class=\"elementor-background-video-hosted\" role=\"presentation\" autoplay muted playsinline loop><\/video>\n\t\t\t\t\t<\/div><div class=\"elementor-element elementor-element-e93aad2 e-con-full e-flex e-con e-child\" data-id=\"e93aad2\" data-element_type=\"container\" data-e-type=\"container\" data-settings=\"{&quot;background_background&quot;:&quot;gradient&quot;}\">\n\t\t<div class=\"elementor-element elementor-element-f1e80a4 e-con-full e-flex e-con e-child\" data-id=\"f1e80a4\" data-element_type=\"container\" data-e-type=\"container\">\n\t\t\t\t<\/div>\n\t\t<div class=\"elementor-element elementor-element-82167d3 e-con-full e-flex e-con e-child\" data-id=\"82167d3\" data-element_type=\"container\" data-e-type=\"container\">\n\t\t\t\t<div class=\"elementor-element elementor-element-da10e35 triangulo-texto-dcha elementor-widget elementor-widget-text-editor\" data-id=\"da10e35\" data-element_type=\"widget\" data-e-type=\"widget\" data-widget_type=\"text-editor.default\">\n\t\t\t\t<div class=\"elementor-widget-container\">\n\t\t\t\t\t\t\t\t\t<p data-start=\"1235\" data-end=\"1626\">Pradorey \u00c9lite est notre hommage \u00e0 cette force. Un vin profond, plein de nuances, qui demande \u00e0 \u00eatre \u00e9cout\u00e9 et respect\u00e9. Comme elles, il se r\u00e9v\u00e8le peu \u00e0 peu, d\u00e9voilant des \u00e9motions \u00e0 chaque gorg\u00e9e.<\/p>\n<p><\/p>\n<p data-start=\"1628\" data-end=\"1714\">\n\t\t\t\t\t\t\t\t<\/div>\n\t\t\t\t<\/div>\n\t\t\t\t<\/div>\n\t\t\t\t<\/div>\n\t\t\t\t\t<\/div>\n\t\t\t\t<\/div>\n\t\t<div class=\"elementor-element elementor-element-4a8a7f2 e-flex e-con-boxed e-con e-parent\" data-id=\"4a8a7f2\" data-element_type=\"container\" data-e-type=\"container\" data-settings=\"{&quot;background_background&quot;:&quot;classic&quot;}\">\n\t\t\t\t\t<div class=\"e-con-inner\">\n\t\t<div class=\"elementor-element elementor-element-2e98667 e-con-full e-flex e-con e-child\" data-id=\"2e98667\" data-element_type=\"container\" data-e-type=\"container\" data-settings=\"{&quot;background_background&quot;:&quot;gradient&quot;}\">\n\t\t\t\t<div class=\"elementor-element elementor-element-be56e7b elementor-widget elementor-widget-text-editor\" data-id=\"be56e7b\" data-element_type=\"widget\" data-e-type=\"widget\" data-widget_type=\"text-editor.default\">\n\t\t\t\t<div class=\"elementor-widget-container\">\n\t\t\t\t\t\t\t\t\t<p data-start=\"1628\" data-end=\"1714\">Offrez ce vin \u00e0 une femme de caract\u00e8re<\/p>\n<p><\/p>\n<p data-start=\"1716\" data-end=\"1755\">\n\t\t\t\t\t\t\t\t<\/div>\n\t\t\t\t<\/div>\n\t\t\t\t<div class=\"elementor-element elementor-element-dbb30c1 elementor-align-center elementor-widget elementor-widget-button\" data-id=\"dbb30c1\" data-element_type=\"widget\" data-e-type=\"widget\" data-widget_type=\"button.default\">\n\t\t\t\t<div class=\"elementor-widget-container\">\n\t\t\t\t\t\t\t\t\t<div class=\"elementor-button-wrapper\">\n\t\t\t\t\t<a class=\"elementor-button elementor-button-link elementor-size-sm\" href=\"https:\/\/pradorey.es\/?add-to-cart=845\">\n\t\t\t\t\t\t<span class=\"elementor-button-content-wrapper\">\n\t\t\t\t\t\t\t\t\t<span class=\"elementor-button-text\">AJOUTER AU PANIER<\/span>\n\t\t\t\t\t<\/span>\n\t\t\t\t\t<\/a>\n\t\t\t\t<\/div>\n\t\t\t\t\t\t\t\t<\/div>\n\t\t\t\t<\/div>\n\t\t\t\t<div class=\"elementor-element elementor-element-88c5a7b elementor-align-center elementor-button-info elementor-widget elementor-widget-button\" data-id=\"88c5a7b\" data-element_type=\"widget\" data-e-type=\"widget\" data-widget_type=\"button.default\">\n\t\t\t\t<div class=\"elementor-widget-container\">\n\t\t\t\t\t\t\t\t\t<div class=\"elementor-button-wrapper\">\n\t\t\t\t\t<a class=\"elementor-button elementor-button-link elementor-size-sm\" href=\"https:\/\/pradorey.es\/fr\/vinos-pradorey-fr\/pradorey-elite\/\">\n\t\t\t\t\t\t<span class=\"elementor-button-content-wrapper\">\n\t\t\t\t\t\t\t\t\t<span class=\"elementor-button-text\">plus d\u2019informations<\/span>\n\t\t\t\t\t<\/span>\n\t\t\t\t\t<\/a>\n\t\t\t\t<\/div>\n\t\t\t\t\t\t\t\t<\/div>\n\t\t\t\t<\/div>\n\t\t\t\t<\/div>\n\t\t\t\t\t<\/div>\n\t\t\t\t<\/div>\n\t\t\t\t<\/div>\n\t\t","protected":false},"excerpt":{"rendered":"<p>PRADOREY \u00c9LITE UN VIN AU CARACT\u00c8RE DE FEMME Un hommage au courage, \u00e0 la force silencieuseet au caract\u00e8re qui fait avancer le monde VOIR L\u2019ANNONCE Nous ne connaissons personne de plus courageuse qu\u2019une m\u00e8re. En elle se r\u00e9v\u00e8le la grandeur des femmes qui, malgr\u00e9 les difficult\u00e9s, trouvent le moyen d\u2019aller de l\u2019avant. Elles soutiennent les [&hellip;]<\/p>\n","protected":false},"author":4801,"featured_media":185279,"parent":0,"menu_order":0,"comment_status":"closed","ping_status":"closed","template":"","meta":{"_acf_changed":false,"footnotes":""},"class_list":["post-186094","page","type-page","status-publish","has-post-thumbnail","hentry"],"acf":[],"_links":{"self":[{"href":"https:\/\/pradorey.es\/fr\/wp-json\/wp\/v2\/pages\/186094","targetHints":{"allow":["GET"]}}],"collection":[{"href":"https:\/\/pradorey.es\/fr\/wp-json\/wp\/v2\/pages"}],"about":[{"href":"https:\/\/pradorey.es\/fr\/wp-json\/wp\/v2\/types\/page"}],"author":[{"embeddable":true,"href":"https:\/\/pradorey.es\/fr\/wp-json\/wp\/v2\/users\/4801"}],"replies":[{"embeddable":true,"href":"https:\/\/pradorey.es\/fr\/wp-json\/wp\/v2\/comments?post=186094"}],"version-history":[{"count":1,"href":"https:\/\/pradorey.es\/fr\/wp-json\/wp\/v2\/pages\/186094\/revisions"}],"predecessor-version":[{"id":186095,"href":"https:\/\/pradorey.es\/fr\/wp-json\/wp\/v2\/pages\/186094\/revisions\/186095"}],"wp:featuredmedia":[{"embeddable":true,"href":"https:\/\/pradorey.es\/fr\/wp-json\/wp\/v2\/media\/185279"}],"wp:attachment":[{"href":"https:\/\/pradorey.es\/fr\/wp-json\/wp\/v2\/media?parent=186094"}],"curies":[{"name":"wp","href":"https:\/\/api.w.org\/{rel}","templated":true}]}}