{"id":169054,"date":"2025-03-04T09:19:17","date_gmt":"2025-03-04T08:19:17","guid":{"rendered":"https:\/\/pradorey.es\/?post_type=product&#038;p=169054"},"modified":"2025-03-13T17:51:27","modified_gmt":"2025-03-13T16:51:27","slug":"pradorey-finca-valdelayegua-copia-2","status":"publish","type":"product","link":"https:\/\/pradorey.es\/fr\/vinos-pradorey-fr\/pradorey-finca-la-recorba\/","title":{"rendered":"PRADOREY Finca La Recorba"},"content":{"rendered":"","protected":false},"excerpt":{"rendered":"<p>Un vin ros\u00e9 \u00e9labor\u00e9 comme autrefois dans la Ribera del Duero.<\/p>\n<p>&nbsp;<\/p>\n","protected":false},"featured_media":169126,"template":"","meta":{"_acf_changed":false},"product_brand":[],"product_cat":[416],"product_tag":[530,534],"class_list":{"0":"post-169054","1":"product","2":"type-product","3":"status-publish","4":"has-post-thumbnail","6":"product_cat-vinos-pradorey-fr","7":"product_tag-tradicional-fr","8":"product_tag-vino-rosado-fr","10":"first","11":"instock","12":"taxable","13":"shipping-taxable","14":"purchasable","15":"product-type-simple"},"acf":[],"_links":{"self":[{"href":"https:\/\/pradorey.es\/fr\/wp-json\/wp\/v2\/product\/169054","targetHints":{"allow":["GET"]}}],"collection":[{"href":"https:\/\/pradorey.es\/fr\/wp-json\/wp\/v2\/product"}],"about":[{"href":"https:\/\/pradorey.es\/fr\/wp-json\/wp\/v2\/types\/product"}],"version-history":[{"count":1,"href":"https:\/\/pradorey.es\/fr\/wp-json\/wp\/v2\/product\/169054\/revisions"}],"predecessor-version":[{"id":169516,"href":"https:\/\/pradorey.es\/fr\/wp-json\/wp\/v2\/product\/169054\/revisions\/169516"}],"wp:featuredmedia":[{"embeddable":true,"href":"https:\/\/pradorey.es\/fr\/wp-json\/wp\/v2\/media\/169126"}],"wp:attachment":[{"href":"https:\/\/pradorey.es\/fr\/wp-json\/wp\/v2\/media?parent=169054"}],"wp:term":[{"taxonomy":"product_brand","embeddable":true,"href":"https:\/\/pradorey.es\/fr\/wp-json\/wp\/v2\/product_brand?post=169054"},{"taxonomy":"product_cat","embeddable":true,"href":"https:\/\/pradorey.es\/fr\/wp-json\/wp\/v2\/product_cat?post=169054"},{"taxonomy":"product_tag","embeddable":true,"href":"https:\/\/pradorey.es\/fr\/wp-json\/wp\/v2\/product_tag?post=169054"}],"curies":[{"name":"wp","href":"https:\/\/api.w.org\/{rel}","templated":true}]}}