{"id":189883,"date":"2026-01-19T16:27:07","date_gmt":"2026-01-19T15:27:07","guid":{"rendered":"https:\/\/pradorey.es\/p\/la-trucha-arcoiris\/"},"modified":"2026-02-03T12:18:14","modified_gmt":"2026-02-03T11:18:14","slug":"la-trucha-arcoiris","status":"publish","type":"product","link":"https:\/\/pradorey.es\/fr\/la-trucha-arcoiris\/","title":{"rendered":"La Trucha Arcoiris"},"content":{"rendered":"<h3>&#8211; Domaine<\/h3>\n<ul>\n<li>Pago Valdelayegua<\/li>\n<li>Altitude : entre 790 m et 820 m<\/li>\n<li>Douces pentes orient\u00e9es au sud, \u00e0 proximit\u00e9 des rivi\u00e8res Duero et Gromej\u00f3n<\/li>\n<li>Sols sablo-limoneux et argilo-limoneux avec affleurements calcaires<\/li>\n<li>95 % Tempranillo, 3 % Cabernet Sauvignon et 2 % Merlot<\/li>\n<li>Vendanges manuelles<\/li>\n<\/ul>\n<h3>&#8211; \u00c9levage<\/h3>\n<ul>\n<li>12 mois en barriques de ch\u00eane fran\u00e7ais<\/li>\n<li>3 mois en c\u00f4nes en bois de Nevers<\/li>\n<\/ul>\n<h3>&#8211; D\u00e9gustation<\/h3>\n<ul>\n<li>VUE : Couleur rouge cerise, avec d\u2019intenses nuances<br data-start=\"442\" data-end=\"445\" \/>bleut\u00e9es, robe intense et brillante<\/li>\n<li>NEZ : Intensit\u00e9 \u00e9lev\u00e9e. Pr\u00e9dominance de fruits rouges m\u00fbrs avec des sensations l\u00e9g\u00e8rement sucr\u00e9es apport\u00e9es par l\u2019\u00e9levage en barrique. Fond min\u00e9ral, balsamique et complexe<\/li>\n<li>BOUCHE : Savoureuse en bouche, avec des tanins ronds et une fra\u00eecheur agr\u00e9able au palais. Finale savoureuse, velout\u00e9e et d\u2019une grande concentration de fruit<\/li>\n<\/ul>\n<h3>&#8211; Accords mets et vins<\/h3>\n<ul>\n<li>R\u00f4tis et gibier<\/li>\n<li>Viandes rouges grill\u00e9es ou au barbecue<\/li>\n<li>Fromages affin\u00e9s et relev\u00e9s<\/li>\n<\/ul>\n<h3>&#8211; R\u00e9compenses<\/h3>\n<ul>\n<li>90 points, Guide Pe\u00f1\u00edn 2017<\/li>\n<li>M\u00e9daille de bronze, International Wine &amp; Spirits Competition 2016<\/li>\n<li>M\u00e9daille de bronze, Decanter 2016<\/li>\n<\/ul>\n","protected":false},"excerpt":{"rendered":"<article class=\"text-token-text-primary w-full focus:outline-none [--shadow-height:45px] has-data-writing-block:pointer-events-none has-data-writing-block:-mt-(--shadow-height) has-data-writing-block:pt-(--shadow-height) [&amp;:has([data-writing-block])&gt;*]:pointer-events-auto scroll-mt-[calc(var(--header-height)+min(200px,max(70px,20svh)))]\" dir=\"auto\" tabindex=\"-1\" data-turn-id=\"dce51b5b-e815-472b-9b86-fa32b868e8ab\" data-testid=\"conversation-turn-210\" data-scroll-anchor=\"false\" data-turn=\"assistant\">\n<div class=\"text-base my-auto mx-auto [--thread-content-margin:--spacing(4)] @w-sm\/main:[--thread-content-margin:--spacing(6)] @w-lg\/main:[--thread-content-margin:--spacing(16)] px-(--thread-content-margin)\">\n<div class=\"[--thread-content-max-width:40rem] @w-lg\/main:[--thread-content-max-width:48rem] mx-auto max-w-(--thread-content-max-width) flex-1 group\/turn-messages focus-visible:outline-hidden relative flex w-full min-w-0 flex-col agent-turn\" tabindex=\"-1\">\n<div class=\"flex max-w-full flex-col grow\">\n<div class=\"min-h-8 text-message relative flex w-full flex-col items-end gap-2 text-start break-words whitespace-normal [.text-message+&amp;]:mt-1\" dir=\"auto\" data-message-author-role=\"assistant\" data-message-id=\"93d7f073-8291-431b-9bc6-521e90d601ff\" data-message-model-slug=\"gpt-5-2\">\n<div class=\"flex w-full flex-col gap-1 empty:hidden first:pt-[1px]\">\n<div class=\"markdown prose dark:prose-invert w-full wrap-break-word light markdown-new-styling\">\n<p data-start=\"0\" data-end=\"76\" data-is-last-node=\"\" data-is-only-node=\"\">Un Viognier de parcelle pour d\u00e9couvrir comment vivent les animaux en libert\u00e9<\/p>\n<\/div>\n<\/div>\n<\/div>\n<\/div>\n<div class=\"keyword-surfer\">\n<div class=\"flex items-center gap-[6px]\"><\/div>\n<\/div>\n<\/div>\n<\/div>\n<\/article>\n","protected":false},"featured_media":189284,"template":"","meta":{"_acf_changed":false},"product_brand":[],"product_cat":[416],"product_tag":[524],"class_list":{"0":"post-189883","1":"product","2":"type-product","3":"status-publish","4":"has-post-thumbnail","6":"product_cat-vinos-pradorey-fr","7":"product_tag-trendy-fr","9":"first","10":"instock","11":"taxable","12":"shipping-taxable","13":"purchasable","14":"product-type-simple"},"acf":[],"_links":{"self":[{"href":"https:\/\/pradorey.es\/fr\/wp-json\/wp\/v2\/product\/189883","targetHints":{"allow":["GET"]}}],"collection":[{"href":"https:\/\/pradorey.es\/fr\/wp-json\/wp\/v2\/product"}],"about":[{"href":"https:\/\/pradorey.es\/fr\/wp-json\/wp\/v2\/types\/product"}],"version-history":[{"count":1,"href":"https:\/\/pradorey.es\/fr\/wp-json\/wp\/v2\/product\/189883\/revisions"}],"predecessor-version":[{"id":189884,"href":"https:\/\/pradorey.es\/fr\/wp-json\/wp\/v2\/product\/189883\/revisions\/189884"}],"wp:featuredmedia":[{"embeddable":true,"href":"https:\/\/pradorey.es\/fr\/wp-json\/wp\/v2\/media\/189284"}],"wp:attachment":[{"href":"https:\/\/pradorey.es\/fr\/wp-json\/wp\/v2\/media?parent=189883"}],"wp:term":[{"taxonomy":"product_brand","embeddable":true,"href":"https:\/\/pradorey.es\/fr\/wp-json\/wp\/v2\/product_brand?post=189883"},{"taxonomy":"product_cat","embeddable":true,"href":"https:\/\/pradorey.es\/fr\/wp-json\/wp\/v2\/product_cat?post=189883"},{"taxonomy":"product_tag","embeddable":true,"href":"https:\/\/pradorey.es\/fr\/wp-json\/wp\/v2\/product_tag?post=189883"}],"curies":[{"name":"wp","href":"https:\/\/api.w.org\/{rel}","templated":true}]}}