{"id":189933,"date":"2024-08-02T14:16:20","date_gmt":"2024-08-02T12:16:20","guid":{"rendered":"https:\/\/pradorey.es\/p\/pack-adaro-3-bouteilles-anti-goutte\/"},"modified":"2024-08-02T14:16:20","modified_gmt":"2024-08-02T12:16:20","slug":"pack-adaro-3-bouteilles-anti-goutte","status":"publish","type":"product","link":"https:\/\/pradorey.es\/fr\/pack-adaro-3-bouteilles-anti-goutte\/","title":{"rendered":"Pack Adaro 3 bouteilles + anti-goutte"},"content":{"rendered":"","protected":false},"excerpt":{"rendered":"<p data-start=\"177\" data-end=\"341\">3 BOUTEILLES DE NOTRE VIN CR\u00c9\u00c9 EN HOMMAGE AU FONDATEUR DE PRADOREY AVEC ANTI-GOUTTE OFFERT AFIN DE NE PERDRE AUCUNE SEULE GOUTTE DE CE VIN QUI NE D\u00c9\u00c7OIT JAMAIS.<\/p>\n<p data-start=\"343\" data-end=\"520\">\n<p data-start=\"331\" data-end=\"350\">\n","protected":false},"featured_media":184756,"template":"","meta":{"_acf_changed":false},"product_brand":[],"product_cat":[499],"product_tag":[],"class_list":{"0":"post-189933","1":"product","2":"type-product","3":"status-publish","4":"has-post-thumbnail","6":"product_cat-exclusivo-web-fr","8":"first","9":"instock","10":"sale","11":"taxable","12":"shipping-taxable","13":"purchasable","14":"product-type-simple"},"acf":[],"_links":{"self":[{"href":"https:\/\/pradorey.es\/fr\/wp-json\/wp\/v2\/product\/189933","targetHints":{"allow":["GET"]}}],"collection":[{"href":"https:\/\/pradorey.es\/fr\/wp-json\/wp\/v2\/product"}],"about":[{"href":"https:\/\/pradorey.es\/fr\/wp-json\/wp\/v2\/types\/product"}],"version-history":[{"count":0,"href":"https:\/\/pradorey.es\/fr\/wp-json\/wp\/v2\/product\/189933\/revisions"}],"wp:featuredmedia":[{"embeddable":true,"href":"https:\/\/pradorey.es\/fr\/wp-json\/wp\/v2\/media\/184756"}],"wp:attachment":[{"href":"https:\/\/pradorey.es\/fr\/wp-json\/wp\/v2\/media?parent=189933"}],"wp:term":[{"taxonomy":"product_brand","embeddable":true,"href":"https:\/\/pradorey.es\/fr\/wp-json\/wp\/v2\/product_brand?post=189933"},{"taxonomy":"product_cat","embeddable":true,"href":"https:\/\/pradorey.es\/fr\/wp-json\/wp\/v2\/product_cat?post=189933"},{"taxonomy":"product_tag","embeddable":true,"href":"https:\/\/pradorey.es\/fr\/wp-json\/wp\/v2\/product_tag?post=189933"}],"curies":[{"name":"wp","href":"https:\/\/api.w.org\/{rel}","templated":true}]}}