{"id":67803,"date":"2016-11-14T06:10:01","date_gmt":"2016-11-14T05:10:01","guid":{"rendered":"https:\/\/www.pradorey.es\/p\/adaro\/"},"modified":"2025-10-01T13:58:29","modified_gmt":"2025-10-01T11:58:29","slug":"adaro","status":"publish","type":"product","link":"https:\/\/pradorey.es\/fr\/vinos-pradorey-fr\/adaro\/","title":{"rendered":"Adaro"},"content":{"rendered":"<p data-start=\"0\" data-end=\"218\"><strong data-start=\"0\" data-end=\"13\">Propri\u00e9t\u00e9<\/strong><br data-start=\"13\" data-end=\"16\" \/><strong data-start=\"16\" data-end=\"41\">Parcelle Hoyo Dornajo<\/strong><br data-start=\"41\" data-end=\"44\" \/>Altitude : entre 815 m et 830 m<br data-start=\"75\" data-end=\"78\" \/>Sol contenant une haute concentration d&rsquo;argiles calcaires<br data-start=\"135\" data-end=\"138\" \/>100 % Tempranillo<br data-start=\"155\" data-end=\"158\" \/>Vendange manuelle<br data-start=\"175\" data-end=\"178\" \/>Production limit\u00e9e : 28 028 bouteilles<\/p>\n<p data-start=\"220\" data-end=\"305\"><strong data-start=\"220\" data-end=\"231\">\u00c9levage<\/strong><br data-start=\"231\" data-end=\"234\" \/>12 mois en f\u00fbts de ch\u00eane fran\u00e7ais<br data-start=\"267\" data-end=\"270\" \/>3 mois en c\u00f4nes en bois de Nevers<\/p>\n<p data-start=\"307\" data-end=\"785\"><strong data-start=\"307\" data-end=\"322\">D\u00e9gustation<\/strong><br data-start=\"322\" data-end=\"325\" \/><strong data-start=\"325\" data-end=\"332\">\u0152IL<\/strong> : Couleur rouge cerise, avec des nuances intenses bleu\u00e2tres, couche profonde et brillante<br data-start=\"422\" data-end=\"425\" \/><strong data-start=\"425\" data-end=\"432\">NEZ<\/strong> : Intensit\u00e9 \u00e9lev\u00e9e. Fusion d&rsquo;ar\u00f4mes fruit\u00e9s (laissent ressortir les fruits rouges) assembl\u00e9s avec des ar\u00f4mes tertiaires comme la vanille et le r\u00e9glisse, apport\u00e9s par l&rsquo;\u00e9levage en f\u00fbt<br data-start=\"615\" data-end=\"618\" \/><strong data-start=\"618\" data-end=\"628\">BOUCHE<\/strong> : \u00c9l\u00e9gant, savoureux et frais. Il allie des fruits m\u00fbrs \u00e0 des tanins velout\u00e9s, ce qui procure une agr\u00e9able sensation en bouche et une finale tr\u00e8s \u00e9l\u00e9gante<\/p>\n<p data-start=\"787\" data-end=\"893\"><strong data-start=\"787\" data-end=\"811\">Accords mets et vins<\/strong><br data-start=\"811\" data-end=\"814\" \/>Exquis plats typiques de la r\u00e9gion : viandes r\u00f4ties, gibier et viandes rouges<\/p>\n<p data-start=\"895\" data-end=\"935\" data-is-last-node=\"\"><strong data-start=\"895\" data-end=\"910\">R\u00e9compenses<\/strong><br data-start=\"910\" data-end=\"913\" \/>93 points, Guide Pe\u00f1\u00edn<\/p>\n","protected":false},"excerpt":{"rendered":"<p>Le vin qui rend hommage au fondateur de la marque<\/p>\n","protected":false},"featured_media":67631,"template":"","meta":{"_acf_changed":false},"product_brand":[],"product_cat":[416],"product_tag":[514,500],"class_list":{"0":"post-67803","1":"product","2":"type-product","3":"status-publish","4":"has-post-thumbnail","6":"product_cat-vinos-pradorey-fr","7":"product_tag-urbanita-fr","8":"product_tag-vino-tinto-fr","10":"first","11":"instock","12":"taxable","13":"shipping-taxable","14":"purchasable","15":"product-type-simple"},"acf":[],"_links":{"self":[{"href":"https:\/\/pradorey.es\/fr\/wp-json\/wp\/v2\/product\/67803","targetHints":{"allow":["GET"]}}],"collection":[{"href":"https:\/\/pradorey.es\/fr\/wp-json\/wp\/v2\/product"}],"about":[{"href":"https:\/\/pradorey.es\/fr\/wp-json\/wp\/v2\/types\/product"}],"version-history":[{"count":1,"href":"https:\/\/pradorey.es\/fr\/wp-json\/wp\/v2\/product\/67803\/revisions"}],"predecessor-version":[{"id":167499,"href":"https:\/\/pradorey.es\/fr\/wp-json\/wp\/v2\/product\/67803\/revisions\/167499"}],"wp:featuredmedia":[{"embeddable":true,"href":"https:\/\/pradorey.es\/fr\/wp-json\/wp\/v2\/media\/67631"}],"wp:attachment":[{"href":"https:\/\/pradorey.es\/fr\/wp-json\/wp\/v2\/media?parent=67803"}],"wp:term":[{"taxonomy":"product_brand","embeddable":true,"href":"https:\/\/pradorey.es\/fr\/wp-json\/wp\/v2\/product_brand?post=67803"},{"taxonomy":"product_cat","embeddable":true,"href":"https:\/\/pradorey.es\/fr\/wp-json\/wp\/v2\/product_cat?post=67803"},{"taxonomy":"product_tag","embeddable":true,"href":"https:\/\/pradorey.es\/fr\/wp-json\/wp\/v2\/product_tag?post=67803"}],"curies":[{"name":"wp","href":"https:\/\/api.w.org\/{rel}","templated":true}]}}