{"id":67833,"date":"2016-11-14T05:44:29","date_gmt":"2016-11-14T04:44:29","guid":{"rendered":"https:\/\/www.pradorey.es\/p\/pradorey-finca-real-sitio-de-ventosilla\/"},"modified":"2025-02-14T14:09:37","modified_gmt":"2025-02-14T13:09:37","slug":"pradorey-finca-real-sitio-de-ventosilla","status":"publish","type":"product","link":"https:\/\/pradorey.es\/fr\/vinos-pradorey-fr\/pradorey-finca-real-sitio-de-ventosilla\/","title":{"rendered":"Finca Real Sitio de Ventosilla"},"content":{"rendered":"","protected":false},"excerpt":{"rendered":"<p>Gran Reserva \u00e9labor\u00e9 lors de mill\u00e9simes exceptionnels<\/p>\n","protected":false},"featured_media":152475,"template":"","meta":{"_acf_changed":false},"product_brand":[],"product_cat":[416],"product_tag":[530,500],"class_list":{"0":"post-67833","1":"product","2":"type-product","3":"status-publish","4":"has-post-thumbnail","6":"product_cat-vinos-pradorey-fr","7":"product_tag-tradicional-fr","8":"product_tag-vino-tinto-fr","10":"first","11":"instock","12":"taxable","13":"shipping-taxable","14":"purchasable","15":"product-type-simple"},"acf":[],"_links":{"self":[{"href":"https:\/\/pradorey.es\/fr\/wp-json\/wp\/v2\/product\/67833","targetHints":{"allow":["GET"]}}],"collection":[{"href":"https:\/\/pradorey.es\/fr\/wp-json\/wp\/v2\/product"}],"about":[{"href":"https:\/\/pradorey.es\/fr\/wp-json\/wp\/v2\/types\/product"}],"version-history":[{"count":1,"href":"https:\/\/pradorey.es\/fr\/wp-json\/wp\/v2\/product\/67833\/revisions"}],"predecessor-version":[{"id":167653,"href":"https:\/\/pradorey.es\/fr\/wp-json\/wp\/v2\/product\/67833\/revisions\/167653"}],"wp:featuredmedia":[{"embeddable":true,"href":"https:\/\/pradorey.es\/fr\/wp-json\/wp\/v2\/media\/152475"}],"wp:attachment":[{"href":"https:\/\/pradorey.es\/fr\/wp-json\/wp\/v2\/media?parent=67833"}],"wp:term":[{"taxonomy":"product_brand","embeddable":true,"href":"https:\/\/pradorey.es\/fr\/wp-json\/wp\/v2\/product_brand?post=67833"},{"taxonomy":"product_cat","embeddable":true,"href":"https:\/\/pradorey.es\/fr\/wp-json\/wp\/v2\/product_cat?post=67833"},{"taxonomy":"product_tag","embeddable":true,"href":"https:\/\/pradorey.es\/fr\/wp-json\/wp\/v2\/product_tag?post=67833"}],"curies":[{"name":"wp","href":"https:\/\/api.w.org\/{rel}","templated":true}]}}