{"id":67839,"date":"2016-11-14T05:33:30","date_gmt":"2016-11-14T04:33:30","guid":{"rendered":"https:\/\/www.pradorey.es\/p\/pradorey-finca-valdelayegua-crianza\/"},"modified":"2026-03-26T12:50:30","modified_gmt":"2026-03-26T11:50:30","slug":"pradorey-finca-valdelayegua-crianza","status":"publish","type":"product","link":"https:\/\/pradorey.es\/fr\/vinos-pradorey-fr\/pradorey-finca-valdelayegua-crianza\/","title":{"rendered":"PRADOREY Finca Valdelayegua"},"content":{"rendered":"<ul>\n<li data-start=\"0\" data-end=\"282\"><strong>Domaine<\/strong><br data-start=\"7\" data-end=\"10\" \/>Pago Valdelayegua<br data-start=\"27\" data-end=\"30\" \/>Altitude : entre 790 m et 820 m<br data-start=\"61\" data-end=\"64\" \/>Pentes douces orient\u00e9es au sud, pr\u00e8s des rivi\u00e8res Duero et Gromej\u00f3n<br data-start=\"131\" data-end=\"134\" \/>Sols limono-sableux et limono-argileux avec affleurements calcaires<br data-start=\"201\" data-end=\"204\" \/>95 % Tempranillo, 3 % Cabernet Sauvignon et 2 % Merlot<br data-start=\"258\" data-end=\"261\" \/>Vendanges manuelles<\/li>\n<\/ul>\n<p>&nbsp;<\/p>\n<ul>\n<li data-start=\"284\" data-end=\"370\"><strong>\u00c9levage<\/strong><br data-start=\"291\" data-end=\"294\" \/>12 mois en barriques de ch\u00eane fran\u00e7ais<br data-start=\"332\" data-end=\"335\" \/>3 mois en c\u00f4nes de bois de Nevers<\/li>\n<\/ul>\n<p>&nbsp;<\/p>\n<ul>\n<li data-start=\"372\" data-end=\"809\"><strong>D\u00e9gustation<\/strong><br data-start=\"383\" data-end=\"386\" \/>VUE : Couleur rouge cerise, avec d\u2019intenses nuances bleut\u00e9es, robe intense et brillante<br data-start=\"473\" data-end=\"476\" \/>NEZ : Intensit\u00e9 \u00e9lev\u00e9e. Les fruits rouges m\u00fbrs dominent avec des sensations l\u00e9g\u00e8rement sucr\u00e9es apport\u00e9es par son passage en barrique. Fond min\u00e9ral, balsamique et complexe<br data-start=\"646\" data-end=\"649\" \/>BOUCHE : Savoureux en bouche, avec des tanins ronds et une fra\u00eecheur agr\u00e9able au palais. Finale savoureuse, velout\u00e9e et avec une grande concentration de fruit<\/li>\n<\/ul>\n<p>&nbsp;<\/p>\n<ul>\n<li data-start=\"811\" data-end=\"908\"><strong>Accords<\/strong><br data-start=\"818\" data-end=\"821\" \/>R\u00f4tis et gibier<br data-start=\"836\" data-end=\"839\" \/>Viandes rouges grill\u00e9es ou au barbecue<br data-start=\"877\" data-end=\"880\" \/>Fromages affin\u00e9s et \u00e9pic\u00e9s<\/li>\n<\/ul>\n<p>&nbsp;<\/p>\n<ul>\n<li data-start=\"910\" data-end=\"1055\"><strong>R\u00e9compenses<\/strong><br data-start=\"921\" data-end=\"924\" \/>90 points, Guide Pe\u00f1\u00edn 2017<br data-start=\"951\" data-end=\"954\" \/>M\u00e9daille de bronze, International Wine &amp; Spirits Competition 2016<br data-start=\"1019\" data-end=\"1022\" \/>M\u00e9daille de bronze, Decanter 2016<\/li>\n<\/ul>\n","protected":false},"excerpt":{"rendered":"<p>\u00c9levage traditionnel de la Ribera del Duero<\/p>\n<p>&nbsp;<\/p>\n","protected":false},"featured_media":191007,"template":"","meta":{"_acf_changed":false},"product_brand":[],"product_cat":[416],"product_tag":[530,500],"class_list":{"0":"post-67839","1":"product","2":"type-product","3":"status-publish","4":"has-post-thumbnail","6":"product_cat-vinos-pradorey-fr","7":"product_tag-tradicional-fr","8":"product_tag-vino-tinto-fr","10":"first","11":"instock","12":"taxable","13":"shipping-taxable","14":"purchasable","15":"product-type-simple"},"acf":[],"_links":{"self":[{"href":"https:\/\/pradorey.es\/fr\/wp-json\/wp\/v2\/product\/67839","targetHints":{"allow":["GET"]}}],"collection":[{"href":"https:\/\/pradorey.es\/fr\/wp-json\/wp\/v2\/product"}],"about":[{"href":"https:\/\/pradorey.es\/fr\/wp-json\/wp\/v2\/types\/product"}],"version-history":[{"count":1,"href":"https:\/\/pradorey.es\/fr\/wp-json\/wp\/v2\/product\/67839\/revisions"}],"predecessor-version":[{"id":192315,"href":"https:\/\/pradorey.es\/fr\/wp-json\/wp\/v2\/product\/67839\/revisions\/192315"}],"wp:featuredmedia":[{"embeddable":true,"href":"https:\/\/pradorey.es\/fr\/wp-json\/wp\/v2\/media\/191007"}],"wp:attachment":[{"href":"https:\/\/pradorey.es\/fr\/wp-json\/wp\/v2\/media?parent=67839"}],"wp:term":[{"taxonomy":"product_brand","embeddable":true,"href":"https:\/\/pradorey.es\/fr\/wp-json\/wp\/v2\/product_brand?post=67839"},{"taxonomy":"product_cat","embeddable":true,"href":"https:\/\/pradorey.es\/fr\/wp-json\/wp\/v2\/product_cat?post=67839"},{"taxonomy":"product_tag","embeddable":true,"href":"https:\/\/pradorey.es\/fr\/wp-json\/wp\/v2\/product_tag?post=67839"}],"curies":[{"name":"wp","href":"https:\/\/api.w.org\/{rel}","templated":true}]}}