{"id":132387,"date":"2023-02-20T12:22:54","date_gmt":"2023-02-20T11:22:54","guid":{"rendered":"https:\/\/pradorey.es\/tienda-online\/vino-rosado\/"},"modified":"2023-02-20T12:22:56","modified_gmt":"2023-02-20T11:22:56","slug":"vino-rosado","status":"publish","type":"page","link":"https:\/\/pradorey.es\/ja\/tienda-online\/vino-rosado\/","title":{"rendered":"vino-rosado"},"content":{"rendered":"\t\t<div data-elementor-type=\"wp-page\" data-elementor-id=\"132387\" class=\"elementor elementor-132387 elementor-58696\" data-elementor-post-type=\"page\">\n\t\t\t\t\t\t<section class=\"elementor-section elementor-top-section elementor-element elementor-element-f667efa elementor-section-height-min-height elementor-section-boxed elementor-section-height-default elementor-section-items-middle\" data-id=\"f667efa\" data-element_type=\"section\" data-e-type=\"section\" data-settings=\"{&quot;background_background&quot;:&quot;classic&quot;,&quot;background_motion_fx_motion_fx_scrolling&quot;:&quot;yes&quot;,&quot;background_motion_fx_devices&quot;:[&quot;desktop&quot;]}\">\n\t\t\t\t\t\t\t<div class=\"elementor-background-overlay\"><\/div>\n\t\t\t\t\t\t\t<div class=\"elementor-container elementor-column-gap-default\">\n\t\t\t\t\t<div class=\"elementor-column elementor-col-50 elementor-top-column elementor-element elementor-element-4656cfc animated-slow elementor-invisible\" data-id=\"4656cfc\" data-element_type=\"column\" data-e-type=\"column\" data-settings=\"{&quot;animation&quot;:&quot;fadeIn&quot;}\">\n\t\t\t<div class=\"elementor-widget-wrap elementor-element-populated\">\n\t\t\t\t\t\t<div class=\"elementor-element elementor-element-89e3ec7 elementor-widget elementor-widget-heading\" data-id=\"89e3ec7\" data-element_type=\"widget\" data-e-type=\"widget\" data-widget_type=\"heading.default\">\n\t\t\t\t<div class=\"elementor-widget-container\">\n\t\t\t\t\t<h1 class=\"elementor-heading-title elementor-size-large\">Vino ROSADO Ribera del Duero<\/h1>\t\t\t\t<\/div>\n\t\t\t\t<\/div>\n\t\t\t\t<div class=\"elementor-element elementor-element-9217bcb elementor-widget elementor-widget-spacer\" data-id=\"9217bcb\" data-element_type=\"widget\" data-e-type=\"widget\" data-widget_type=\"spacer.default\">\n\t\t\t\t<div class=\"elementor-widget-container\">\n\t\t\t\t\t\t\t<div class=\"elementor-spacer\">\n\t\t\t<div class=\"elementor-spacer-inner\"><\/div>\n\t\t<\/div>\n\t\t\t\t\t\t<\/div>\n\t\t\t\t<\/div>\n\t\t\t\t\t<\/div>\n\t\t<\/div>\n\t\t\t\t<div class=\"elementor-column elementor-col-50 elementor-top-column elementor-element elementor-element-e43643f\" data-id=\"e43643f\" data-element_type=\"column\" data-e-type=\"column\">\n\t\t\t<div class=\"elementor-widget-wrap\">\n\t\t\t\t\t\t\t<\/div>\n\t\t<\/div>\n\t\t\t\t\t<\/div>\n\t\t<\/section>\n\t\t<div class=\"elementor-element elementor-element-62cde44 e-flex e-con-boxed e-con e-parent\" data-id=\"62cde44\" data-element_type=\"container\" data-e-type=\"container\">\n\t\t\t\t\t<div class=\"e-con-inner\">\n\t\t\t\t<div class=\"elementor-element elementor-element-c702de5 premium-woo-product-align-center premium-qv-hidden-yes elementor-widget elementor-widget-premium-woo-products\" data-id=\"c702de5\" data-element_type=\"widget\" data-e-type=\"widget\" data-widget_type=\"premium-woo-products.grid-1\">\n\t\t\t\t<div class=\"elementor-widget-container\">\n\t\t\t\t\t<div class=\"premium-woocommerce premium-woo-products-grid premium-woo-skin-grid-1 premium-woo-query-custom\" data-page-id=\"132387\" data-skin=\"grid_1\" data-quick-view=\"\"><div class=\"premium-woo-products-inner premium-woo-product__hover-zoomin\"><ul class=\"products columns-2\">\n\r\n<li class=\" post-169055 product first instock taxable shipping-taxable purchasable product-type-simple\">\r\n\t<div class=\"premium-woo-product-wrapper premium-con-lq__none\">\r\n\t\t<div class=\"premium-woo-product-thumbnail\"><a href=\"https:\/\/pradorey.es\/ja\/vinos-pradorey-ja\/pradorey-finca-la-recorba\/\" class=\"woocommerce-LoopProduct-link woocommerce-loop-product__link\"><img decoding=\"async\" src=\"https:\/\/pradorey.es\/wp-content\/uploads\/2025\/03\/Pradorey-Finca-La-Recorba-scaled.webp\" alt=\"\"><\/a><\/div><div class=\"premium-woo-products-details-wrap\"><a href=\"https:\/\/pradorey.es\/ja\/vinos-pradorey-ja\/pradorey-finca-la-recorba\/\" class=\"premium-woo-product__link\"><h2 class=\"woocommerce-loop-product__title\">PRADOREY Finca La Recorba \u30d7\u30e9\u30c9\u30ec\u30a4\u30fb\u30d5\u30a3\u30f3\u30ab\u30fb\u30e9\u30fb\u30ec\u30b3\u30eb\u30d0<\/h2><\/a><div class=\"premium-woo-product-desc\">\u30d7\u30e9\u30c9\u30ec\u30a4\u30fb\u30d5\u30a3\u30f3\u30ab\u30fb\u30e9\u30fb\u30ec\u30b3\u30eb\u30d0\u306f\u3001\u30ea\u30d9\u30e9\u30fb\u30c7\u30eb\u30fb\u30c9\u30a5\u30a8\u30ed\u5730\u65b9\u306e\u30ed\u30bc\u30ef\u30a4\u30f3\u306e\u5148\u99c6\u8005\u3067\u3042\u308b\u30d7\u30e9\u30c9\u30ec\u30a4\u30fb\u30ed\u30b5\u30fc\u30c9\u306e\u6b63\u7d71\u306a\u5f8c\u7d99\u8005\u3067\u3059\u3002<\/div>\n\t<span class=\"price\"><span class=\"woocommerce-Price-amount amount\"><bdi>15,00&nbsp;<span class=\"woocommerce-Price-currencySymbol\">&euro;<\/span><\/bdi><\/span><\/span>\n<div class=\"premium-woo-atc-button\" ><a href=\"\/ja\/wp-json\/wp\/v2\/pages\/132387?add-to-cart=169055\" aria-describedby=\"woocommerce_loop_add_to_cart_link_describedby_169055\" data-quantity=\"1\" class=\"button product_type_simple add_to_cart_button ajax_add_to_cart\" data-product_id=\"169055\" data-product_sku=\"\" aria-label=\"\u304a\u8cb7\u3044\u7269\u30ab\u30b4\u306b\u8ffd\u52a0: \u300cPRADOREY Finca La Recorba \u30d7\u30e9\u30c9\u30ec\u30a4\u30fb\u30d5\u30a3\u30f3\u30ab\u30fb\u30e9\u30fb\u30ec\u30b3\u30eb\u30d0\u300d\" rel=\"nofollow\" data-success_message=\"\u300cPRADOREY Finca La Recorba \u30d7\u30e9\u30c9\u30ec\u30a4\u30fb\u30d5\u30a3\u30f3\u30ab\u30fb\u30e9\u30fb\u30ec\u30b3\u30eb\u30d0\u300d\u3092\u304a\u8cb7\u3044\u7269\u30ab\u30b4\u306b\u8ffd\u52a0\u3057\u307e\u3057\u305f\">\u304a\u8cb7\u3044\u7269\u30ab\u30b4\u306b\u8ffd\u52a0<\/a>\t<span id=\"woocommerce_loop_add_to_cart_link_describedby_169055\" class=\"screen-reader-text\">\n\t\t\t<\/span>\n<\/div><\/div>\t<\/div>\r\n<\/li>\r\n\r\n<li class=\" post-113083 product last outofstock taxable shipping-taxable purchasable product-type-simple\">\r\n\t<div class=\"premium-woo-product-wrapper premium-con-lq__none\">\r\n\t\t<div class=\"premium-woo-product-thumbnail\"><span class=\"pa-out-of-stock\">SOLD OUT<\/span><a href=\"https:\/\/pradorey.es\/ja\/%E3%83%AF%E3%82%A4%E3%83%B3\/pradorey-rosado-fermentado\/\" class=\"woocommerce-LoopProduct-link woocommerce-loop-product__link\"><img decoding=\"async\" src=\"https:\/\/pradorey.es\/wp-content\/uploads\/2019\/04\/Pradorey-Rosado.png\" alt=\"Pradorey-Rosado\"><\/a><\/div><div class=\"premium-woo-products-details-wrap\"><a href=\"https:\/\/pradorey.es\/ja\/%E3%83%AF%E3%82%A4%E3%83%B3\/pradorey-rosado-fermentado\/\" class=\"premium-woo-product__link\"><h2 class=\"woocommerce-loop-product__title\">PRADOREY Rosado<\/h2><\/a><div class=\"premium-woo-product-desc\">\u30d5\u30ec\u30f3\u30c1\u30aa\u30fc\u30af\u6a3d\u3067<strong>2\u30f6\u6708\u719f\u6210<\/strong><\/div>\n\t<span class=\"price\"><span class=\"woocommerce-Price-amount amount\"><bdi>9,95&nbsp;<span class=\"woocommerce-Price-currencySymbol\">&euro;<\/span><\/bdi><\/span><\/span>\n<div class=\"premium-woo-atc-button\" data-variations=&quot;true&quot;><a href=\"https:\/\/pradorey.es\/ja\/%E3%83%AF%E3%82%A4%E3%83%B3\/pradorey-rosado-fermentado\/\" aria-describedby=\"woocommerce_loop_add_to_cart_link_describedby_113083\" data-quantity=\"1\" class=\"button product_type_simple\" data-product_id=\"113083\" data-product_sku=\"PRS\" aria-label=\"&ldquo;PRADOREY Rosado&rdquo;\u306e\u8a73\u7d30\u3092\u8aad\u3080\" rel=\"nofollow\" data-success_message=\"\">\u7d9a\u304d\u3092\u8aad\u3080<\/a>\t<span id=\"woocommerce_loop_add_to_cart_link_describedby_113083\" class=\"screen-reader-text\">\n\t\t\t<\/span>\n<\/div><\/div>\t<\/div>\r\n<\/li>\r\n<\/ul>\n<\/div><\/div>\t\t\t\t<\/div>\n\t\t\t\t<\/div>\n\t\t\t\t\t<\/div>\n\t\t\t\t<\/div>\n\t\t\t\t<section class=\"elementor-section elementor-top-section elementor-element elementor-element-0c499c3 elementor-section-boxed elementor-section-height-default elementor-section-height-default\" data-id=\"0c499c3\" data-element_type=\"section\" data-e-type=\"section\">\n\t\t\t\t\t\t<div class=\"elementor-container elementor-column-gap-default\">\n\t\t\t\t\t<div class=\"elementor-column elementor-col-100 elementor-top-column elementor-element elementor-element-e49d972\" data-id=\"e49d972\" data-element_type=\"column\" data-e-type=\"column\">\n\t\t\t<div class=\"elementor-widget-wrap elementor-element-populated\">\n\t\t\t\t\t\t<div class=\"elementor-element elementor-element-5f4a6c0 elementor-widget elementor-widget-text-editor\" data-id=\"5f4a6c0\" data-element_type=\"widget\" data-e-type=\"widget\" data-widget_type=\"text-editor.default\">\n\t\t\t\t<div class=\"elementor-widget-container\">\n\t\t\t\t\t\t\t\t\t<p style=\"text-align: center;\"><em><strong>Selecci\u00f3n de vinos rosados de la Ribera del Duero.<\/strong><\/em><\/p>\n<p style=\"text-align: justify;\">En Pradorey te invitamos a descubrir y disfrutar con nuestra exclusiva selecci\u00f3n de <strong>vino rosado<\/strong>, donde encontrar\u00e1s un vino fresco, elegante y con un agradable sabor, ideal para beberlo en cualquier momento del d\u00eda. Se convertir\u00e1 en uno de tus imprescindibles.<\/p>\n<p style=\"text-align: justify;\">Somos una de las bodegas de <strong>vino rosado de la Ribera del Duero<\/strong> m\u00e1s reconocidas, con una gran experiencia en la elaboraci\u00f3n de vinos con mucha personalidad y car\u00e1cter con los que hemos recuperado la tradici\u00f3n de los antiguos lagares de nuestra zona, donde se elaboran los cl\u00e1sicos claretes.<\/p>\n<p style=\"text-align: justify;\">Con el <strong>vino rosado PradoRey<\/strong> podr\u00e1s hacer un viaje por la historia vitivin\u00edcola de la Ribera del Duero burgalesa, comenzando por lo m\u00e1s ancestral hasta llegar a la vanguardia, donde te encontrar\u00e1s con vinos innovadores que no dejar\u00e1n de sorprenderte.<\/p>\n<h2 style=\"text-align: center;\"><strong>Vino rosado PradoRey, no podr\u00e1s resistirte <\/strong><\/h2>\n<p style=\"text-align: center;\"><strong><em>Caldos rosados que nunca dejan de sorprender<\/em><\/strong>.<\/p>\n<p style=\"text-align: justify;\">El <strong>vino rosado Pradorey<\/strong> es ideal para conquistar a los paladares m\u00e1s j\u00f3venes e inexpertos, e introducirles en el apasionante mundo del vino. F\u00e1ciles de beber por su frescor, estructura y agradable sabor, muy pocos ser\u00e1n capaces de resistirse.<\/p>\n<p style=\"text-align: justify;\">Para <strong>elaborar nuestros vinos rosados extraemos lo mejor de nuestra uva,<\/strong> cultivada en nuestras 520 hect\u00e1reas de vi\u00f1edo propio, a m\u00e1s de 800 metros de altitud, donde se dan las mejores condiciones. La vendimia la realizamos de modo manual para garantizar la perfecci\u00f3n en todas y cada una de nuestras uvas.<\/p>\n<p style=\"text-align: justify;\">Trataremos de conquistarte a tu paladar a trav\u00e9s del <strong>vino rosado Pradorey<\/strong>, donde contamos con dos vinos aptos para todos los gustos a los que no podr\u00e1s decirles que no.<\/p>\n<p style=\"text-align: justify;\">Nuestro <strong>vino rosado fermentado Pradorey 50% Merlot \u2013 50% Tempranillo<\/strong> est\u00e1 considerado como uno de los mejores vinos rosados de Espa\u00f1a, e incluso del mundo. Si eres amante de los rosados, r\u00e1pidamente incluir\u00e1s este vino en tu lista de imprescindibles.<\/p>\n<p style=\"text-align: justify;\">Un rosado <strong>fermentado durante tres meses en barricas de roble franc\u00e9s<\/strong>, con un intenso color frambuesa, un aroma muy elegante y un delicioso sabor, cremoso y lleno de recuerdos. Te acompa\u00f1ar\u00e1 en tus momentos m\u00e1s especiales.<\/p>\n<p style=\"text-align: justify;\">Sin olvidarnos del <strong>vino rosado L\u00eda<\/strong>, uno de los vinos m\u00e1s innovadores de Pradorey, que puede presumir de ser <strong>el primer Blush Ros\u00e9 de la Ribera del Duero<\/strong>. Sonrosado y arom\u00e1tico, es ideal para la \u00e9poca estival, aportando un frescor en cada sorbo que te invitar\u00e1 a fantasear y con el que el disfrute estar\u00e1 garantizado.<\/p>\n<p style=\"text-align: justify;\">Elaborado <strong>100% con tempranillo<\/strong>, mantiene la estructura y equilibrio propios de esta variedad de uva. Un vino de corta maceraci\u00f3n con un punto de dulzor, ideal para poner la guinda a tus aperitivos, platos fr\u00edos o quesos cremosos. Te enamorar\u00e1.<\/p>\n<p style=\"text-align: justify;\">Por mucha experiencia que tengas en el mundo de los caldos, te garantizamos que <strong>el vino rosado Pradorey nunca dejar\u00e1 de sorprenderte<\/strong>. Un vino que armoniza con la mayor\u00eda de sabores y potenciar\u00e1 tus platos m\u00e1s especiales, aport\u00e1ndoles el exclusivo y caracter\u00edstico aroma de nuestros vinos.<\/p>\n<p style=\"text-align: justify;\">Si te consideras amante de los rosados, en Pradorey podr\u00e1s degustar nuestros <strong>vinos rosados de la Ribera del Duero<\/strong> c\u00f3modamente y sin desplazarte. Date una vuelta por nuestro cat\u00e1logo, realiza tu pedido y nosotros nos encargaremos de entreg\u00e1rtelo en tu domicilio para que \u00fanicamente te preocupes de disfrutar.<\/p>\n<p style=\"text-align: justify;\">Y si lo tuyo no es el rosado, no te pierdas nuestra selecci\u00f3n de\u00a0<strong><a href=\"https:\/\/pradorey.es\/ja\/tienda-online\/vino-tinto\/\" target=\"_blank\" rel=\"noopener\">vino tinto<\/a><\/strong>\u00a0y <strong><a href=\"https:\/\/pradorey.es\/ja\/tienda-online\/vino-blanco\/\">vino blanco<\/a><\/strong>, donde encontrar\u00e1s el vino perfecto para ti.<\/p>\n\t\t\t\t\t\t\t\t<\/div>\n\t\t\t\t<\/div>\n\t\t\t\t\t<\/div>\n\t\t<\/div>\n\t\t\t\t\t<\/div>\n\t\t<\/section>\n\t\t\t\t<\/div>\n\t\t","protected":false},"excerpt":{"rendered":"<p>Vino ROSADO Ribera del Duero SOLD OUT PRADOREY Rosado 2 meses en barricas de roble franc\u00e9s 9,95&nbsp;&euro; Le [&hellip;]<\/p>\n","protected":false},"author":4801,"featured_media":0,"parent":131805,"menu_order":0,"comment_status":"closed","ping_status":"closed","template":"elementor_header_footer","meta":{"_acf_changed":false,"footnotes":""},"class_list":["post-132387","page","type-page","status-publish","hentry"],"acf":[],"_links":{"self":[{"href":"https:\/\/pradorey.es\/ja\/wp-json\/wp\/v2\/pages\/132387","targetHints":{"allow":["GET"]}}],"collection":[{"href":"https:\/\/pradorey.es\/ja\/wp-json\/wp\/v2\/pages"}],"about":[{"href":"https:\/\/pradorey.es\/ja\/wp-json\/wp\/v2\/types\/page"}],"author":[{"embeddable":true,"href":"https:\/\/pradorey.es\/ja\/wp-json\/wp\/v2\/users\/4801"}],"replies":[{"embeddable":true,"href":"https:\/\/pradorey.es\/ja\/wp-json\/wp\/v2\/comments?post=132387"}],"version-history":[{"count":0,"href":"https:\/\/pradorey.es\/ja\/wp-json\/wp\/v2\/pages\/132387\/revisions"}],"up":[{"embeddable":true,"href":"https:\/\/pradorey.es\/ja\/wp-json\/wp\/v2\/pages\/131805"}],"wp:attachment":[{"href":"https:\/\/pradorey.es\/ja\/wp-json\/wp\/v2\/media?parent=132387"}],"curies":[{"name":"wp","href":"https:\/\/api.w.org\/{rel}","templated":true}]}}