{"id":113303,"date":"2016-11-14T06:10:01","date_gmt":"2016-11-14T05:10:01","guid":{"rendered":"https:\/\/www.pradorey.es\/p\/adaro\/"},"modified":"2025-10-01T13:59:05","modified_gmt":"2025-10-01T11:59:05","slug":"adaro","status":"publish","type":"product","link":"https:\/\/pradorey.es\/ja\/%E3%83%AF%E3%82%A4%E3%83%B3\/adaro\/","title":{"rendered":"Adaro"},"content":{"rendered":"<p data-start=\"0\" data-end=\"27\"><strong data-start=\"0\" data-end=\"8\">\u30d5\u30a3\u30f3\u30ab<\/strong><br data-start=\"8\" data-end=\"11\" \/><strong data-start=\"11\" data-end=\"25\">\u30d1\u30b4\u30fb\u30aa\u30db\u30fb\u30c9\u30eb\u30ca\u30db<\/strong><\/p>\n<ul data-start=\"29\" data-end=\"140\">\n<li data-start=\"29\" data-end=\"52\"><strong data-start=\"31\" data-end=\"38\">\u6a19\u9ad8:<\/strong> 815m \uff5e 830m<\/li>\n<li data-start=\"53\" data-end=\"75\"><strong data-start=\"55\" data-end=\"62\">\u571f\u58cc:<\/strong> \u77f3\u7070\u8cea\u7c98\u571f\u3092\u591a\u304f\u542b\u3080<\/li>\n<li data-start=\"76\" data-end=\"101\"><strong data-start=\"78\" data-end=\"85\">\u54c1\u7a2e:<\/strong> 100% \u30c6\u30f3\u30d7\u30e9\u30cb\u30fc\u30ea\u30e7<\/li>\n<li data-start=\"102\" data-end=\"117\"><strong data-start=\"104\" data-end=\"111\">\u53ce\u7a6b:<\/strong> \u624b\u6458\u307f<\/li>\n<li data-start=\"118\" data-end=\"140\"><strong data-start=\"120\" data-end=\"128\">\u751f\u7523\u91cf:<\/strong> \u9650\u5b9a28,028\u672c<\/li>\n<\/ul>\n<h3 data-start=\"142\" data-end=\"154\"><strong data-start=\"146\" data-end=\"152\">\u719f\u6210<\/strong><\/h3>\n<ul data-start=\"155\" data-end=\"207\">\n<li data-start=\"155\" data-end=\"178\">\u30d5\u30ec\u30f3\u30c1\u30aa\u30fc\u30af\u6a3d\u3067<strong data-start=\"166\" data-end=\"176\">12\u30f6\u6708\u719f\u6210<\/strong><\/li>\n<li data-start=\"179\" data-end=\"207\">\u30cd\u30f4\u30a7\u30eb\u7523\u6728\u88fd\u30b3\u30cb\u30ab\u30eb\u30bf\u30f3\u30af\u3067<strong data-start=\"196\" data-end=\"205\">3\u30f6\u6708\u719f\u6210<\/strong><\/li>\n<\/ul>\n<h3 data-start=\"209\" data-end=\"229\"><strong data-start=\"213\" data-end=\"227\">\u30c6\u30a4\u30b9\u30c6\u30a3\u30f3\u30b0\u30ce\u30fc\u30c8<\/strong><\/h3>\n<ul data-start=\"230\" data-end=\"414\">\n<li data-start=\"230\" data-end=\"272\"><strong data-start=\"232\" data-end=\"239\">\u8996\u899a:<\/strong> \u6df1\u307f\u306e\u3042\u308b\u30c1\u30a7\u30ea\u30fc\u30ec\u30c3\u30c9\u3001\u9752\u307f\u304c\u304b\u3063\u305f\u8f1d\u304d\u3092\u6301\u3064\u6fc3\u539a\u306a\u8272\u5408\u3044<\/li>\n<li data-start=\"273\" data-end=\"340\"><strong data-start=\"275\" data-end=\"282\">\u9999\u308a:<\/strong> \u9ad8\u3044\u9999\u308a\u306e\u5f37\u3055\u3002\u8d64\u3044\u679c\u5b9f\u306e\u30d5\u30eb\u30fc\u30c6\u30a3\u30fc\u306a\u30a2\u30ed\u30de\u304c\u3001\u6a3d\u719f\u6210\u306b\u3088\u308b\u30d0\u30cb\u30e9\u3084\u30ea\u30b3\u30ea\u30b9\uff08\u7518\u8349\uff09\u306e\u30cb\u30e5\u30a2\u30f3\u30b9\u3068\u898b\u4e8b\u306b\u878d\u5408<\/li>\n<li data-start=\"341\" data-end=\"414\"><strong data-start=\"343\" data-end=\"351\">\u5473\u308f\u3044:<\/strong> \u30a8\u30ec\u30ac\u30f3\u30c8\u3067\u98a8\u5473\u8c4a\u304b\u304b\u3064\u30d5\u30ec\u30c3\u30b7\u30e5\u3002\u719f\u3057\u305f\u679c\u5b9f\u3068\u30d3\u30ed\u30fc\u30c9\u306e\u3088\u3046\u306a\u30bf\u30f3\u30cb\u30f3\u304c\u8abf\u548c\u3057\u3001\u5fc3\u5730\u3088\u3044\u53e3\u5f53\u305f\u308a\u3068\u6d17\u7df4\u3055\u308c\u305f\u4f59\u97fb\u3092\u6f14\u51fa<\/li>\n<\/ul>\n<h3 data-start=\"416\" data-end=\"431\"><strong data-start=\"420\" data-end=\"429\">\u30da\u30a2\u30ea\u30f3\u30b0<\/strong><\/h3>\n<p data-start=\"432\" data-end=\"472\">\u5730\u5143\u306e\u7d76\u54c1\u6599\u7406\u3068\u76f8\u6027\u629c\u7fa4: <strong data-start=\"446\" data-end=\"470\">\u30a2\u30b5\u30fc\u30c9\uff08\u30ed\u30fc\u30b9\u30c8\u6599\u7406\uff09\u3001\u30b8\u30d3\u30a8\u3001\u8d64\u8eab\u8089<\/strong><\/p>\n<h3 data-start=\"474\" data-end=\"487\"><strong data-start=\"478\" data-end=\"485\">\u53d7\u8cde\u6b74<\/strong><\/h3>\n<ul data-start=\"488\" data-end=\"513\" data-is-last-node=\"\">\n<li data-start=\"488\" data-end=\"513\" data-is-last-node=\"\"><strong data-start=\"490\" data-end=\"513\" data-is-last-node=\"\">93\u30dd\u30a4\u30f3\u30c8 &#8211; Gu\u00eda Pe\u00f1\u00edn<\/strong><\/li>\n<\/ul>\n","protected":false},"excerpt":{"rendered":"<p>\u5275\u8a2d\u8005\u3078\u306e\u30aa\u30de\u30fc\u30b8\u30e5\u30ef\u30a4\u30f3<\/p>\n","protected":false},"featured_media":62257,"template":"","meta":{"_acf_changed":false},"product_brand":[],"product_cat":[459],"product_tag":[520,506],"class_list":{"0":"post-113303","1":"product","2":"type-product","3":"status-publish","4":"has-post-thumbnail","6":"product_cat-vinos-pradorey-ja","7":"product_tag-urbanita-ja","8":"product_tag-vino-tinto-ja","10":"first","11":"instock","12":"taxable","13":"shipping-taxable","14":"purchasable","15":"product-type-simple"},"acf":[],"_links":{"self":[{"href":"https:\/\/pradorey.es\/ja\/wp-json\/wp\/v2\/product\/113303","targetHints":{"allow":["GET"]}}],"collection":[{"href":"https:\/\/pradorey.es\/ja\/wp-json\/wp\/v2\/product"}],"about":[{"href":"https:\/\/pradorey.es\/ja\/wp-json\/wp\/v2\/types\/product"}],"version-history":[{"count":1,"href":"https:\/\/pradorey.es\/ja\/wp-json\/wp\/v2\/product\/113303\/revisions"}],"predecessor-version":[{"id":167501,"href":"https:\/\/pradorey.es\/ja\/wp-json\/wp\/v2\/product\/113303\/revisions\/167501"}],"wp:featuredmedia":[{"embeddable":true,"href":"https:\/\/pradorey.es\/ja\/wp-json\/wp\/v2\/media\/62257"}],"wp:attachment":[{"href":"https:\/\/pradorey.es\/ja\/wp-json\/wp\/v2\/media?parent=113303"}],"wp:term":[{"taxonomy":"product_brand","embeddable":true,"href":"https:\/\/pradorey.es\/ja\/wp-json\/wp\/v2\/product_brand?post=113303"},{"taxonomy":"product_cat","embeddable":true,"href":"https:\/\/pradorey.es\/ja\/wp-json\/wp\/v2\/product_cat?post=113303"},{"taxonomy":"product_tag","embeddable":true,"href":"https:\/\/pradorey.es\/ja\/wp-json\/wp\/v2\/product_tag?post=113303"}],"curies":[{"name":"wp","href":"https:\/\/api.w.org\/{rel}","templated":true}]}}