{"id":188645,"date":"2025-12-30T17:08:17","date_gmt":"2025-12-30T16:08:17","guid":{"rendered":"https:\/\/pradorey.es\/?post_type=product&#038;p=188645"},"modified":"2026-02-03T17:58:29","modified_gmt":"2026-02-03T16:58:29","slug":"pradorey-finca-la-recorba-%e3%83%97%e3%83%a9%e3%83%89%e3%83%ac%e3%82%a4%e3%83%bb%e3%83%95%e3%82%a3%e3%83%b3%e3%82%ab%e3%83%bb%e3%83%a9%e3%83%bb%e3%83%ac%e3%82%b3%e3%83%ab%e3%83%90-copia","status":"publish","type":"product","link":"https:\/\/pradorey.es\/ja\/vinos-pradorey-ja\/pradorey-finca-la-recorba-%E3%83%97%E3%83%A9%E3%83%89%E3%83%AC%E3%82%A4%E3%83%95%E3%82%A3%E3%83%B3%E3%82%AB%E3%83%A9%E3%83%AC%E3%82%B3%E3%83%AB%E3%83%90-copia\/","title":{"rendered":"El Mir\u00f3n"},"content":{"rendered":"<h3>&#8211; \u8fb2\u5712<\/h3>\n<ul>\n<li>Pago Valdelayegua<\/li>\n<li>\u6a19\u9ad8\uff1a790 m\u301c820 m<\/li>\n<li>\u5357\u5411\u304d\u306e\u7de9\u3084\u304b\u306a\u659c\u9762\u3002\u30c9\u30a5\u30a8\u30ed\u5ddd\u3068\u30b0\u30ed\u30e1\u30db\u30f3\u5ddd\u306e\u8fd1\u304f<\/li>\n<li>\u77f3\u7070\u5ca9\u306e\u9732\u982d\u3092\u542b\u3080\u7802\u8cea\u58cc\u571f\u304a\u3088\u3073\u7c98\u571f\u8cea\u58cc\u571f<\/li>\n<li>\u30c6\u30f3\u30d7\u30e9\u30cb\u30fc\u30ea\u30e7 95 %\u3001\u30ab\u30d9\u30eb\u30cd\u30fb\u30bd\u30fc\u30f4\u30a3\u30cb\u30e8\u30f3 3 %\u3001\u30e1\u30eb\u30ed\u30fc 2 %<\/li>\n<li>\u624b\u6458\u307f\u53ce\u7a6b<\/li>\n<\/ul>\n<h3>&#8211; \u719f\u6210<\/h3>\n<ul>\n<li>\u30d5\u30e9\u30f3\u30b9\u7523\u30aa\u30fc\u30af\u6a3d\u3067 12 \u304b\u6708<\/li>\n<li>\u30cc\u30f4\u30a7\u30fc\u30eb\u7523\u6728\u88fd\u30b3\u30fc\u30f3\u3067 3 \u304b\u6708<\/li>\n<\/ul>\n<h3>&#8211; \u30c6\u30a4\u30b9\u30c6\u30a3\u30f3\u30b0<\/h3>\n<ul>\n<li>\u5916\u89b3\uff1a\u6fc3\u3044\u30c1\u30a7\u30ea\u30fc\u30ec\u30c3\u30c9\u3002<\/li>\n<li>\u9752\u307f\u3092\u5e2f\u3073\u305f\u5f37\u3044\u30cb\u30e5\u30a2\u30f3\u30b9\u3001\u6fc3\u5bc6\u3067\u8f1d\u304d\u306e\u3042\u308b\u8272\u8abf<\/li>\n<li>\u9999\u308a\uff1a\u5f37\u3044\u30a2\u30ed\u30de\u3002\u6a3d\u719f\u6210\u306b\u3088\u308b\u307b\u306e\u304b\u306a\u7518\u307f\u3092\u4f34\u3046\u719f\u3057\u305f\u8d64\u3044\u679c\u5b9f\u304c\u4e3b\u5f79<\/li>\n<li>\u30df\u30cd\u30e9\u30eb\u611f\u3001\u30d0\u30eb\u30b5\u30df\u30c3\u30af\u306a\u30cb\u30e5\u30a2\u30f3\u30b9\u3068\u8907\u96d1\u306a\u80cc\u666f<\/li>\n<li>\u5473\u308f\u3044\uff1a\u53e3\u5f53\u305f\u308a\u304c\u826f\u304f\u3001\u4e38\u307f\u306e\u3042\u308b\u30bf\u30f3\u30cb\u30f3\u3068\u5fc3\u5730\u3088\u3044\u30d5\u30ec\u30c3\u30b7\u30e5\u3055\u3002\u98a8<\/li>\n<li>\u8c4a\u304b\u3067\u30d3\u30ed\u30fc\u30c9\u306e\u3088\u3046\u306a\u4f59\u97fb\u3001\u679c\u5b9f\u5473\u304c\u975e\u5e38\u306b\u51dd\u7e2e<\/li>\n<\/ul>\n<h3>&#8211; \u30da\u30a2\u30ea\u30f3\u30b0<\/h3>\n<ul>\n<li>\u30ed\u30fc\u30b9\u30c8\u6599\u7406\u3084\u30b8\u30d3\u30a8<\/li>\n<li>\u9244\u677f\u713c\u304d\u307e\u305f\u306f\u70ad\u706b\u713c\u304d\u306e\u8d64\u8eab\u8089<\/li>\n<li>\u719f\u6210\u3057\u305f\u30b9\u30d1\u30a4\u30b7\u30fc\u306a\u30c1\u30fc\u30ba<\/li>\n<\/ul>\n<h3>&#8211; \u53d7\u8cde\u6b74<\/h3>\n<ul>\n<li>90 \u70b9\u3001Gu\u00eda Pe\u00f1\u00edn 2017<\/li>\n<li>\u9285\u8cde\u3001International Wine &amp; Spirits Competition 2016<\/li>\n<li>\u9285\u8cde\u3001Decanter 2016<\/li>\n<\/ul>\n","protected":false},"excerpt":{"rendered":"<div class=\"flex max-w-full flex-col grow\">\n<div class=\"min-h-8 text-message relative flex w-full flex-col items-end gap-2 text-start break-words whitespace-normal [.text-message+&amp;]:mt-1\" dir=\"auto\" data-message-author-role=\"assistant\" data-message-id=\"d4f16208-7a40-41b1-867f-b6a2b4b98d0d\" data-message-model-slug=\"gpt-5-2\">\n<div class=\"flex w-full flex-col gap-1 empty:hidden first:pt-[1px]\">\n<div class=\"markdown prose dark:prose-invert w-full wrap-break-word light markdown-new-styling\">\n<p data-start=\"0\" data-end=\"33\" data-is-last-node=\"\" data-is-only-node=\"\">\u65b0\u3057\u3044\u30ea\u30d9\u30e9\u30fb\u30c7\u30eb\u30fb\u30c9\u30a5\u30a8\u30ed\u3092\u6620\u3057\u51fa\u3059\u3001\u30d5\u30ec\u30c3\u30b7\u30e5\u3067\u73fe\u4ee3\u7684\u306a\u30ef\u30a4\u30f3<\/p>\n<\/div>\n<\/div>\n<\/div>\n<\/div>\n<div class=\"z-0 flex min-h-[46px] justify-start\"><\/div>\n","protected":false},"featured_media":188766,"template":"","meta":{"_acf_changed":false},"product_brand":[],"product_cat":[459],"product_tag":[520],"class_list":{"0":"post-188645","1":"product","2":"type-product","3":"status-publish","4":"has-post-thumbnail","6":"product_cat-vinos-pradorey-ja","7":"product_tag-urbanita-ja","9":"first","10":"instock","11":"taxable","12":"shipping-taxable","13":"purchasable","14":"product-type-simple"},"acf":[],"_links":{"self":[{"href":"https:\/\/pradorey.es\/ja\/wp-json\/wp\/v2\/product\/188645","targetHints":{"allow":["GET"]}}],"collection":[{"href":"https:\/\/pradorey.es\/ja\/wp-json\/wp\/v2\/product"}],"about":[{"href":"https:\/\/pradorey.es\/ja\/wp-json\/wp\/v2\/types\/product"}],"version-history":[{"count":1,"href":"https:\/\/pradorey.es\/ja\/wp-json\/wp\/v2\/product\/188645\/revisions"}],"predecessor-version":[{"id":189938,"href":"https:\/\/pradorey.es\/ja\/wp-json\/wp\/v2\/product\/188645\/revisions\/189938"}],"wp:featuredmedia":[{"embeddable":true,"href":"https:\/\/pradorey.es\/ja\/wp-json\/wp\/v2\/media\/188766"}],"wp:attachment":[{"href":"https:\/\/pradorey.es\/ja\/wp-json\/wp\/v2\/media?parent=188645"}],"wp:term":[{"taxonomy":"product_brand","embeddable":true,"href":"https:\/\/pradorey.es\/ja\/wp-json\/wp\/v2\/product_brand?post=188645"},{"taxonomy":"product_cat","embeddable":true,"href":"https:\/\/pradorey.es\/ja\/wp-json\/wp\/v2\/product_cat?post=188645"},{"taxonomy":"product_tag","embeddable":true,"href":"https:\/\/pradorey.es\/ja\/wp-json\/wp\/v2\/product_tag?post=188645"}],"curies":[{"name":"wp","href":"https:\/\/api.w.org\/{rel}","templated":true}]}}