{"id":132375,"date":"2023-02-20T12:20:00","date_gmt":"2023-02-20T11:20:00","guid":{"rendered":"https:\/\/pradorey.es\/tienda-online\/vino-blanco\/"},"modified":"2023-02-20T12:20:02","modified_gmt":"2023-02-20T11:20:02","slug":"vino-blanco","status":"publish","type":"page","link":"https:\/\/pradorey.es\/ru\/tienda-online\/vino-blanco\/","title":{"rendered":"vino-blanco"},"content":{"rendered":"\t\t<div data-elementor-type=\"wp-page\" data-elementor-id=\"132375\" class=\"elementor elementor-132375 elementor-58694\" data-elementor-post-type=\"page\">\n\t\t\t\t\t\t<section class=\"elementor-section elementor-top-section elementor-element elementor-element-a29628d elementor-section-height-min-height elementor-section-boxed elementor-section-height-default elementor-section-items-middle\" data-id=\"a29628d\" data-element_type=\"section\" data-e-type=\"section\" data-settings=\"{&quot;background_background&quot;:&quot;classic&quot;,&quot;background_motion_fx_motion_fx_scrolling&quot;:&quot;yes&quot;,&quot;background_motion_fx_devices&quot;:[&quot;desktop&quot;]}\">\n\t\t\t\t\t\t\t<div class=\"elementor-background-overlay\"><\/div>\n\t\t\t\t\t\t\t<div class=\"elementor-container elementor-column-gap-default\">\n\t\t\t\t\t<div class=\"elementor-column elementor-col-50 elementor-top-column elementor-element elementor-element-c81e700 animated-slow elementor-invisible\" data-id=\"c81e700\" data-element_type=\"column\" data-e-type=\"column\" data-settings=\"{&quot;animation&quot;:&quot;fadeIn&quot;}\">\n\t\t\t<div class=\"elementor-widget-wrap elementor-element-populated\">\n\t\t\t\t\t\t<div class=\"elementor-element elementor-element-5843bc6 elementor-widget elementor-widget-heading\" data-id=\"5843bc6\" data-element_type=\"widget\" data-e-type=\"widget\" data-widget_type=\"heading.default\">\n\t\t\t\t<div class=\"elementor-widget-container\">\n\t\t\t\t\t<h1 class=\"elementor-heading-title elementor-size-large\">Vino Blanco Ribera del Duero<\/h1>\t\t\t\t<\/div>\n\t\t\t\t<\/div>\n\t\t\t\t<div class=\"elementor-element elementor-element-98c73e1 elementor-widget elementor-widget-spacer\" data-id=\"98c73e1\" data-element_type=\"widget\" data-e-type=\"widget\" data-widget_type=\"spacer.default\">\n\t\t\t\t<div class=\"elementor-widget-container\">\n\t\t\t\t\t\t\t<div class=\"elementor-spacer\">\n\t\t\t<div class=\"elementor-spacer-inner\"><\/div>\n\t\t<\/div>\n\t\t\t\t\t\t<\/div>\n\t\t\t\t<\/div>\n\t\t\t\t\t<\/div>\n\t\t<\/div>\n\t\t\t\t<div class=\"elementor-column elementor-col-50 elementor-top-column elementor-element elementor-element-f0146a6\" data-id=\"f0146a6\" data-element_type=\"column\" data-e-type=\"column\">\n\t\t\t<div class=\"elementor-widget-wrap\">\n\t\t\t\t\t\t\t<\/div>\n\t\t<\/div>\n\t\t\t\t\t<\/div>\n\t\t<\/section>\n\t\t\t\t<section class=\"elementor-section elementor-top-section elementor-element elementor-element-c248b09 elementor-section-boxed elementor-section-height-default elementor-section-height-default\" data-id=\"c248b09\" data-element_type=\"section\" data-e-type=\"section\" data-settings=\"{&quot;background_background&quot;:&quot;classic&quot;}\">\n\t\t\t\t\t\t<div class=\"elementor-container elementor-column-gap-default\">\n\t\t\t\t\t<div class=\"elementor-column elementor-col-100 elementor-top-column elementor-element elementor-element-410a704\" data-id=\"410a704\" data-element_type=\"column\" data-e-type=\"column\">\n\t\t\t<div class=\"elementor-widget-wrap elementor-element-populated\">\n\t\t\t\t\t\t<div class=\"elementor-element elementor-element-ced9b29 elementor-widget elementor-widget-text-editor\" data-id=\"ced9b29\" data-element_type=\"widget\" data-e-type=\"widget\" data-widget_type=\"text-editor.default\">\n\t\t\t\t<div class=\"elementor-widget-container\">\n\t\t\t\t\t\t\t\t\t<p>Diferentes variedades y elaboraciones dan una gran amplitud a nuestro cat\u00e1logo de blancos. Desde el a\u00f1o 2013 hacemos el \u00fanico \u201cblanc de noirs\u201d de la Ribera del Duero, un vino blanco creado desde la libertad y la autenticidad de nuestro vi\u00f1edo. Adem\u00e1s, estamos recuperando la tradici\u00f3n de variedades aut\u00f3ctonas perdidas en el tiempo, esperando que en un futuro cercano podamos ser referentes de vino blanco en la Ribera del Duero.<\/p>\n\t\t\t\t\t\t\t\t<\/div>\n\t\t\t\t<\/div>\n\t\t\t\t\t<\/div>\n\t\t<\/div>\n\t\t\t\t\t<\/div>\n\t\t<\/section>\n\t\t<div class=\"elementor-element elementor-element-69a004d e-flex e-con-boxed e-con e-parent\" data-id=\"69a004d\" data-element_type=\"container\" data-e-type=\"container\">\n\t\t\t\t\t<div class=\"e-con-inner\">\n\t\t\t\t<div class=\"elementor-element elementor-element-65255c7 premium-woo-product-align-center premium-qv-hidden-yes elementor-widget elementor-widget-premium-woo-products\" data-id=\"65255c7\" data-element_type=\"widget\" data-e-type=\"widget\" data-widget_type=\"premium-woo-products.grid-1\">\n\t\t\t\t<div class=\"elementor-widget-container\">\n\t\t\t\t\t<div class=\"premium-woocommerce premium-woo-products-grid premium-woo-skin-grid-1 premium-woo-query-custom\" data-page-id=\"132375\" data-skin=\"grid_1\" data-quick-view=\"\"><div class=\"premium-woo-products-inner premium-woo-product__hover-zoomin\"><ul class=\"products columns-2\">\n\r\n<li class=\" post-112999 product first instock taxable shipping-taxable purchasable product-type-simple\">\r\n\t<div class=\"premium-woo-product-wrapper premium-con-lq__none\">\r\n\t\t<div class=\"premium-woo-product-thumbnail\"><a href=\"https:\/\/pradorey.es\/ru\/%D0%B2%D0%B8%D0%BD%D0%B0\/el-cuentista\/\" class=\"woocommerce-LoopProduct-link woocommerce-loop-product__link\"><img decoding=\"async\" src=\"https:\/\/pradorey.es\/wp-content\/uploads\/2019\/04\/Pradorey-El-Cuentista.png\" alt=\"Pradorey-cuentista\"><\/a><\/div><div class=\"premium-woo-products-details-wrap\"><a href=\"https:\/\/pradorey.es\/ru\/%D0%B2%D0%B8%D0%BD%D0%B0\/el-cuentista\/\" class=\"premium-woo-product__link\"><h2 class=\"woocommerce-loop-product__title\">EL Cuentista<\/h2><\/a><div class=\"premium-woo-product-desc\">\u0411\u0435\u043b\u043e\u0435 \u0432\u0438\u043d\u043e \u0438\u0437 \u0442\u0435\u043c\u043d\u043e\u0433\u043e \u0432\u0438\u043d\u043e\u0433\u0440\u0430\u0434\u0430 (\"Blanc de Noirs\")<\/div>\n\t<span class=\"price\"><span class=\"woocommerce-Price-amount amount\"><bdi>20,00&nbsp;<span class=\"woocommerce-Price-currencySymbol\">&euro;<\/span><\/bdi><\/span><\/span>\n<div class=\"premium-woo-atc-button\" ><a href=\"\/ru\/wp-json\/wp\/v2\/pages\/132375?add-to-cart=112999\" aria-describedby=\"woocommerce_loop_add_to_cart_link_describedby_112999\" data-quantity=\"1\" class=\"button product_type_simple add_to_cart_button ajax_add_to_cart\" data-product_id=\"112999\" data-product_sku=\"CTB\" aria-label=\"\u0414\u043e\u0431\u0430\u0432\u0438\u0442\u044c \u0432 \u043a\u043e\u0440\u0437\u0438\u043d\u0443 &ldquo;EL Cuentista&rdquo;\" rel=\"nofollow\" data-success_message=\"\u00abEL Cuentista\u00bb \u0434\u043e\u0431\u0430\u0432\u043b\u0435\u043d \u0432 \u0432\u0430\u0448\u0443 \u043a\u043e\u0440\u0437\u0438\u043d\u0443\">\u0412 \u043a\u043e\u0440\u0437\u0438\u043d\u0443<\/a>\t<span id=\"woocommerce_loop_add_to_cart_link_describedby_112999\" class=\"screen-reader-text\">\n\t\t\t<\/span>\n<\/div><\/div>\t<\/div>\r\n<\/li>\r\n\r\n<li class=\" post-169049 product last instock taxable shipping-taxable purchasable product-type-simple\">\r\n\t<div class=\"premium-woo-product-wrapper premium-con-lq__none\">\r\n\t\t<div class=\"premium-woo-product-thumbnail\"><a href=\"https:\/\/pradorey.es\/ru\/vinos-pradorey-ru\/pradorey-finca-los-quemados\/\" class=\"woocommerce-LoopProduct-link woocommerce-loop-product__link\"><img decoding=\"async\" src=\"https:\/\/pradorey.es\/wp-content\/uploads\/2025\/03\/Pradorey-Finca-Los-Quemados-scaled.webp\" alt=\"\"><\/a><\/div><div class=\"premium-woo-products-details-wrap\"><a href=\"https:\/\/pradorey.es\/ru\/vinos-pradorey-ru\/pradorey-finca-los-quemados\/\" class=\"premium-woo-product__link\"><h2 class=\"woocommerce-loop-product__title\">PRADOREY Finca Los Quemados (\u041f\u0420\u0410\u0414\u041e\u0420\u0415\u0419 \u0424\u0418\u041d\u041a\u0410 \u041b\u041e\u0421 \u041a\u0415\u041c\u0410\u0414\u041e\u0421)<\/h2><\/a><div class=\"premium-woo-product-desc\">\u0410\u0432\u0442\u043e\u0445\u0442\u043e\u043d\u043d\u043e\u0435 \u0431\u0435\u043b\u043e\u0435 \u0432\u0438\u043d\u043e \u0438\u0437 \u0420\u0438\u0431\u0435\u0440\u044b-\u0434\u0435\u043b\u044c-\u0414\u0443\u044d\u0440\u043e<\/div>\n\t<span class=\"price\"><span class=\"woocommerce-Price-amount amount\"><bdi>15,00&nbsp;<span class=\"woocommerce-Price-currencySymbol\">&euro;<\/span><\/bdi><\/span><\/span>\n<div class=\"premium-woo-atc-button\" ><a href=\"\/ru\/wp-json\/wp\/v2\/pages\/132375?add-to-cart=169049\" aria-describedby=\"woocommerce_loop_add_to_cart_link_describedby_169049\" data-quantity=\"1\" class=\"button product_type_simple add_to_cart_button ajax_add_to_cart\" data-product_id=\"169049\" data-product_sku=\"\" aria-label=\"\u0414\u043e\u0431\u0430\u0432\u0438\u0442\u044c \u0432 \u043a\u043e\u0440\u0437\u0438\u043d\u0443 &ldquo;PRADOREY Finca Los Quemados (\u041f\u0420\u0410\u0414\u041e\u0420\u0415\u0419 \u0424\u0418\u041d\u041a\u0410 \u041b\u041e\u0421 \u041a\u0415\u041c\u0410\u0414\u041e\u0421)&rdquo;\" rel=\"nofollow\" data-success_message=\"\u00abPRADOREY Finca Los Quemados (\u041f\u0420\u0410\u0414\u041e\u0420\u0415\u0419 \u0424\u0418\u041d\u041a\u0410 \u041b\u041e\u0421 \u041a\u0415\u041c\u0410\u0414\u041e\u0421)\u00bb \u0434\u043e\u0431\u0430\u0432\u043b\u0435\u043d \u0432 \u0432\u0430\u0448\u0443 \u043a\u043e\u0440\u0437\u0438\u043d\u0443\">\u0412 \u043a\u043e\u0440\u0437\u0438\u043d\u0443<\/a>\t<span id=\"woocommerce_loop_add_to_cart_link_describedby_169049\" class=\"screen-reader-text\">\n\t\t\t<\/span>\n<\/div><\/div>\t<\/div>\r\n<\/li>\r\n<\/ul>\n<\/div><\/div>\t\t\t\t<\/div>\n\t\t\t\t<\/div>\n\t\t\t\t\t<\/div>\n\t\t\t\t<\/div>\n\t\t\t\t<section class=\"elementor-section elementor-top-section elementor-element elementor-element-45c10eb elementor-section-boxed elementor-section-height-default elementor-section-height-default\" data-id=\"45c10eb\" data-element_type=\"section\" data-e-type=\"section\">\n\t\t\t\t\t\t<div class=\"elementor-container elementor-column-gap-default\">\n\t\t\t\t\t<div class=\"elementor-column elementor-col-100 elementor-top-column elementor-element elementor-element-a236d09\" data-id=\"a236d09\" data-element_type=\"column\" data-e-type=\"column\">\n\t\t\t<div class=\"elementor-widget-wrap elementor-element-populated\">\n\t\t\t\t\t\t<div class=\"elementor-element elementor-element-4708c74 elementor-widget elementor-widget-text-editor\" data-id=\"4708c74\" data-element_type=\"widget\" data-e-type=\"widget\" data-widget_type=\"text-editor.default\">\n\t\t\t\t<div class=\"elementor-widget-container\">\n\t\t\t\t\t\t\t\t\t<p>Si los blancos no est\u00e1n hechos para ti, no te pierdas nuestra selecci\u00f3n de<strong><a href=\"https:\/\/pradorey.es\/ru\/tienda-online\/vino-tinto\/\"> vinos tintos<\/a><\/strong> ni la de <a href=\"https:\/\/pradorey.es\/tienda-online\/vino-rosado\/\"><strong>vinos rosados<\/strong><\/a>.<\/p>\n\t\t\t\t\t\t\t\t<\/div>\n\t\t\t\t<\/div>\n\t\t\t\t\t<\/div>\n\t\t<\/div>\n\t\t\t\t\t<\/div>\n\t\t<\/section>\n\t\t\t\t<\/div>\n\t\t","protected":false},"excerpt":{"rendered":"<p>Vino Blanco Ribera del Duero Diferentes variedades y elaboraciones dan una gran amplitud a nuestro cat\u00e1logo de blancos. Desde el a\u00f1o 2013 hacemos el \u00fanico \u201cblanc de noirs\u201d de la Ribera del Duero, un vino blanco creado desde la libertad y la autenticidad de nuestro vi\u00f1edo. Adem\u00e1s, estamos recuperando la tradici\u00f3n de variedades aut\u00f3ctonas perdidas [&hellip;]<\/p>\n","protected":false},"author":4801,"featured_media":0,"parent":131873,"menu_order":0,"comment_status":"closed","ping_status":"closed","template":"elementor_header_footer","meta":{"_acf_changed":false,"footnotes":""},"class_list":["post-132375","page","type-page","status-publish","hentry"],"acf":[],"_links":{"self":[{"href":"https:\/\/pradorey.es\/ru\/wp-json\/wp\/v2\/pages\/132375","targetHints":{"allow":["GET"]}}],"collection":[{"href":"https:\/\/pradorey.es\/ru\/wp-json\/wp\/v2\/pages"}],"about":[{"href":"https:\/\/pradorey.es\/ru\/wp-json\/wp\/v2\/types\/page"}],"author":[{"embeddable":true,"href":"https:\/\/pradorey.es\/ru\/wp-json\/wp\/v2\/users\/4801"}],"replies":[{"embeddable":true,"href":"https:\/\/pradorey.es\/ru\/wp-json\/wp\/v2\/comments?post=132375"}],"version-history":[{"count":0,"href":"https:\/\/pradorey.es\/ru\/wp-json\/wp\/v2\/pages\/132375\/revisions"}],"up":[{"embeddable":true,"href":"https:\/\/pradorey.es\/ru\/wp-json\/wp\/v2\/pages\/131873"}],"wp:attachment":[{"href":"https:\/\/pradorey.es\/ru\/wp-json\/wp\/v2\/media?parent=132375"}],"curies":[{"name":"wp","href":"https:\/\/api.w.org\/{rel}","templated":true}]}}