{"id":188646,"date":"2025-12-30T17:08:17","date_gmt":"2025-12-30T16:08:17","guid":{"rendered":"https:\/\/pradorey.es\/?post_type=product&#038;p=188646"},"modified":"2026-02-03T17:50:28","modified_gmt":"2026-02-03T16:50:28","slug":"pradorey-finca-la-recorba-pradorey-%d1%83%d1%81%d0%b0%d0%b4%d1%8c%d0%b1%d0%b0-%d0%bb%d0%b0-%d1%80%d0%b5%d0%ba%d0%be%d1%80%d0%b1%d0%b0-copia","status":"publish","type":"product","link":"https:\/\/pradorey.es\/ru\/vinos-pradorey-ru\/pradorey-finca-la-recorba-pradorey-%D1%83%D1%81%D0%B0%D0%B4%D1%8C%D0%B1%D0%B0-%D0%BB%D0%B0-%D1%80%D0%B5%D0%BA%D0%BE%D1%80%D0%B1%D0%B0-copia\/","title":{"rendered":"El Mir\u00f3n"},"content":{"rendered":"<h3 data-start=\"0\" data-end=\"276\">&#8212; \u0412\u0438\u043d\u043e\u0433\u0440\u0430\u0434\u043d\u0438\u043a<\/h3>\n<ul>\n<li data-start=\"0\" data-end=\"276\">Pago Valdelayegua<\/li>\n<li data-start=\"0\" data-end=\"276\">\u0412\u044b\u0441\u043e\u0442\u0430: \u043e\u0442 790 \u043c \u0434\u043e 820 \u043c<\/li>\n<li data-start=\"0\" data-end=\"276\">\u041f\u043e\u043b\u043e\u0433\u0438\u0435 \u0441\u043a\u043b\u043e\u043d\u044b, \u043e\u0440\u0438\u0435\u043d\u0442\u0438\u0440\u043e\u0432\u0430\u043d\u043d\u044b\u0435 \u043d\u0430 \u044e\u0433, \u0440\u044f\u0434\u043e\u043c \u0441 \u0440\u0435\u043a\u0430\u043c\u0438 \u0414\u0443\u044d\u0440\u043e \u0438 \u0413\u0440\u043e\u043c\u0435\u0445\u043e\u043d<\/li>\n<li data-start=\"0\" data-end=\"276\">\u0421\u0443\u043f\u0435\u0441\u0447\u0430\u043d\u044b\u0435 \u0438 \u0441\u0443\u0433\u043b\u0438\u043d\u0438\u0441\u0442\u043e-\u0433\u043b\u0438\u043d\u0438\u0441\u0442\u044b\u0435<\/li>\n<li data-start=\"0\" data-end=\"276\">\u043f\u043e\u0447\u0432\u044b \u0441 \u0438\u0437\u0432\u0435\u0441\u0442\u043d\u044f\u043a\u043e\u0432\u044b\u043c\u0438 \u0432\u044b\u0445\u043e\u0434\u0430\u043c\u0438<\/li>\n<li data-start=\"0\" data-end=\"276\">95 % \u0422\u0435\u043c\u043f\u0440\u0430\u043d\u0438\u043b\u044c\u043e, 3 % \u041a\u0430\u0431\u0435\u0440\u043d\u0435 \u0421\u043e\u0432\u0438\u043d\u044c\u043e\u043d \u0438 2 % \u041c\u0435\u0440\u043b\u043e<\/li>\n<li data-start=\"0\" data-end=\"276\">\u0420\u0443\u0447\u043d\u043e\u0439 \u0441\u0431\u043e\u0440 \u0443\u0440\u043e\u0436\u0430\u044f<\/li>\n<\/ul>\n<h3 data-start=\"278\" data-end=\"377\">&#8212; \u0412\u044b\u0434\u0435\u0440\u0436\u043a\u0430<\/h3>\n<ul>\n<li data-start=\"278\" data-end=\"377\">12 \u043c\u0435\u0441\u044f\u0446\u0435\u0432 \u0432 \u0431\u043e\u0447\u043a\u0430\u0445 \u0438\u0437 \u0444\u0440\u0430\u043d\u0446\u0443\u0437\u0441\u043a\u043e\u0433\u043e \u0434\u0443\u0431\u0430<\/li>\n<li data-start=\"278\" data-end=\"377\">3 \u043c\u0435\u0441\u044f\u0446\u0430 \u0432 \u0434\u0435\u0440\u0435\u0432\u044f\u043d\u043d\u044b\u0445 \u043a\u043e\u043d\u0443\u0441\u0430\u0445 \u0438\u0437 \u0434\u0443\u0431\u0430 \u041d\u0435\u0432\u0435\u0440<\/li>\n<\/ul>\n<h3 data-start=\"379\" data-end=\"807\">&#8212; \u0414\u0435\u0433\u0443\u0441\u0442\u0430\u0446\u0438\u044f<\/h3>\n<ul>\n<li data-start=\"379\" data-end=\"807\">\u0412\u041d\u0415\u0428\u041d\u0418\u0419 \u0412\u0418\u0414: \u0426\u0432\u0435\u0442 \u043a\u0440\u0430\u0441\u043d\u043e\u0439 \u0432\u0438\u0448\u043d\u0438 (\u043f\u0438\u043a\u043e\u0442\u0430) \u0441 \u0438\u043d\u0442\u0435\u043d\u0441\u0438\u0432\u043d\u044b\u043c\u0438 \u0441\u0438\u043d\u0435\u0432\u0430\u0442\u044b\u043c\u0438 \u043e\u0442\u0442\u0435\u043d\u043a\u0430\u043c\u0438, \u043d\u0430\u0441\u044b\u0449\u0435\u043d\u043d\u044b\u0439 \u0438 \u044f\u0440\u043a\u0438\u0439<\/li>\n<li data-start=\"379\" data-end=\"807\">\u0410\u0420\u041e\u041c\u0410\u0422: \u0412\u044b\u0441\u043e\u043a\u0430\u044f \u0438\u043d\u0442\u0435\u043d\u0441\u0438\u0432\u043d\u043e\u0441\u0442\u044c. \u041f\u0440\u0435\u043e\u0431\u043b\u0430\u0434\u0430\u044e\u0442 \u0441\u043f\u0435\u043b\u044b\u0435 \u043a\u0440\u0430\u0441\u043d\u044b\u0435 \u0444\u0440\u0443\u043a\u0442\u044b \u0441\u043e \u0441\u043b\u0430\u0434\u043a\u043e\u0432\u0430\u0442\u044b\u043c\u0438 \u043d\u043e\u0442\u0430\u043c\u0438, \u043f\u043e\u043b\u0443\u0447\u0435\u043d\u043d\u044b\u043c\u0438 \u0431\u043b\u0430\u0433\u043e\u0434\u0430\u0440\u044f \u0432\u044b\u0434\u0435\u0440\u0436\u043a\u0435 \u0432 \u0431\u043e\u0447\u043a\u0435. \u041c\u0438\u043d\u0435\u0440\u0430\u043b\u044c\u043d\u044b\u0439, \u0431\u0430\u043b\u044c\u0437\u0430\u043c\u0438\u0447\u0435\u0441\u043a\u0438\u0439 \u0438 \u0441\u043b\u043e\u0436\u043d\u044b\u0439 \u0444\u043e\u043d<\/li>\n<li data-start=\"379\" data-end=\"807\">\u0412\u041a\u0423\u0421: \u041d\u0430\u0441\u044b\u0449\u0435\u043d\u043d\u044b\u0439 \u0438 \u0432\u044b\u0440\u0430\u0437\u0438\u0442\u0435\u043b\u044c\u043d\u044b\u0439, \u0441 \u043e\u043a\u0440\u0443\u0433\u043b\u044b\u043c\u0438 \u0442\u0430\u043d\u0438\u043d\u0430\u043c\u0438 \u0438 \u043f\u0440\u0438\u044f\u0442\u043d\u043e\u0439 \u0441\u0432\u0435\u0436\u0435\u0441\u0442\u044c\u044e. \u0412\u043a\u0443\u0441\u043d\u043e\u0435, \u0431\u0430\u0440\u0445\u0430\u0442\u0438\u0441\u0442\u043e\u0435 \u043f\u043e\u0441\u043b\u0435\u0432\u043a\u0443\u0441\u0438\u0435 \u0441 \u0432\u044b\u0441\u043e\u043a\u043e\u0439 \u043a\u043e\u043d\u0446\u0435\u043d\u0442\u0440\u0430\u0446\u0438\u0435\u0439 \u0444\u0440\u0443\u043a\u0442\u043e\u0432<\/li>\n<\/ul>\n<h3 data-start=\"809\" data-end=\"931\">&#8212; \u0413\u0430\u0441\u0442\u0440\u043e\u043d\u043e\u043c\u0438\u0447\u0435\u0441\u043a\u0438\u0435 \u0441\u043e\u0447\u0435\u0442\u0430\u043d\u0438\u044f<\/h3>\n<ul>\n<li data-start=\"809\" data-end=\"931\">\u0417\u0430\u043f\u0435\u0447\u0451\u043d\u043d\u044b\u0435 \u0431\u043b\u044e\u0434\u0430 \u0438 \u0434\u0438\u0447\u044c<\/li>\n<li data-start=\"809\" data-end=\"931\">\u041a\u0440\u0430\u0441\u043d\u043e\u0435 \u043c\u044f\u0441\u043e \u043d\u0430 \u0433\u0440\u0438\u043b\u0435 \u0438\u043b\u0438 \u043d\u0430 \u0443\u0433\u043b\u044f\u0445<\/li>\n<li data-start=\"809\" data-end=\"931\">\u0412\u044b\u0434\u0435\u0440\u0436\u0430\u043d\u043d\u044b\u0435 \u0438 \u043f\u0438\u043a\u0430\u043d\u0442\u043d\u044b\u0435 \u0441\u044b\u0440\u044b<\/li>\n<\/ul>\n<h3 data-start=\"933\" data-end=\"1069\">&#8212; \u041d\u0430\u0433\u0440\u0430\u0434\u044b<\/h3>\n<ul>\n<li data-start=\"933\" data-end=\"1069\">90 \u0431\u0430\u043b\u043b\u043e\u0432, Gu\u00eda Pe\u00f1\u00edn 2017<br data-start=\"969\" data-end=\"972\" \/>\u0411\u0440\u043e\u043d\u0437\u043e\u0432\u0430\u044f \u043c\u0435\u0434\u0430\u043b\u044c,<\/li>\n<li data-start=\"933\" data-end=\"1069\">International Wine &amp; Spirits Competition 2016<\/li>\n<li data-start=\"933\" data-end=\"1069\">\u0411\u0440\u043e\u043d\u0437\u043e\u0432\u0430\u044f \u043c\u0435\u0434\u0430\u043b\u044c, Decanter 2016<\/li>\n<\/ul>\n","protected":false},"excerpt":{"rendered":"<div class=\"flex max-w-full flex-col grow\">\n<div class=\"min-h-8 text-message relative flex w-full flex-col items-end gap-2 text-start break-words whitespace-normal [.text-message+&amp;]:mt-1\" dir=\"auto\" data-message-author-role=\"assistant\" data-message-id=\"93ca9d16-595d-479d-9c8f-3bc5d0cdcee7\" data-message-model-slug=\"gpt-5-2\">\n<div class=\"flex w-full flex-col gap-1 empty:hidden first:pt-[1px]\">\n<div class=\"markdown prose dark:prose-invert w-full wrap-break-word light markdown-new-styling\">\n<p data-start=\"0\" data-end=\"61\" data-is-last-node=\"\" data-is-only-node=\"\">\u0421\u0432\u0435\u0436\u0435\u0435 \u0438 \u0441\u043e\u0432\u0440\u0435\u043c\u0435\u043d\u043d\u043e\u0435 \u0432\u0438\u043d\u043e, \u043e\u0442\u0440\u0430\u0436\u0430\u044e\u0449\u0435\u0435 \u043d\u043e\u0432\u0443\u044e \u0420\u0438\u0431\u0435\u0440\u0430-\u0434\u0435\u043b\u044c-\u0414\u0443\u044d\u0440\u043e<\/p>\n<\/div>\n<\/div>\n<\/div>\n<\/div>\n","protected":false},"featured_media":188767,"template":"","meta":{"_acf_changed":false},"product_brand":[],"product_cat":[458],"product_tag":[522],"class_list":{"0":"post-188646","1":"product","2":"type-product","3":"status-publish","4":"has-post-thumbnail","6":"product_cat-vinos-pradorey-ru","7":"product_tag-urbanita-ru","9":"first","10":"instock","11":"taxable","12":"shipping-taxable","13":"purchasable","14":"product-type-simple"},"acf":[],"_links":{"self":[{"href":"https:\/\/pradorey.es\/ru\/wp-json\/wp\/v2\/product\/188646","targetHints":{"allow":["GET"]}}],"collection":[{"href":"https:\/\/pradorey.es\/ru\/wp-json\/wp\/v2\/product"}],"about":[{"href":"https:\/\/pradorey.es\/ru\/wp-json\/wp\/v2\/types\/product"}],"version-history":[{"count":1,"href":"https:\/\/pradorey.es\/ru\/wp-json\/wp\/v2\/product\/188646\/revisions"}],"predecessor-version":[{"id":189940,"href":"https:\/\/pradorey.es\/ru\/wp-json\/wp\/v2\/product\/188646\/revisions\/189940"}],"wp:featuredmedia":[{"embeddable":true,"href":"https:\/\/pradorey.es\/ru\/wp-json\/wp\/v2\/media\/188767"}],"wp:attachment":[{"href":"https:\/\/pradorey.es\/ru\/wp-json\/wp\/v2\/media?parent=188646"}],"wp:term":[{"taxonomy":"product_brand","embeddable":true,"href":"https:\/\/pradorey.es\/ru\/wp-json\/wp\/v2\/product_brand?post=188646"},{"taxonomy":"product_cat","embeddable":true,"href":"https:\/\/pradorey.es\/ru\/wp-json\/wp\/v2\/product_cat?post=188646"},{"taxonomy":"product_tag","embeddable":true,"href":"https:\/\/pradorey.es\/ru\/wp-json\/wp\/v2\/product_tag?post=188646"}],"curies":[{"name":"wp","href":"https:\/\/api.w.org\/{rel}","templated":true}]}}