{"id":132381,"date":"2023-02-20T12:22:16","date_gmt":"2023-02-20T11:22:16","guid":{"rendered":"https:\/\/pradorey.es\/tienda-online\/vino-rosado\/"},"modified":"2023-02-20T12:22:18","modified_gmt":"2023-02-20T11:22:18","slug":"vino-rosado","status":"publish","type":"page","link":"https:\/\/pradorey.es\/zh-hans\/tienda-online\/vino-rosado\/","title":{"rendered":"vino-rosado"},"content":{"rendered":"\t\t<div data-elementor-type=\"wp-page\" data-elementor-id=\"132381\" class=\"elementor elementor-132381 elementor-58696\" data-elementor-post-type=\"page\">\n\t\t\t\t\t\t<section class=\"elementor-section elementor-top-section elementor-element elementor-element-f667efa elementor-section-height-min-height elementor-section-boxed elementor-section-height-default elementor-section-items-middle\" data-id=\"f667efa\" data-element_type=\"section\" data-e-type=\"section\" data-settings=\"{&quot;background_background&quot;:&quot;classic&quot;,&quot;background_motion_fx_motion_fx_scrolling&quot;:&quot;yes&quot;,&quot;background_motion_fx_devices&quot;:[&quot;desktop&quot;]}\">\n\t\t\t\t\t\t\t<div class=\"elementor-background-overlay\"><\/div>\n\t\t\t\t\t\t\t<div class=\"elementor-container elementor-column-gap-default\">\n\t\t\t\t\t<div class=\"elementor-column elementor-col-50 elementor-top-column elementor-element elementor-element-4656cfc animated-slow elementor-invisible\" data-id=\"4656cfc\" data-element_type=\"column\" data-e-type=\"column\" data-settings=\"{&quot;animation&quot;:&quot;fadeIn&quot;}\">\n\t\t\t<div class=\"elementor-widget-wrap elementor-element-populated\">\n\t\t\t\t\t\t<div class=\"elementor-element elementor-element-89e3ec7 elementor-widget elementor-widget-heading\" data-id=\"89e3ec7\" data-element_type=\"widget\" data-e-type=\"widget\" data-widget_type=\"heading.default\">\n\t\t\t\t<div class=\"elementor-widget-container\">\n\t\t\t\t\t<h1 class=\"elementor-heading-title elementor-size-large\">Vino ROSADO Ribera del Duero<\/h1>\t\t\t\t<\/div>\n\t\t\t\t<\/div>\n\t\t\t\t<div class=\"elementor-element elementor-element-9217bcb elementor-widget elementor-widget-spacer\" data-id=\"9217bcb\" data-element_type=\"widget\" data-e-type=\"widget\" data-widget_type=\"spacer.default\">\n\t\t\t\t<div class=\"elementor-widget-container\">\n\t\t\t\t\t\t\t<div class=\"elementor-spacer\">\n\t\t\t<div class=\"elementor-spacer-inner\"><\/div>\n\t\t<\/div>\n\t\t\t\t\t\t<\/div>\n\t\t\t\t<\/div>\n\t\t\t\t\t<\/div>\n\t\t<\/div>\n\t\t\t\t<div class=\"elementor-column elementor-col-50 elementor-top-column elementor-element elementor-element-e43643f\" data-id=\"e43643f\" data-element_type=\"column\" data-e-type=\"column\">\n\t\t\t<div class=\"elementor-widget-wrap\">\n\t\t\t\t\t\t\t<\/div>\n\t\t<\/div>\n\t\t\t\t\t<\/div>\n\t\t<\/section>\n\t\t<div class=\"elementor-element elementor-element-62cde44 e-flex e-con-boxed e-con e-parent\" data-id=\"62cde44\" data-element_type=\"container\" data-e-type=\"container\">\n\t\t\t\t\t<div class=\"e-con-inner\">\n\t\t\t\t<div class=\"elementor-element elementor-element-c702de5 premium-woo-product-align-center premium-qv-hidden-yes elementor-widget elementor-widget-premium-woo-products\" data-id=\"c702de5\" data-element_type=\"widget\" data-e-type=\"widget\" data-widget_type=\"premium-woo-products.grid-1\">\n\t\t\t\t<div class=\"elementor-widget-container\">\n\t\t\t\t\t<div class=\"premium-woocommerce premium-woo-products-grid premium-woo-skin-grid-1 premium-woo-query-custom\" data-page-id=\"132381\" data-skin=\"grid_1\" data-quick-view=\"\"><div class=\"premium-woo-products-inner premium-woo-product__hover-zoomin\"><ul class=\"products columns-2\">\n\n<li class=\" post-169057 product first instock taxable shipping-taxable purchasable product-type-simple\">\n\t<div class=\"premium-woo-product-wrapper premium-con-lq__none\">\n\t\t<div class=\"premium-woo-product-thumbnail\"><a href=\"https:\/\/pradorey.es\/zh-hans\/vinos-pradorey-zh-hans\/pradorey-finca-la-recorba\/\" class=\"woocommerce-LoopProduct-link woocommerce-loop-product__link\"><img decoding=\"async\" src=\"https:\/\/pradorey.es\/wp-content\/uploads\/2025\/03\/Pradorey-Finca-La-Recorba-scaled.webp\" alt=\"\"><\/a><\/div><div class=\"premium-woo-products-details-wrap\"><a href=\"https:\/\/pradorey.es\/zh-hans\/vinos-pradorey-zh-hans\/pradorey-finca-la-recorba\/\" class=\"premium-woo-product__link\"><h2 class=\"woocommerce-loop-product__title\">\u666e\u62c9\u591a\u96f7 Finca La Recorba<\/h2><\/a><div class=\"premium-woo-product-desc\">\u4e00\u6b3e\u6309\u7167\u675c\u7f57\u6cb3\u5cb8\u4f20\u7edf\u5de5\u827a\u917f\u9020\u7684\u6843\u7ea2\u8461\u8404\u9152\u3002<\/div>\n\t<span class=\"price\"><span class=\"woocommerce-Price-amount amount\"><bdi>15,00&nbsp;<span class=\"woocommerce-Price-currencySymbol\">&euro;<\/span><\/bdi><\/span><\/span>\n<div class=\"premium-woo-atc-button\" ><a href=\"\/zh-hans\/wp-json\/wp\/v2\/pages\/132381?add-to-cart=169057\" aria-describedby=\"woocommerce_loop_add_to_cart_link_describedby_169057\" data-quantity=\"1\" class=\"button product_type_simple add_to_cart_button ajax_add_to_cart\" data-product_id=\"169057\" data-product_sku=\"\" aria-label=\"\u52a0\u5165\u8d2d\u7269\u8f66\uff1a\u201c\u666e\u62c9\u591a\u96f7 Finca La Recorba\u201d\" rel=\"nofollow\" data-success_message=\"\u201c\u666e\u62c9\u591a\u96f7 Finca La Recorba\u201d\u5df2\u6dfb\u52a0\u5230\u60a8\u7684\u8d2d\u7269\u8f66\">\u52a0\u5165\u8d2d\u7269\u8f66<\/a>\t<span id=\"woocommerce_loop_add_to_cart_link_describedby_169057\" class=\"screen-reader-text\">\n\t\t\t<\/span>\n<\/div><\/div>\t<\/div>\n<\/li>\n\n<li class=\" post-113087 product last outofstock taxable shipping-taxable purchasable product-type-simple\">\n\t<div class=\"premium-woo-product-wrapper premium-con-lq__none\">\n\t\t<div class=\"premium-woo-product-thumbnail\"><span class=\"pa-out-of-stock\">SOLD OUT<\/span><a href=\"https:\/\/pradorey.es\/zh-hans\/%E6%88%91%E4%BB%AC%E7%9A%84%E8%91%A1%E8%90%84%E9%85%92\/pradorey-rosado-fermentado\/\" class=\"woocommerce-LoopProduct-link woocommerce-loop-product__link\"><img decoding=\"async\" src=\"https:\/\/pradorey.es\/wp-content\/uploads\/2019\/04\/Pradorey-Rosado.png\" alt=\"Pradorey-Rosado\"><\/a><\/div><div class=\"premium-woo-products-details-wrap\"><a href=\"https:\/\/pradorey.es\/zh-hans\/%E6%88%91%E4%BB%AC%E7%9A%84%E8%91%A1%E8%90%84%E9%85%92\/pradorey-rosado-fermentado\/\" class=\"premium-woo-product__link\"><h2 class=\"woocommerce-loop-product__title\">PRADOREY Rosado<\/h2><\/a><div class=\"premium-woo-product-desc\">2\u30ab\u6708\u9593\u6a3d\u3067\u719f\u6210<\/div>\n\t<span class=\"price\"><span class=\"woocommerce-Price-amount amount\"><bdi>9,95&nbsp;<span class=\"woocommerce-Price-currencySymbol\">&euro;<\/span><\/bdi><\/span><\/span>\n<div class=\"premium-woo-atc-button\" data-variations=&quot;true&quot;><a href=\"https:\/\/pradorey.es\/zh-hans\/%E6%88%91%E4%BB%AC%E7%9A%84%E8%91%A1%E8%90%84%E9%85%92\/pradorey-rosado-fermentado\/\" aria-describedby=\"woocommerce_loop_add_to_cart_link_describedby_113087\" data-quantity=\"1\" class=\"button product_type_simple\" data-product_id=\"113087\" data-product_sku=\"PRS\" aria-label=\"\u8be6\u7ec6\u4e86\u89e3 &ldquo;PRADOREY Rosado&rdquo;\" rel=\"nofollow\" data-success_message=\"\">\u9605\u8bfb\u66f4\u591a<\/a>\t<span id=\"woocommerce_loop_add_to_cart_link_describedby_113087\" class=\"screen-reader-text\">\n\t\t\t<\/span>\n<\/div><\/div>\t<\/div>\n<\/li>\n<\/ul>\n<\/div><\/div>\t\t\t\t<\/div>\n\t\t\t\t<\/div>\n\t\t\t\t\t<\/div>\n\t\t\t\t<\/div>\n\t\t\t\t<section class=\"elementor-section elementor-top-section elementor-element elementor-element-0c499c3 elementor-section-boxed elementor-section-height-default elementor-section-height-default\" data-id=\"0c499c3\" data-element_type=\"section\" data-e-type=\"section\">\n\t\t\t\t\t\t<div class=\"elementor-container elementor-column-gap-default\">\n\t\t\t\t\t<div class=\"elementor-column elementor-col-100 elementor-top-column elementor-element elementor-element-e49d972\" data-id=\"e49d972\" data-element_type=\"column\" data-e-type=\"column\">\n\t\t\t<div class=\"elementor-widget-wrap elementor-element-populated\">\n\t\t\t\t\t\t<div class=\"elementor-element elementor-element-5f4a6c0 elementor-widget elementor-widget-text-editor\" data-id=\"5f4a6c0\" data-element_type=\"widget\" data-e-type=\"widget\" data-widget_type=\"text-editor.default\">\n\t\t\t\t<div class=\"elementor-widget-container\">\n\t\t\t\t\t\t\t\t\t<p style=\"text-align: center;\"><em><strong>Selecci\u00f3n de vinos rosados de la Ribera del Duero.<\/strong><\/em><\/p>\n<p style=\"text-align: justify;\">En Pradorey te invitamos a descubrir y disfrutar con nuestra exclusiva selecci\u00f3n de <strong>vino rosado<\/strong>, donde encontrar\u00e1s un vino fresco, elegante y con un agradable sabor, ideal para beberlo en cualquier momento del d\u00eda. Se convertir\u00e1 en uno de tus imprescindibles.<\/p>\n<p style=\"text-align: justify;\">Somos una de las bodegas de <strong>vino rosado de la Ribera del Duero<\/strong> m\u00e1s reconocidas, con una gran experiencia en la elaboraci\u00f3n de vinos con mucha personalidad y car\u00e1cter con los que hemos recuperado la tradici\u00f3n de los antiguos lagares de nuestra zona, donde se elaboran los cl\u00e1sicos claretes.<\/p>\n<p style=\"text-align: justify;\">Con el <strong>vino rosado PradoRey<\/strong> podr\u00e1s hacer un viaje por la historia vitivin\u00edcola de la Ribera del Duero burgalesa, comenzando por lo m\u00e1s ancestral hasta llegar a la vanguardia, donde te encontrar\u00e1s con vinos innovadores que no dejar\u00e1n de sorprenderte.<\/p>\n<h2 style=\"text-align: center;\"><strong>Vino rosado PradoRey, no podr\u00e1s resistirte <\/strong><\/h2>\n<p style=\"text-align: center;\"><strong><em>Caldos rosados que nunca dejan de sorprender<\/em><\/strong>.<\/p>\n<p style=\"text-align: justify;\">El <strong>vino rosado Pradorey<\/strong> es ideal para conquistar a los paladares m\u00e1s j\u00f3venes e inexpertos, e introducirles en el apasionante mundo del vino. F\u00e1ciles de beber por su frescor, estructura y agradable sabor, muy pocos ser\u00e1n capaces de resistirse.<\/p>\n<p style=\"text-align: justify;\">Para <strong>elaborar nuestros vinos rosados extraemos lo mejor de nuestra uva,<\/strong> cultivada en nuestras 520 hect\u00e1reas de vi\u00f1edo propio, a m\u00e1s de 800 metros de altitud, donde se dan las mejores condiciones. La vendimia la realizamos de modo manual para garantizar la perfecci\u00f3n en todas y cada una de nuestras uvas.<\/p>\n<p style=\"text-align: justify;\">Trataremos de conquistarte a tu paladar a trav\u00e9s del <strong>vino rosado Pradorey<\/strong>, donde contamos con dos vinos aptos para todos los gustos a los que no podr\u00e1s decirles que no.<\/p>\n<p style=\"text-align: justify;\">Nuestro <strong>vino rosado fermentado Pradorey 50% Merlot \u2013 50% Tempranillo<\/strong> est\u00e1 considerado como uno de los mejores vinos rosados de Espa\u00f1a, e incluso del mundo. Si eres amante de los rosados, r\u00e1pidamente incluir\u00e1s este vino en tu lista de imprescindibles.<\/p>\n<p style=\"text-align: justify;\">Un rosado <strong>fermentado durante tres meses en barricas de roble franc\u00e9s<\/strong>, con un intenso color frambuesa, un aroma muy elegante y un delicioso sabor, cremoso y lleno de recuerdos. Te acompa\u00f1ar\u00e1 en tus momentos m\u00e1s especiales.<\/p>\n<p style=\"text-align: justify;\">Sin olvidarnos del <strong>vino rosado L\u00eda<\/strong>, uno de los vinos m\u00e1s innovadores de Pradorey, que puede presumir de ser <strong>el primer Blush Ros\u00e9 de la Ribera del Duero<\/strong>. Sonrosado y arom\u00e1tico, es ideal para la \u00e9poca estival, aportando un frescor en cada sorbo que te invitar\u00e1 a fantasear y con el que el disfrute estar\u00e1 garantizado.<\/p>\n<p style=\"text-align: justify;\">Elaborado <strong>100% con tempranillo<\/strong>, mantiene la estructura y equilibrio propios de esta variedad de uva. Un vino de corta maceraci\u00f3n con un punto de dulzor, ideal para poner la guinda a tus aperitivos, platos fr\u00edos o quesos cremosos. Te enamorar\u00e1.<\/p>\n<p style=\"text-align: justify;\">Por mucha experiencia que tengas en el mundo de los caldos, te garantizamos que <strong>el vino rosado Pradorey nunca dejar\u00e1 de sorprenderte<\/strong>. Un vino que armoniza con la mayor\u00eda de sabores y potenciar\u00e1 tus platos m\u00e1s especiales, aport\u00e1ndoles el exclusivo y caracter\u00edstico aroma de nuestros vinos.<\/p>\n<p style=\"text-align: justify;\">Si te consideras amante de los rosados, en Pradorey podr\u00e1s degustar nuestros <strong>vinos rosados de la Ribera del Duero<\/strong> c\u00f3modamente y sin desplazarte. Date una vuelta por nuestro cat\u00e1logo, realiza tu pedido y nosotros nos encargaremos de entreg\u00e1rtelo en tu domicilio para que \u00fanicamente te preocupes de disfrutar.<\/p>\n<p style=\"text-align: justify;\">Y si lo tuyo no es el rosado, no te pierdas nuestra selecci\u00f3n de\u00a0<strong><a href=\"https:\/\/pradorey.es\/zh-hans\/tienda-online\/vino-tinto\/\" target=\"_blank\" rel=\"noopener\">vino tinto<\/a><\/strong>\u00a0y <strong><a href=\"https:\/\/pradorey.es\/zh-hans\/tienda-online\/vino-blanco\/\">vino blanco<\/a><\/strong>, donde encontrar\u00e1s el vino perfecto para ti.<\/p>\n\t\t\t\t\t\t\t\t<\/div>\n\t\t\t\t<\/div>\n\t\t\t\t\t<\/div>\n\t\t<\/div>\n\t\t\t\t\t<\/div>\n\t\t<\/section>\n\t\t\t\t<\/div>\n\t\t","protected":false},"excerpt":{"rendered":"<p>Vino ROSADO Ribera del Duero SOLD OUT PRADOREY Rosado 2 [&hellip;]<\/p>\n","protected":false},"author":4801,"featured_media":0,"parent":131840,"menu_order":0,"comment_status":"closed","ping_status":"closed","template":"elementor_header_footer","meta":{"_acf_changed":false,"footnotes":""},"class_list":["post-132381","page","type-page","status-publish","hentry"],"acf":[],"_links":{"self":[{"href":"https:\/\/pradorey.es\/zh-hans\/wp-json\/wp\/v2\/pages\/132381","targetHints":{"allow":["GET"]}}],"collection":[{"href":"https:\/\/pradorey.es\/zh-hans\/wp-json\/wp\/v2\/pages"}],"about":[{"href":"https:\/\/pradorey.es\/zh-hans\/wp-json\/wp\/v2\/types\/page"}],"author":[{"embeddable":true,"href":"https:\/\/pradorey.es\/zh-hans\/wp-json\/wp\/v2\/users\/4801"}],"replies":[{"embeddable":true,"href":"https:\/\/pradorey.es\/zh-hans\/wp-json\/wp\/v2\/comments?post=132381"}],"version-history":[{"count":0,"href":"https:\/\/pradorey.es\/zh-hans\/wp-json\/wp\/v2\/pages\/132381\/revisions"}],"up":[{"embeddable":true,"href":"https:\/\/pradorey.es\/zh-hans\/wp-json\/wp\/v2\/pages\/131840"}],"wp:attachment":[{"href":"https:\/\/pradorey.es\/zh-hans\/wp-json\/wp\/v2\/media?parent=132381"}],"curies":[{"name":"wp","href":"https:\/\/api.w.org\/{rel}","templated":true}]}}